{"id":34874,"date":"2020-12-11T08:50:29","date_gmt":"2020-12-11T07:50:29","guid":{"rendered":"https:\/\/www.campingkings.com\/?page_id=34874"},"modified":"2025-09-10T09:45:23","modified_gmt":"2025-09-10T07:45:23","slug":"planol-del-camping","status":"publish","type":"page","link":"https:\/\/www.campingkings.com\/pl\/planol-del-camping\/","title":{"rendered":"Mapa kempingu"},"content":{"rendered":"\n<figure class=\"wp-block-image alignwide size-full only-desktop\"><img loading=\"lazy\" decoding=\"async\" width=\"1200\" height=\"842\" src=\"https:\/\/www.campingkings.com\/wp-content\/uploads\/plano-camping-kings-horizontal-2-1.jpg\" alt=\"\" class=\"wp-image-40503\" srcset=\"https:\/\/www.campingkings.com\/wp-content\/uploads\/plano-camping-kings-horizontal-2-1.jpg 1200w, https:\/\/www.campingkings.com\/wp-content\/uploads\/plano-camping-kings-horizontal-2-1-512x359.jpg 512w, https:\/\/www.campingkings.com\/wp-content\/uploads\/plano-camping-kings-horizontal-2-1-900x632.jpg 900w, https:\/\/www.campingkings.com\/wp-content\/uploads\/plano-camping-kings-horizontal-2-1-250x175.jpg 250w\" sizes=\"auto, (max-width: 1200px) 100vw, 1200px\" \/><\/figure>\n\n\n\n<figure class=\"wp-block-image size-full only-mobile\"><img loading=\"lazy\" decoding=\"async\" width=\"842\" height=\"1200\" src=\"https:\/\/www.campingkings.com\/wp-content\/uploads\/plano-camping-kings-vertical-842x1200-1-1.jpg\" alt=\"\" class=\"wp-image-40495\" srcset=\"https:\/\/www.campingkings.com\/wp-content\/uploads\/plano-camping-kings-vertical-842x1200-1-1.jpg 842w, https:\/\/www.campingkings.com\/wp-content\/uploads\/plano-camping-kings-vertical-842x1200-1-1-359x512.jpg 359w, https:\/\/www.campingkings.com\/wp-content\/uploads\/plano-camping-kings-vertical-842x1200-1-1-758x1080.jpg 758w, https:\/\/www.campingkings.com\/wp-content\/uploads\/plano-camping-kings-vertical-842x1200-1-1-505x720.jpg 505w, https:\/\/www.campingkings.com\/wp-content\/uploads\/plano-camping-kings-vertical-842x1200-1-1-175x250.jpg 175w\" sizes=\"auto, (max-width: 842px) 100vw, 842px\" \/><\/figure>\n","protected":false},"excerpt":{"rendered":"","protected":false},"author":2,"featured_media":0,"parent":0,"menu_order":4,"comment_status":"closed","ping_status":"closed","template":"","meta":{"_acf_changed":false,"_monsterinsights_skip_tracking":false,"_monsterinsights_sitenote_active":false,"_monsterinsights_sitenote_note":"","_monsterinsights_sitenote_category":0,"footnotes":""},"class_list":["post-34874","page","type-page","status-publish","hentry"],"acf":[],"yoast_head":"<!-- This site is optimized with the Yoast SEO plugin v26.6 - https:\/\/yoast.com\/wordpress\/plugins\/seo\/ -->\n<title>Mapa kempingu - Camping King&#039;s<\/title>\n<meta name=\"description\" content=\"Niezale\u017cnie od tego, czy chcesz znale\u017a\u0107 swoje miejsce na kempingu, czy te\u017c zapozna\u0107 si\u0119 z naszymi obiektami, zapraszamy do skorzystania z naszej mapy!\" \/>\n<meta name=\"robots\" content=\"index, follow, max-snippet:-1, max-image-preview:large, max-video-preview:-1\" \/>\n<link rel=\"canonical\" href=\"https:\/\/www.campingkings.com\/pl\/planol-del-camping\/\" \/>\n<meta property=\"og:locale\" content=\"pl_PL\" \/>\n<meta property=\"og:type\" content=\"article\" \/>\n<meta property=\"og:title\" content=\"Mapa kempingu - Camping King&#039;s\" \/>\n<meta property=\"og:description\" content=\"Niezale\u017cnie od tego, czy chcesz znale\u017a\u0107 swoje miejsce na kempingu, czy te\u017c zapozna\u0107 si\u0119 z naszymi obiektami, zapraszamy do skorzystania z naszej mapy!\" \/>\n<meta property=\"og:url\" content=\"https:\/\/www.campingkings.com\/pl\/planol-del-camping\/\" \/>\n<meta property=\"og:site_name\" content=\"Camping King&#039;s\" \/>\n<meta property=\"article:publisher\" content=\"https:\/\/www.facebook.com\/kingslafosca\/\" \/>\n<meta property=\"article:modified_time\" content=\"2025-09-10T07:45:23+00:00\" \/>\n<meta property=\"og:image\" content=\"https:\/\/www.campingkings.com\/wp-content\/uploads\/plano-camping-kings-horizontal-2-1.jpg\" \/>\n<meta name=\"twitter:card\" content=\"summary_large_image\" \/>\n<meta name=\"twitter:label1\" content=\"Szacowany czas czytania\" \/>\n\t<meta name=\"twitter:data1\" content=\"1 minuta\" \/>\n<script type=\"application\/ld+json\" class=\"yoast-schema-graph\">{\"@context\":\"https:\/\/schema.org\",\"@graph\":[{\"@type\":\"WebPage\",\"@id\":\"https:\/\/www.campingkings.com\/pl\/planol-del-camping\/\",\"url\":\"https:\/\/www.campingkings.com\/pl\/planol-del-camping\/\",\"name\":\"Mapa kempingu - Camping King&#039;s\",\"isPartOf\":{\"@id\":\"https:\/\/www.campingkings.com\/pl\/#website\"},\"primaryImageOfPage\":{\"@id\":\"https:\/\/www.campingkings.com\/pl\/planol-del-camping\/#primaryimage\"},\"image\":{\"@id\":\"https:\/\/www.campingkings.com\/pl\/planol-del-camping\/#primaryimage\"},\"thumbnailUrl\":\"https:\/\/www.campingkings.com\/wp-content\/uploads\/plano-camping-kings-horizontal-2-1.jpg\",\"datePublished\":\"2020-12-11T07:50:29+00:00\",\"dateModified\":\"2025-09-10T07:45:23+00:00\",\"description\":\"Niezale\u017cnie od tego, czy chcesz znale\u017a\u0107 swoje miejsce na kempingu, czy te\u017c zapozna\u0107 si\u0119 z naszymi obiektami, zapraszamy do skorzystania z naszej mapy!\",\"breadcrumb\":{\"@id\":\"https:\/\/www.campingkings.com\/pl\/planol-del-camping\/#breadcrumb\"},\"inLanguage\":\"pl-PL\",\"potentialAction\":[{\"@type\":\"ReadAction\",\"target\":[\"https:\/\/www.campingkings.com\/pl\/planol-del-camping\/\"]}]},{\"@type\":\"ImageObject\",\"inLanguage\":\"pl-PL\",\"@id\":\"https:\/\/www.campingkings.com\/pl\/planol-del-camping\/#primaryimage\",\"url\":\"https:\/\/www.campingkings.com\/wp-content\/uploads\/plano-camping-kings-horizontal-2-1.jpg\",\"contentUrl\":\"https:\/\/www.campingkings.com\/wp-content\/uploads\/plano-camping-kings-horizontal-2-1.jpg\"},{\"@type\":\"BreadcrumbList\",\"@id\":\"https:\/\/www.campingkings.com\/pl\/planol-del-camping\/#breadcrumb\",\"itemListElement\":[{\"@type\":\"ListItem\",\"position\":1,\"name\":\"Camping King's\",\"item\":\"https:\/\/www.campingkings.com\/pl\/\"},{\"@type\":\"ListItem\",\"position\":2,\"name\":\"Mapa kempingu\"}]},{\"@type\":\"WebSite\",\"@id\":\"https:\/\/www.campingkings.com\/pl\/#website\",\"url\":\"https:\/\/www.campingkings.com\/pl\/\",\"name\":\"Camping King&#039;s\",\"description\":\"Al cor de la Costa Brava, a Palam\u00f3s, a 200m. de la platja de La Fosca.\",\"publisher\":{\"@id\":\"https:\/\/www.campingkings.com\/pl\/#organization\"},\"potentialAction\":[{\"@type\":\"SearchAction\",\"target\":{\"@type\":\"EntryPoint\",\"urlTemplate\":\"https:\/\/www.campingkings.com\/pl\/?s={search_term_string}\"},\"query-input\":{\"@type\":\"PropertyValueSpecification\",\"valueRequired\":true,\"valueName\":\"search_term_string\"}}],\"inLanguage\":\"pl-PL\"},{\"@type\":\"Organization\",\"@id\":\"https:\/\/www.campingkings.com\/pl\/#organization\",\"name\":\"Camping King's\",\"url\":\"https:\/\/www.campingkings.com\/pl\/\",\"logo\":{\"@type\":\"ImageObject\",\"inLanguage\":\"pl-PL\",\"@id\":\"https:\/\/www.campingkings.com\/pl\/#\/schema\/logo\/image\/\",\"url\":\"https:\/\/www.campingkings.com\/wp-content\/uploads\/logo-kings.svg\",\"contentUrl\":\"https:\/\/www.campingkings.com\/wp-content\/uploads\/logo-kings.svg\",\"width\":57,\"height\":28,\"caption\":\"Camping King's\"},\"image\":{\"@id\":\"https:\/\/www.campingkings.com\/pl\/#\/schema\/logo\/image\/\"},\"sameAs\":[\"https:\/\/www.facebook.com\/kingslafosca\/\"]}]}<\/script>\n<!-- \/ Yoast SEO plugin. -->","yoast_head_json":{"title":"Mapa kempingu - Camping King&#039;s","description":"Niezale\u017cnie od tego, czy chcesz znale\u017a\u0107 swoje miejsce na kempingu, czy te\u017c zapozna\u0107 si\u0119 z naszymi obiektami, zapraszamy do skorzystania z naszej mapy!","robots":{"index":"index","follow":"follow","max-snippet":"max-snippet:-1","max-image-preview":"max-image-preview:large","max-video-preview":"max-video-preview:-1"},"canonical":"https:\/\/www.campingkings.com\/pl\/planol-del-camping\/","og_locale":"pl_PL","og_type":"article","og_title":"Mapa kempingu - Camping King&#039;s","og_description":"Niezale\u017cnie od tego, czy chcesz znale\u017a\u0107 swoje miejsce na kempingu, czy te\u017c zapozna\u0107 si\u0119 z naszymi obiektami, zapraszamy do skorzystania z naszej mapy!","og_url":"https:\/\/www.campingkings.com\/pl\/planol-del-camping\/","og_site_name":"Camping King&#039;s","article_publisher":"https:\/\/www.facebook.com\/kingslafosca\/","article_modified_time":"2025-09-10T07:45:23+00:00","og_image":[{"url":"https:\/\/www.campingkings.com\/wp-content\/uploads\/plano-camping-kings-horizontal-2-1.jpg","type":"","width":"","height":""}],"twitter_card":"summary_large_image","twitter_misc":{"Szacowany czas czytania":"1 minuta"},"schema":{"@context":"https:\/\/schema.org","@graph":[{"@type":"WebPage","@id":"https:\/\/www.campingkings.com\/pl\/planol-del-camping\/","url":"https:\/\/www.campingkings.com\/pl\/planol-del-camping\/","name":"Mapa kempingu - Camping King&#039;s","isPartOf":{"@id":"https:\/\/www.campingkings.com\/pl\/#website"},"primaryImageOfPage":{"@id":"https:\/\/www.campingkings.com\/pl\/planol-del-camping\/#primaryimage"},"image":{"@id":"https:\/\/www.campingkings.com\/pl\/planol-del-camping\/#primaryimage"},"thumbnailUrl":"https:\/\/www.campingkings.com\/wp-content\/uploads\/plano-camping-kings-horizontal-2-1.jpg","datePublished":"2020-12-11T07:50:29+00:00","dateModified":"2025-09-10T07:45:23+00:00","description":"Niezale\u017cnie od tego, czy chcesz znale\u017a\u0107 swoje miejsce na kempingu, czy te\u017c zapozna\u0107 si\u0119 z naszymi obiektami, zapraszamy do skorzystania z naszej mapy!","breadcrumb":{"@id":"https:\/\/www.campingkings.com\/pl\/planol-del-camping\/#breadcrumb"},"inLanguage":"pl-PL","potentialAction":[{"@type":"ReadAction","target":["https:\/\/www.campingkings.com\/pl\/planol-del-camping\/"]}]},{"@type":"ImageObject","inLanguage":"pl-PL","@id":"https:\/\/www.campingkings.com\/pl\/planol-del-camping\/#primaryimage","url":"https:\/\/www.campingkings.com\/wp-content\/uploads\/plano-camping-kings-horizontal-2-1.jpg","contentUrl":"https:\/\/www.campingkings.com\/wp-content\/uploads\/plano-camping-kings-horizontal-2-1.jpg"},{"@type":"BreadcrumbList","@id":"https:\/\/www.campingkings.com\/pl\/planol-del-camping\/#breadcrumb","itemListElement":[{"@type":"ListItem","position":1,"name":"Camping King's","item":"https:\/\/www.campingkings.com\/pl\/"},{"@type":"ListItem","position":2,"name":"Mapa kempingu"}]},{"@type":"WebSite","@id":"https:\/\/www.campingkings.com\/pl\/#website","url":"https:\/\/www.campingkings.com\/pl\/","name":"Camping King&#039;s","description":"Al cor de la Costa Brava, a Palam\u00f3s, a 200m. de la platja de La Fosca.","publisher":{"@id":"https:\/\/www.campingkings.com\/pl\/#organization"},"potentialAction":[{"@type":"SearchAction","target":{"@type":"EntryPoint","urlTemplate":"https:\/\/www.campingkings.com\/pl\/?s={search_term_string}"},"query-input":{"@type":"PropertyValueSpecification","valueRequired":true,"valueName":"search_term_string"}}],"inLanguage":"pl-PL"},{"@type":"Organization","@id":"https:\/\/www.campingkings.com\/pl\/#organization","name":"Camping King's","url":"https:\/\/www.campingkings.com\/pl\/","logo":{"@type":"ImageObject","inLanguage":"pl-PL","@id":"https:\/\/www.campingkings.com\/pl\/#\/schema\/logo\/image\/","url":"https:\/\/www.campingkings.com\/wp-content\/uploads\/logo-kings.svg","contentUrl":"https:\/\/www.campingkings.com\/wp-content\/uploads\/logo-kings.svg","width":57,"height":28,"caption":"Camping King's"},"image":{"@id":"https:\/\/www.campingkings.com\/pl\/#\/schema\/logo\/image\/"},"sameAs":["https:\/\/www.facebook.com\/kingslafosca\/"]}]}},"_links":{"self":[{"href":"https:\/\/www.campingkings.com\/pl\/wp-json\/wp\/v2\/pages\/34874","targetHints":{"allow":["GET"]}}],"collection":[{"href":"https:\/\/www.campingkings.com\/pl\/wp-json\/wp\/v2\/pages"}],"about":[{"href":"https:\/\/www.campingkings.com\/pl\/wp-json\/wp\/v2\/types\/page"}],"author":[{"embeddable":true,"href":"https:\/\/www.campingkings.com\/pl\/wp-json\/wp\/v2\/users\/2"}],"replies":[{"embeddable":true,"href":"https:\/\/www.campingkings.com\/pl\/wp-json\/wp\/v2\/comments?post=34874"}],"version-history":[{"count":5,"href":"https:\/\/www.campingkings.com\/pl\/wp-json\/wp\/v2\/pages\/34874\/revisions"}],"predecessor-version":[{"id":40515,"href":"https:\/\/www.campingkings.com\/pl\/wp-json\/wp\/v2\/pages\/34874\/revisions\/40515"}],"wp:attachment":[{"href":"https:\/\/www.campingkings.com\/pl\/wp-json\/wp\/v2\/media?parent=34874"}],"curies":[{"name":"wp","href":"https:\/\/api.w.org\/{rel}","templated":true}]}}