{"id":34205,"date":"2020-12-04T14:56:36","date_gmt":"2020-12-04T13:56:36","guid":{"rendered":"https:\/\/www.campingkings.com\/?page_id=34205"},"modified":"2020-12-10T10:45:44","modified_gmt":"2020-12-10T09:45:44","slug":"parcela-przyczepa","status":"publish","type":"page","link":"https:\/\/www.campingkings.com\/pl\/allotjaments\/parcel%c2%b7la\/parcela-przyczepa\/","title":{"rendered":"Parcela pod przyczep\u0119 kempingow\u0105"},"content":{"rendered":"\n<h3 class=\"has-blank-3-green-color has-text-color wp-block-heading\">Parcela pod przyczep\u0119 kempingow\u0105<\/h3>\n\n\n\n<p>Jak\u017ce mi\u0142o jest latem odpocz\u0105\u0107 w cieniu! Zrelaksuj si\u0119 w naturalnym otoczeniu.<\/p>\n\n\n\n<div class=\"wp-block-columns is-layout-flex wp-container-core-columns-is-layout-9d6595d7 wp-block-columns-is-layout-flex\">\n<div class=\"wp-block-column is-layout-flow wp-block-column-is-layout-flow\" style=\"flex-basis:66.66%\"><!-- fold.php -->\n\n<style>\n\n<\/style>\n<script>\n    $(document).ready(function() {\n\n\n    });\n\n<\/script>\n    \n    <div id=\"fold-list-block_5de66e6916038\" class=\"\">\n                <div class=\"fold-list-wrapper\">\n\n                                                <div class=\"fold-inner\">\n                                <input type=\"checkbox\" id=\"faq-34\" name=\"faq-group\" checked>\n                <label for=\"faq-34\">Opis<span class=\"icon-left-arrow-chevron\"><\/span><\/label>\n                <div class=\"content-faq\"><ul>\n<li>Parcele zacienione, ograniczone drzewami i z przy\u0142\u0105czem elektrycznym (6 A).<\/li>\n<li>Jedna parcela na rodzin\u0119 (maksymalnie 6 os\u00f3b).<\/li>\n<li>Dozwolone s\u0105 tylko ma\u0142e i \u015brednie psy (maksymalnie 25 kg) (maksymalnie 2 na parcel\u0119).<\/li>\n<li>Psy tzw. ras niebezpiecznych i ich krzy\u017c\u00f3wki nie s\u0105 dozwolone.<\/li>\n<\/ul>\n<\/div>\n                            <\/div>\n                        <div class=\"fold-inner\">\n                                <input type=\"checkbox\" id=\"faq-35\" name=\"faq-group\" >\n                <label for=\"faq-35\">Dodatkowo (Opcionalnie)<span class=\"icon-left-arrow-chevron\"><\/span><\/label>\n                <div class=\"content-faq\">\n<ul class=\"wp-block-list\"><li>Pod\u0142\u0105czenie elektryczne 10A<\/li><li>Wynajem lod\u00f3wki<\/li><li>Wynajem adaptera (przej\u015bci\u00f3wki wtyczki)<\/li><li>WIFI<\/li><\/ul>\n\n\n\n<p class=\"is-style-default\"><\/p>\n\n<\/div>\n                            <\/div>\n                        <div class=\"fold-inner\">\n                                <input type=\"checkbox\" id=\"faq-36\" name=\"faq-group\" >\n                <label for=\"faq-36\">Warunki rezerwacji<span class=\"icon-left-arrow-chevron\"><\/span><\/label>\n                <div class=\"content-faq\">\n<ul class=\"wp-block-list\" id=\"block-e95cbced-18fc-48f0-a1d5-cf195ce39f3c\"><li>Rezerwacja nie zostanie potwierdzona, dop\u00f3ki nie wp\u0142ynie zaliczka w wysoko\u015bci 30% ca\u0142kowitej kwoty rezerwacji.<\/li><li><strong>Na tydzie\u0144 przed przyjazdem<\/strong> klient otrzyma e-mailem link umo\u017cliwiaj\u0105cy dokonanie <strong>ODPRAWY ONLINE<\/strong> oraz wp\u0142at\u0119 pozosta\u0142ej cz\u0119\u015b\u0107 nale\u017cno\u015bci za pobyt.<\/li><li>W przypadku rezerwacji z mniej ni\u017c 6-dniowym wyprzedzeniem, klient otrzyma e-mailem link do uiszczenia pe\u0142nej p\u0142atno\u015bci za pobyt i odprawy online.<\/li><li>Rezerwacja jest osobista.<\/li><li>Parcele wynajmuje si\u0119 dla cz\u0142onk\u00f3w jednej rodziny.<\/li><li>Je\u017celi w planowanym dniu klient si\u0119 nie stawi, rezerwacja zostanie automatycznie anulowana po godzinie 12:00 dnia nast\u0119pnego.<\/li><li>Klient mo\u017ce zawiadomi\u0107 e-mailem (maksymalnie 24 godziny przed dat\u0105 zameldowania) o przybyciu p\u00f3\u017aniejszym ni\u017c planowany termin, ale zobowi\u0105zany b\u0119dzie zap\u0142aci\u0107 pe\u0142n\u0105 kwot\u0119 pierwotnej rezerwacji. Podobnie, je\u015bli data wyjazdu zostanie przy\u015bpieszona, nale\u017cy ui\u015bci\u0107 pe\u0142n\u0105 kwot\u0119 pierwotnej rezerwacji.<\/li><li>Dzie\u0144 wyjazdu: wymeldowanie do godziny 12:00. W przypadku opuszczenia parceli po ustalonej godzinie wyjazdu, kemping ma prawo obci\u0105\u017cy\u0107 klienta kwot\u0105 za dodatkow\u0105 dob\u0119.<\/li><li>W momencie rezerwacji nie wyznacza si\u0119 konkretnego numeru parceli.<\/li><li>Kemping nie mo\u017ce zagwarantowa\u0107 cienia na parceli podczas ca\u0142ego dnia, nawet je\u015bli klient o to wyst\u0105pi\u0142 w momencie rezerwacji.<\/li><li>Po zainstalowaniu si\u0119 na parceli, nie mo\u017cna jej zmieni\u0107 bez zgody recepcji.<\/li><li>Je\u015bli klient jest nieobecny na kempingu, ale nadal zajmuje parcel\u0119 (pozostawi\u0142 namiot lub camper), op\u0142ata za ca\u0142\u0105 parcel\u0119, w tym dwie osoby, b\u0119dzie nadal naliczana.<\/li><li>Cena parceli nie podlega zmianie.<\/li><li>Kemping nie przyjmuje rezerwacji od os\u00f3b niepe\u0142noletnich.<\/li><li>Dozwolony jest wjazd jednego samochodu, nale\u017cy zaparkowa\u0107 go na parceli.<\/li><li>Psy s\u0105 dozwolone, o ile nie stanowi\u0105 zagro\u017cenia dla innych u\u017cytkownik\u00f3w kempingu.<\/li><li>Dozwolone s\u0105 tylko ma\u0142e i \u015brednie psy (maksymalnie 25 kg) (maksymalnie 2 na parcel\u0119). Klienci podr\u00f3\u017cuj\u0105cy z psami musz\u0105 przestrzega\u0107 aktualnego regulaminu kempingu, przedstawi\u0107 aktualn\u0105 ksi\u0105\u017ceczk\u0119 szczepie\u0144 oraz aktualne ubezpieczenie.<\/li><li>Psy ras uznanych za niebezpieczne lub ich krzy\u017c\u00f3wki nie s\u0105 dozwolone: \u200b\u200bAmerican Staffordshire terrier, Staffordshire Bull Terrier, Rottweiler, Pit-Bull Terrier, Argentine Dog, Doberman, Canary Prey Dog, Bull-Terrier, Fila Brasileiro, Bullmastiff, Dog z Bordeaux, Mastif Neapolita\u0144ski, Japo\u0144ska Tosa (Tosa Inu), Akita Inu.<\/li><\/ul>\n\n\n\n<p class=\"is-style-default\"><strong>Anulowanie rezerwacji:<\/strong><\/p>\n\n\n\n<ul class=\"wp-block-list\"><li>Zawsze za po\u015brednictwem poczty elektronicznej*<\/li><li>wi\u0119cej ni\u017c 42 dni przed planowan\u0105 dat\u0105 przybycia: zwrot 80% zaliczki<\/li><li>wi\u0119cej ni\u017c 14 dni: zwrot 50% zaliczki<\/li><li>mniej ni\u017c 14 dni: utrata zaliczki, nie dokonuje si\u0119 jej zwrotu<\/li><\/ul>\n\n\n\n<p class=\"is-style-default\">*dodatkowa kwota w wysoko\u015bci 15\u20ac zostanie potr\u0105cona w ramach procesu anulowania rezerwacji (bezzwrotna)<\/p>\n\n\n\n<p><\/p>\n\n<\/div>\n                            <\/div>\n                        <div class=\"fold-inner\">\n                                <input type=\"checkbox\" id=\"faq-37\" name=\"faq-group\" >\n                <label for=\"faq-37\">Ubezpieczenie od koszt\u00f3w rezygnacji<span class=\"icon-left-arrow-chevron\"><\/span><\/label>\n                <div class=\"content-faq\">\n<p>Dla Twojego spokoju podczas rezerwacji mo\u017cesz wykupi\u0107 ubezpieczenie od koszt\u00f3w anulacji.<\/p>\n\n\n\n<div class=\"wp-block-button is-style-outline is-style-outline--1\"><a class=\"wp-block-button__link has-blank-3-green-color has-text-color\" href=\"https:\/\/www.campingkings.com\/wp-content\/uploads\/ingles-summery-cover-of-the-policy-of-cancelling-reservations.pdf\" target=\"_blank\" rel=\"noreferrer noopener\">POBIERZ INFORMACJ\u0118<\/a><\/div>\n\n\n\n<div style=\"height:20px\" aria-hidden=\"true\" class=\"wp-block-spacer\"><\/div>\n\n\n\n<p class=\"is-style-default\"><\/p>\n\n<\/div>\n                            <\/div>\n                    <\/div>\n        \n    <\/div>\n\n\n<\/div>\n\n\n\n<div class=\"wp-block-column is-layout-flow wp-block-column-is-layout-flow\" style=\"flex-basis:33.33%\">\n<h3 class=\"has-blank-3-brown-color has-text-color wp-block-heading\">Dost\u0119pno\u015b\u0107<\/h3>\n\n\n<!-- booking.php -->\n\n\n\n<style>\n    article[id*=\"booking-block\"].no-category .widgetBookingContainer .categorySelector {\n        display: none;\n    }\n    article[id*=\"booking-block\"] .widgetBookingContainer .categorySelector,\n    article[id*=\"booking-block\"] .widgetBookingContainer .checkinCheckoutContainer .checkinContainer, article[id*=\"booking-block\"] .widgetBookingContainer .checkinCheckoutContainer .checkoutContainer {\n        width: 100%;\n        box-shadow: 0 0 10px #00000038;\n        border-radius: 5px;\n        overflow: hidden;\n        text-align: left;\n        padding: 10px;\n    }\n\n    article[id*=\"booking-block\"] .widgetBookingContainer .peopleContainer .adultsContainer, article[id*=\"booking-block\"] .widgetBookingContainer .peopleContainer .childsGroupContainer {\n        width: 50%;\n        box-shadow: 0 0 10px #00000038;\n        border-radius: 5px;\n        text-align: left;\n        padding: 6px;\n        height: 48px;\n        position: relative;\n    }\n    article[id*=\"booking-block\"] .widgetBookingContainer .checkinCheckoutContainer, article[id*=\"booking-block\"] .widgetBookingContainer .peopleContainer {\n        width: 100%;\n        display: flex;\n        flex-wrap: wrap;\n    }\n    article[id*=\"booking-block\"] .widgetBookingContainer {\n        padding: 0;\n        background: transparent;\n        display: flex;\n        flex-wrap: wrap;\n    }\n    article[id*=\"booking-block\"] .widgetBookingContainer .childAgeGroupContainer .childAgeContainer span.inputBox{\n        background-color: #05b2b8;\n        border-radius: 32px;\n        color: white;\n    }\narticle[id*=\"booking-block\"] .widgetBookingContainer .checkinCheckoutContainer label, article[id*=\"booking-block\"] .widgetBookingContainer .peopleContainer label:not(.childAgeLabel) {\n        display: none;\n    }\n    article[id*=\"booking-block\"] .widgetBookingContainer span.inputBox:hover{\n        border-color: transparent;\n    }\n    article[id*=\"booking-block\"] .widgetBookingContainer .categorySelector > span:after,\n    article[id*=\"booking-block\"] .datePicker span.inputBox:after{\n        display: none;\n    }\n    article[id*=\"booking-block\"] .datePicker span.inputBox:before{\n        content: \"\\e910\";\n        font-family: 'generic' !important;\n        color: #d6d6d6;\n        float: left;\n        font-size: 30px;\n        margin-right: 15px;\n    }\n    article[id*=\"booking-block\"] .peopleContainer .comboBox:after{\n        display: none;\n    }\n    article[id*=\"booking-block\"] .widgetBookingContainer .peopleContainer .adultsContainer {\n        margin-right: 3%;\n        width: 47%;\n    }\n    article[id*=\"booking-block\"] .widgetBookingContainer .childAgeGroupContainer .childAgeContainer div[class*=\"comboBox\"] {\n        margin: 0;\n    }\n    article[id*=\"booking-block\"] .widgetBookingContainer .childAgeGroupContainer .childAgeContainer {\n        background-color: #ffffff;\n        \/* box-shadow: 0 0 20px #00000040; *\/\n        margin-bottom: 0;\n    }\n    article[id*=\"booking-block\"] .widgetBookingContainer .childAgeGroupContainer {\n        box-shadow: 0 0 20px #00000040;\n        position: absolute;\n        bottom: 100%;\n        font-size: 12px;\n        right: 0px;\n        left: 0;\n        width: 100%;\n    }\n    .widgetBookingContainer button.searchButton:before {\n        content: \"Book Now\";\n        font-size: 14px;\n        margin-top: 3px;\n        width: 100%;\n        display: inline-block;\n    }\n    .widgetBookingContainer button.searchButton {\n        background-color: #05b2b8;\n        border-radius: 50px;\n        text-transform: uppercase;\n        letter-spacing: 2px;\n        margin: 0;\n        padding: 14px 20px;\n        line-height: 1;\n        font-size: 0;\n        text-align: center;\n    }\n    article[id*=\"booking-block\"] .widgetBookingContainer .searchButton {\n        order: 3;\n    }\n\n    article[id*=\"booking-block\"] .widgetBookingContainer .checkinCheckoutContainer {\n        order: 1;\n    }\n    article[id*=\"booking-block\"] .widgetBookingContainer .peopleContainer {\n        order: 0;\n    }\n    article[id*=\"booking-block\"] {\n        margin: 10px 0;\n    }\n    article[id*=\"booking-block\"] .widgetBookingContainer .childAgeContainer {\n        display: flex;\n    }\n\n    article[id*=\"booking-block\"] .widgetBookingContainer .peopleContainer label {\n        padding: 10px 5px;\n    }\n    a.boton-reservar{\n        border-radius: 50px;\n        text-transform: uppercase;\n        position: relative;\n        text-align: center;\n        display: inline-block;\n        padding: 10px 18px;\n        border: 2px solid #05b2b8;\n        color: #05b2b8;\n        background-color: white;\n    }\n<\/style>\n<script>\n\n\n<\/script>\n<!-- -->\n<article id=\"booking-block_5de66e6616037\" class=\"no-category\">\n        <script>\n        $(document).ready(function() {\n\n                var widget = new MasterWidget('widgetBookingContainer740', {\n                    lang: 'pl',\n                    idProperty: '314',categoryIds: [1],dropdown: true,\n                    url: 'https:\/\/booking.campingkings.com'\n                });\n\n\n            });\n\n            <\/script><div id=\"widgetBookingContainer740\"> <\/div>\n<\/article>\n\n<\/div>\n<\/div>\n\n\n\n<h3 class=\"has-blank-3-green-color has-text-color wp-block-heading\">Galeria zdj\u0119\u0107<\/h3>\n\n\n\n\n\n                    <style>\n\n\n        <\/style>\n        <article id=\"custom-gallery-block_5e2a98157acf5\" class=\"custom-gallery alignfull format-contain\" >\n                        \n            <script>\n            $(window).load(function() {\n\n\n                var slider = tns({\n                    nav: false,\n                    controls: true,\n                    container: '.id-gal481',\n                    items: 1,\n                    autoWidth: false,\n                    autoplay: false,\n                    mouseDrag: true,\n                    responsive: {\n                      0: {\n                        edgePadding: 0,\n                        items: 1\n                      },\n                      400: {\n                        edgePadding: 0,\n                        items: 1\n                      },\n\n                      600: {\n                        edgePadding: 150,\n                        items: 1\n                      },\n                      900: {\n                        edgePadding: 325,\n                        items: 1,\n                        gutter: 60,\n                      }\n                    }\n                  });\n                });\n\n            <\/script><div class=\"galeria clearfix galeria-carousel id-gal481\"><div class=\"item-slider cover\"><div class=\"inner-image cover\" style=\"background-image:url(https:\/\/www.campingkings.com\/wp-content\/uploads\/parcelas3-900x602.jpg)\"><\/div><\/div><div class=\"item-slider cover\"><div class=\"inner-image cover\" style=\"background-image:url(https:\/\/www.campingkings.com\/wp-content\/uploads\/acampada-kings-900x603.jpg)\"><\/div><\/div><div class=\"item-slider cover\"><div class=\"inner-image cover\" style=\"background-image:url(https:\/\/www.campingkings.com\/wp-content\/uploads\/parcelas2-900x675.jpg)\"><\/div><\/div><div class=\"item-slider cover\"><div class=\"inner-image cover\" style=\"background-image:url(https:\/\/www.campingkings.com\/wp-content\/uploads\/caravana-900x600.jpg)\"><\/div><\/div><div class=\"item-slider cover\"><div class=\"inner-image cover\" style=\"background-image:url(https:\/\/www.campingkings.com\/wp-content\/uploads\/parcela11.jpg)\"><\/div><\/div><div class=\"item-slider cover\"><div class=\"inner-image cover\" style=\"background-image:url(https:\/\/www.campingkings.com\/wp-content\/uploads\/caravana-2-900x648.jpg)\"><\/div><\/div><\/div>        <\/article>\n\n\n\n    \n\n\n","protected":false},"excerpt":{"rendered":"<p>Jak\u017ce mi\u0142o jest latem odpocz\u0105\u0107 w cieniu! Zrelaksuj si\u0119 w naturalnym otoczeniu.<\/p>\n","protected":false},"author":2,"featured_media":34194,"parent":34266,"menu_order":1,"comment_status":"closed","ping_status":"closed","template":"templates\/tmpl-alojamiento.php","meta":{"_acf_changed":false,"_monsterinsights_skip_tracking":false,"_monsterinsights_sitenote_active":false,"_monsterinsights_sitenote_note":"","_monsterinsights_sitenote_category":0,"footnotes":""},"class_list":["post-34205","page","type-page","status-publish","has-post-thumbnail","hentry"],"acf":[],"yoast_head":"<!-- This site is optimized with the Yoast SEO plugin v26.6 - https:\/\/yoast.com\/wordpress\/plugins\/seo\/ -->\n<title>Parcela pod przyczep\u0119 kempingow\u0105 - Camping King&#039;s<\/title>\n<meta name=\"description\" content=\"Jak\u017ce mi\u0142o jest latem odpocz\u0105\u0107 w cieniu! Zrelaksuj si\u0119 w naturalnym otoczeniu.\" \/>\n<meta name=\"robots\" content=\"index, follow, max-snippet:-1, max-image-preview:large, max-video-preview:-1\" \/>\n<link rel=\"canonical\" href=\"https:\/\/www.campingkings.com\/pl\/allotjaments\/parcel%c2%b7la\/parcela-przyczepa\/\" \/>\n<meta property=\"og:locale\" content=\"pl_PL\" \/>\n<meta property=\"og:type\" content=\"article\" \/>\n<meta property=\"og:title\" content=\"Parcela pod przyczep\u0119 kempingow\u0105 - Camping King&#039;s\" \/>\n<meta property=\"og:description\" content=\"Jak\u017ce mi\u0142o jest latem odpocz\u0105\u0107 w cieniu! Zrelaksuj si\u0119 w naturalnym otoczeniu.\" \/>\n<meta property=\"og:url\" content=\"https:\/\/www.campingkings.com\/pl\/allotjaments\/parcel%c2%b7la\/parcela-przyczepa\/\" \/>\n<meta property=\"og:site_name\" content=\"Camping King&#039;s\" \/>\n<meta property=\"article:publisher\" content=\"https:\/\/www.facebook.com\/kingslafosca\/\" \/>\n<meta property=\"article:modified_time\" content=\"2020-12-10T09:45:44+00:00\" \/>\n<meta property=\"og:image\" content=\"https:\/\/www.campingkings.com\/wp-content\/uploads\/parcelas3.jpg\" \/>\n\t<meta property=\"og:image:width\" content=\"2048\" \/>\n\t<meta property=\"og:image:height\" content=\"1371\" \/>\n\t<meta property=\"og:image:type\" content=\"image\/jpeg\" \/>\n<meta name=\"twitter:card\" content=\"summary_large_image\" \/>\n<script type=\"application\/ld+json\" class=\"yoast-schema-graph\">{\"@context\":\"https:\/\/schema.org\",\"@graph\":[{\"@type\":\"WebPage\",\"@id\":\"https:\/\/www.campingkings.com\/pl\/allotjaments\/parcel%c2%b7la\/parcela-przyczepa\/\",\"url\":\"https:\/\/www.campingkings.com\/pl\/allotjaments\/parcel%c2%b7la\/parcela-przyczepa\/\",\"name\":\"Parcela pod przyczep\u0119 kempingow\u0105 - Camping King&#039;s\",\"isPartOf\":{\"@id\":\"https:\/\/www.campingkings.com\/pl\/#website\"},\"primaryImageOfPage\":{\"@id\":\"https:\/\/www.campingkings.com\/pl\/allotjaments\/parcel%c2%b7la\/parcela-przyczepa\/#primaryimage\"},\"image\":{\"@id\":\"https:\/\/www.campingkings.com\/pl\/allotjaments\/parcel%c2%b7la\/parcela-przyczepa\/#primaryimage\"},\"thumbnailUrl\":\"https:\/\/www.campingkings.com\/wp-content\/uploads\/parcelas3.jpg\",\"datePublished\":\"2020-12-04T13:56:36+00:00\",\"dateModified\":\"2020-12-10T09:45:44+00:00\",\"description\":\"Jak\u017ce mi\u0142o jest latem odpocz\u0105\u0107 w cieniu! Zrelaksuj si\u0119 w naturalnym otoczeniu.\",\"breadcrumb\":{\"@id\":\"https:\/\/www.campingkings.com\/pl\/allotjaments\/parcel%c2%b7la\/parcela-przyczepa\/#breadcrumb\"},\"inLanguage\":\"pl-PL\",\"potentialAction\":[{\"@type\":\"ReadAction\",\"target\":[\"https:\/\/www.campingkings.com\/pl\/allotjaments\/parcel%c2%b7la\/parcela-przyczepa\/\"]}]},{\"@type\":\"ImageObject\",\"inLanguage\":\"pl-PL\",\"@id\":\"https:\/\/www.campingkings.com\/pl\/allotjaments\/parcel%c2%b7la\/parcela-przyczepa\/#primaryimage\",\"url\":\"https:\/\/www.campingkings.com\/wp-content\/uploads\/parcelas3.jpg\",\"contentUrl\":\"https:\/\/www.campingkings.com\/wp-content\/uploads\/parcelas3.jpg\",\"width\":2048,\"height\":1371,\"caption\":\"Parcelas para caravana camping Costa Brava\"},{\"@type\":\"BreadcrumbList\",\"@id\":\"https:\/\/www.campingkings.com\/pl\/allotjaments\/parcel%c2%b7la\/parcela-przyczepa\/#breadcrumb\",\"itemListElement\":[{\"@type\":\"ListItem\",\"position\":1,\"name\":\"Camping King's\",\"item\":\"https:\/\/www.campingkings.com\/pl\/\"},{\"@type\":\"ListItem\",\"position\":2,\"name\":\"Zakwaterowanie\",\"item\":\"https:\/\/www.campingkings.com\/pl\/allotjaments\/\"},{\"@type\":\"ListItem\",\"position\":3,\"name\":\"Parcela\",\"item\":\"https:\/\/www.campingkings.com\/pl\/allotjaments\/parcel%c2%b7la\/\"},{\"@type\":\"ListItem\",\"position\":4,\"name\":\"Parcela pod przyczep\u0119 kempingow\u0105\"}]},{\"@type\":\"WebSite\",\"@id\":\"https:\/\/www.campingkings.com\/pl\/#website\",\"url\":\"https:\/\/www.campingkings.com\/pl\/\",\"name\":\"Camping King&#039;s\",\"description\":\"Al cor de la Costa Brava, a Palam\u00f3s, a 200m. de la platja de La Fosca.\",\"publisher\":{\"@id\":\"https:\/\/www.campingkings.com\/pl\/#organization\"},\"potentialAction\":[{\"@type\":\"SearchAction\",\"target\":{\"@type\":\"EntryPoint\",\"urlTemplate\":\"https:\/\/www.campingkings.com\/pl\/?s={search_term_string}\"},\"query-input\":{\"@type\":\"PropertyValueSpecification\",\"valueRequired\":true,\"valueName\":\"search_term_string\"}}],\"inLanguage\":\"pl-PL\"},{\"@type\":\"Organization\",\"@id\":\"https:\/\/www.campingkings.com\/pl\/#organization\",\"name\":\"Camping King's\",\"url\":\"https:\/\/www.campingkings.com\/pl\/\",\"logo\":{\"@type\":\"ImageObject\",\"inLanguage\":\"pl-PL\",\"@id\":\"https:\/\/www.campingkings.com\/pl\/#\/schema\/logo\/image\/\",\"url\":\"https:\/\/www.campingkings.com\/wp-content\/uploads\/logo-kings.svg\",\"contentUrl\":\"https:\/\/www.campingkings.com\/wp-content\/uploads\/logo-kings.svg\",\"width\":57,\"height\":28,\"caption\":\"Camping King's\"},\"image\":{\"@id\":\"https:\/\/www.campingkings.com\/pl\/#\/schema\/logo\/image\/\"},\"sameAs\":[\"https:\/\/www.facebook.com\/kingslafosca\/\"]}]}<\/script>\n<!-- \/ Yoast SEO plugin. -->","yoast_head_json":{"title":"Parcela pod przyczep\u0119 kempingow\u0105 - Camping King&#039;s","description":"Jak\u017ce mi\u0142o jest latem odpocz\u0105\u0107 w cieniu! Zrelaksuj si\u0119 w naturalnym otoczeniu.","robots":{"index":"index","follow":"follow","max-snippet":"max-snippet:-1","max-image-preview":"max-image-preview:large","max-video-preview":"max-video-preview:-1"},"canonical":"https:\/\/www.campingkings.com\/pl\/allotjaments\/parcel%c2%b7la\/parcela-przyczepa\/","og_locale":"pl_PL","og_type":"article","og_title":"Parcela pod przyczep\u0119 kempingow\u0105 - Camping King&#039;s","og_description":"Jak\u017ce mi\u0142o jest latem odpocz\u0105\u0107 w cieniu! Zrelaksuj si\u0119 w naturalnym otoczeniu.","og_url":"https:\/\/www.campingkings.com\/pl\/allotjaments\/parcel%c2%b7la\/parcela-przyczepa\/","og_site_name":"Camping King&#039;s","article_publisher":"https:\/\/www.facebook.com\/kingslafosca\/","article_modified_time":"2020-12-10T09:45:44+00:00","og_image":[{"width":2048,"height":1371,"url":"https:\/\/www.campingkings.com\/wp-content\/uploads\/parcelas3.jpg","type":"image\/jpeg"}],"twitter_card":"summary_large_image","schema":{"@context":"https:\/\/schema.org","@graph":[{"@type":"WebPage","@id":"https:\/\/www.campingkings.com\/pl\/allotjaments\/parcel%c2%b7la\/parcela-przyczepa\/","url":"https:\/\/www.campingkings.com\/pl\/allotjaments\/parcel%c2%b7la\/parcela-przyczepa\/","name":"Parcela pod przyczep\u0119 kempingow\u0105 - Camping King&#039;s","isPartOf":{"@id":"https:\/\/www.campingkings.com\/pl\/#website"},"primaryImageOfPage":{"@id":"https:\/\/www.campingkings.com\/pl\/allotjaments\/parcel%c2%b7la\/parcela-przyczepa\/#primaryimage"},"image":{"@id":"https:\/\/www.campingkings.com\/pl\/allotjaments\/parcel%c2%b7la\/parcela-przyczepa\/#primaryimage"},"thumbnailUrl":"https:\/\/www.campingkings.com\/wp-content\/uploads\/parcelas3.jpg","datePublished":"2020-12-04T13:56:36+00:00","dateModified":"2020-12-10T09:45:44+00:00","description":"Jak\u017ce mi\u0142o jest latem odpocz\u0105\u0107 w cieniu! Zrelaksuj si\u0119 w naturalnym otoczeniu.","breadcrumb":{"@id":"https:\/\/www.campingkings.com\/pl\/allotjaments\/parcel%c2%b7la\/parcela-przyczepa\/#breadcrumb"},"inLanguage":"pl-PL","potentialAction":[{"@type":"ReadAction","target":["https:\/\/www.campingkings.com\/pl\/allotjaments\/parcel%c2%b7la\/parcela-przyczepa\/"]}]},{"@type":"ImageObject","inLanguage":"pl-PL","@id":"https:\/\/www.campingkings.com\/pl\/allotjaments\/parcel%c2%b7la\/parcela-przyczepa\/#primaryimage","url":"https:\/\/www.campingkings.com\/wp-content\/uploads\/parcelas3.jpg","contentUrl":"https:\/\/www.campingkings.com\/wp-content\/uploads\/parcelas3.jpg","width":2048,"height":1371,"caption":"Parcelas para caravana camping Costa Brava"},{"@type":"BreadcrumbList","@id":"https:\/\/www.campingkings.com\/pl\/allotjaments\/parcel%c2%b7la\/parcela-przyczepa\/#breadcrumb","itemListElement":[{"@type":"ListItem","position":1,"name":"Camping King's","item":"https:\/\/www.campingkings.com\/pl\/"},{"@type":"ListItem","position":2,"name":"Zakwaterowanie","item":"https:\/\/www.campingkings.com\/pl\/allotjaments\/"},{"@type":"ListItem","position":3,"name":"Parcela","item":"https:\/\/www.campingkings.com\/pl\/allotjaments\/parcel%c2%b7la\/"},{"@type":"ListItem","position":4,"name":"Parcela pod przyczep\u0119 kempingow\u0105"}]},{"@type":"WebSite","@id":"https:\/\/www.campingkings.com\/pl\/#website","url":"https:\/\/www.campingkings.com\/pl\/","name":"Camping King&#039;s","description":"Al cor de la Costa Brava, a Palam\u00f3s, a 200m. de la platja de La Fosca.","publisher":{"@id":"https:\/\/www.campingkings.com\/pl\/#organization"},"potentialAction":[{"@type":"SearchAction","target":{"@type":"EntryPoint","urlTemplate":"https:\/\/www.campingkings.com\/pl\/?s={search_term_string}"},"query-input":{"@type":"PropertyValueSpecification","valueRequired":true,"valueName":"search_term_string"}}],"inLanguage":"pl-PL"},{"@type":"Organization","@id":"https:\/\/www.campingkings.com\/pl\/#organization","name":"Camping King's","url":"https:\/\/www.campingkings.com\/pl\/","logo":{"@type":"ImageObject","inLanguage":"pl-PL","@id":"https:\/\/www.campingkings.com\/pl\/#\/schema\/logo\/image\/","url":"https:\/\/www.campingkings.com\/wp-content\/uploads\/logo-kings.svg","contentUrl":"https:\/\/www.campingkings.com\/wp-content\/uploads\/logo-kings.svg","width":57,"height":28,"caption":"Camping King's"},"image":{"@id":"https:\/\/www.campingkings.com\/pl\/#\/schema\/logo\/image\/"},"sameAs":["https:\/\/www.facebook.com\/kingslafosca\/"]}]}},"_links":{"self":[{"href":"https:\/\/www.campingkings.com\/pl\/wp-json\/wp\/v2\/pages\/34205","targetHints":{"allow":["GET"]}}],"collection":[{"href":"https:\/\/www.campingkings.com\/pl\/wp-json\/wp\/v2\/pages"}],"about":[{"href":"https:\/\/www.campingkings.com\/pl\/wp-json\/wp\/v2\/types\/page"}],"author":[{"embeddable":true,"href":"https:\/\/www.campingkings.com\/pl\/wp-json\/wp\/v2\/users\/2"}],"replies":[{"embeddable":true,"href":"https:\/\/www.campingkings.com\/pl\/wp-json\/wp\/v2\/comments?post=34205"}],"version-history":[{"count":11,"href":"https:\/\/www.campingkings.com\/pl\/wp-json\/wp\/v2\/pages\/34205\/revisions"}],"predecessor-version":[{"id":34613,"href":"https:\/\/www.campingkings.com\/pl\/wp-json\/wp\/v2\/pages\/34205\/revisions\/34613"}],"up":[{"embeddable":true,"href":"https:\/\/www.campingkings.com\/pl\/wp-json\/wp\/v2\/pages\/34266"}],"wp:featuredmedia":[{"embeddable":true,"href":"https:\/\/www.campingkings.com\/pl\/wp-json\/wp\/v2\/media\/34194"}],"wp:attachment":[{"href":"https:\/\/www.campingkings.com\/pl\/wp-json\/wp\/v2\/media?parent=34205"}],"curies":[{"name":"wp","href":"https:\/\/api.w.org\/{rel}","templated":true}]}}