{"id":24990,"date":"2019-11-22T16:00:24","date_gmt":"2019-11-22T15:00:02","guid":{"rendered":"https:\/\/www.campingkings.com\/alloggio\/piazzole\/caravan-pitch\/"},"modified":"2020-10-14T15:14:22","modified_gmt":"2020-10-14T13:14:22","slug":"piazzola-roulotte","status":"publish","type":"page","link":"https:\/\/www.campingkings.com\/it\/alloggio\/piazzole\/piazzola-roulotte\/","title":{"rendered":"Piazzola Roulotte"},"content":{"rendered":"\n<h3 class=\"has-blank-3-green-color has-text-color wp-block-heading\">Piazzola Roulotte<\/h3>\n\n\n\n<p>Come \u00e8 apprezzato riposare all&#8217;ombra durante l&#8217;estate! Rilassati in un ambiente naturale.<\/p>\n\n\n\n<div class=\"wp-block-columns is-layout-flex wp-container-core-columns-is-layout-9d6595d7 wp-block-columns-is-layout-flex\">\n<div class=\"wp-block-column is-layout-flow wp-block-column-is-layout-flow\" style=\"flex-basis:66.66%\"><!-- fold.php -->\n\n<style>\n\n<\/style>\n<script>\n    $(document).ready(function() {\n\n\n    });\n\n<\/script>\n    \n    <div id=\"fold-list-block_5de66e6916038\" class=\"\">\n                <div class=\"fold-list-wrapper\">\n\n                                                <div class=\"fold-inner\">\n                                <input type=\"checkbox\" id=\"faq-14\" name=\"faq-group\" checked>\n                <label for=\"faq-14\">Atrezzatura<span class=\"icon-left-arrow-chevron\"><\/span><\/label>\n                <div class=\"content-faq\"><ul>\n<li>Piazzole con ombreggiatura naturale, delimitate da alberi e dotate di elettricit\u00e0 (6A).<\/li>\n<li>Non potete scegliere una piazzola determinata, ma potete scegliere la zona per campeggiare.<\/li>\n<li>Una famiglia per ogni piazzola (massimo 6 persone).<\/li>\n<li>Sono ammesse solo le razze di cani di piccola e media taglia\u00a0(massimo 25 kg) (massimo 2 per piazzola).<\/li>\n<li>Le razze dei cani considerate pericolose e loro incroci non sono ammessi.<\/li>\n<\/ul>\n<\/div>\n                            <\/div>\n                        <div class=\"fold-inner\">\n                                <input type=\"checkbox\" id=\"faq-15\" name=\"faq-group\" >\n                <label for=\"faq-15\">Extra\u00a0(opzionale):<span class=\"icon-left-arrow-chevron\"><\/span><\/label>\n                <div class=\"content-faq\">\n<ul class=\"wp-block-list\"><li>Connessione elettrica 10A<\/li><li>Noleggio di frigoriferi<\/li><li>Noleggio di adattatori\u00a0elettrici\u00a0<\/li><li>WIFI<\/li><\/ul>\n\n<\/div>\n                            <\/div>\n                        <div class=\"fold-inner\">\n                                <input type=\"checkbox\" id=\"faq-16\" name=\"faq-group\" >\n                <label for=\"faq-16\">Condizzioni della prenotazione<span class=\"icon-left-arrow-chevron\"><\/span><\/label>\n                <div class=\"content-faq\">\n<ul class=\"wp-block-list\"><li>La prenotazione non sar\u00e0 portata a termine fino a quando avremo ricevuto&nbsp;<strong>la caparra del 30% <\/strong>dell\u2019importo dellaprenotazione.<\/li><li><strong>Sette giorni prima dell&#8217;arrivo<\/strong>, il cliente ricever\u00e0 via email il link per effettuare il <strong>CHECK-IN ONLINE<\/strong> e il pagamento residuo del soggiorno. Per l&#8217;alloggio verr\u00e0 aggiunta una cauzione di \u20ac 100,00 (rimborsabile il giorno della partenza).<\/li><li>Qualora non fosse possibile effettuare il CHECK-IN ONLINE, l&#8217;intero soggiorno dovr\u00e0 essere saldato il giorno dell&#8217;arrivo presso la reception.<\/li><li>Se il giorno dell&#8217;arrivo viene accertato alla reception che i dati degli occupanti dell&#8217;alloggio o della piazzola indicati nella prenotazione non corrispondono, il campeggio potr\u00e0 annullare la prenotazione.<\/li><li>Le prenotazioni sono per un nucleo familiare. Non si accettano gruppi.<\/li><li>Non si accettano prenotazioni o soggiorni di minorenni senza la presenza dei genitori o del tutore legale durante tutto il soggiorno.<\/li><li>Qualsiasi modifica della prenotazione dovr\u00e0 essere richiesta tramite email. Non saranno accettate modifiche 14 giorni prima della data di iscrizione. Le modifiche alle date o all&#8217;alloggio saranno soggette a disponibilit\u00e0. Per le modifiche alle persone, l&#8217;ufficio prenotazioni confermer\u00e0 via e-mail se \u00e8 possibile o no. Qualsiasi modifica avr\u00e0 un costo aggiuntivo di \u20ac 10,00.<\/li><li>Non sono ammessi cambi di accompagnatori n\u00e9 al momento del check-in (online o alla reception) n\u00e9 durante il soggiorno. Agli accompagnatori verranno fatturati tutti i giorni del soggiorno.<\/li><\/ul>\n\n\n\n<ul class=\"wp-block-list\"><li>Il cliente pu\u00f2 richiedere via e-mail di conservare la prenotazione in caso di modifica della data di arrivo (massimo 24 ore prima della data di arrivo). Tuttavia, se per qualsiasi motivo la durata del soggiorno viene ridotta (arrivo posticipato o partenza anticipata), non verr\u00e0 applicata alcuna riduzione sull\u2019importo iniziale del soggiorno.<\/li><li>Se il giorno dopo dell\u2019entrata non siete ancora arrivati e non avete avvisato del vostro ritardo, perderete sia i soldi della cauzione, sia la prenotazione a partire dalle ore 12:00 del giorno successivo.<\/li><li>Il gestore del campeggio assegner\u00e0 l&#8217;alloggio o la piazzola, ma il cliente potr\u00e0 indicare una preferenza al momento della richiesta di prenotazione. Verr\u00e0 preso in considerazione, ma non pu\u00f2 essere confermato.<\/li><li>Il campeggio non pu\u00f2 garantire l&#8217;ombra, nemmeno nel caso in cui il cliente lo richieda espressamente.<\/li><li>Il cliente ha l&#8217;obbligo di rispettare il regolamento interno del campeggio.<\/li><\/ul>\n\n\n\n<p class=\"is-style-default\"><strong>Annullamento delle prenotazioni:<\/strong><\/p>\n\n\n\n<p class=\"is-style-default\">Non si accettano cancellazioni telefoniche. Dovranno comunicare sempre via e-mail e con lo stesso indirizzo email indicato nella richiesta di prenotazione:<\/p>\n\n\n\n<ul class=\"wp-block-list\"><li>Pi\u00f9 di 42 giorni prima della data di arrivo: restituzione dell\u201980% della caparra*<\/li><li>Pi\u00f9 di 14 giorni prima della data di arrivo: restituzione del 50% della caparra*<\/li><li>Meno di 14 giorni prima della data di arrivo: non si restituisce la caparra.<\/li><\/ul>\n\n\n\n<p class=\"is-style-default\">*Verr\u00e0 applicato l\u2019importo aggiuntivo di 15&nbsp;\u20ac per la gestione della cancellazione della prenotazione (non rimborsabile).<\/p>\n\n\n\n<p class=\"is-style-default\">Per evitare possibili incidenti si consiglia di stipulare un&#8217;assicurazione annullamento.<\/p>\n\n\n\n<p class=\"is-style-default\"><\/p>\n\n<\/div>\n                            <\/div>\n                        <div class=\"fold-inner\">\n                                <input type=\"checkbox\" id=\"faq-17\" name=\"faq-group\" >\n                <label for=\"faq-17\">Assicurazione annullamento<span class=\"icon-left-arrow-chevron\"><\/span><\/label>\n                <div class=\"content-faq\">\n<p>Per la tua tranquillit\u00e0 al momento della prenotazione puoi stipulare un&#8217;assicurazione annullamento.<\/p>\n\n\n\n<div class=\"wp-block-button is-style-outline is-style-outline--1\"><a class=\"wp-block-button__link has-blank-3-green-color has-text-color\" href=\"https:\/\/www.campingkings.com\/wp-content\/uploads\/folleto-resumen-cancelacion-reservas-italia.pdf\" title=\"https:\/\/www.campingkings.com\/wp-content\/uploads\/folleto-resumen-cancelacion-reservas-italia.pdf\" target=\"_blank\" rel=\"noreferrer noopener\">SCARICA LA DOCUMENTAZIONE<\/a><\/div>\n\n\n\n<div style=\"height:20px\" aria-hidden=\"true\" class=\"wp-block-spacer\"><\/div>\n\n<\/div>\n                            <\/div>\n                    <\/div>\n        \n    <\/div>\n\n\n<\/div>\n\n\n\n<div class=\"wp-block-column is-layout-flow wp-block-column-is-layout-flow\" style=\"flex-basis:33.33%\">\n<h3 class=\"has-blank-3-brown-color has-text-color wp-block-heading\">Disponibilit\u00e0<\/h3>\n\n\n<!-- booking.php -->\n\n\n\n<style>\n    article[id*=\"booking-block\"].no-category .widgetBookingContainer .categorySelector {\n        display: none;\n    }\n    article[id*=\"booking-block\"] .widgetBookingContainer .categorySelector,\n    article[id*=\"booking-block\"] .widgetBookingContainer .checkinCheckoutContainer .checkinContainer, article[id*=\"booking-block\"] .widgetBookingContainer .checkinCheckoutContainer .checkoutContainer {\n        width: 100%;\n        box-shadow: 0 0 10px #00000038;\n        border-radius: 5px;\n        overflow: hidden;\n        text-align: left;\n        padding: 10px;\n    }\n\n    article[id*=\"booking-block\"] .widgetBookingContainer .peopleContainer .adultsContainer, article[id*=\"booking-block\"] .widgetBookingContainer .peopleContainer .childsGroupContainer {\n        width: 50%;\n        box-shadow: 0 0 10px #00000038;\n        border-radius: 5px;\n        text-align: left;\n        padding: 6px;\n        height: 48px;\n        position: relative;\n    }\n    article[id*=\"booking-block\"] .widgetBookingContainer .checkinCheckoutContainer, article[id*=\"booking-block\"] .widgetBookingContainer .peopleContainer {\n        width: 100%;\n        display: flex;\n        flex-wrap: wrap;\n    }\n    article[id*=\"booking-block\"] .widgetBookingContainer {\n        padding: 0;\n        background: transparent;\n        display: flex;\n        flex-wrap: wrap;\n    }\n    article[id*=\"booking-block\"] .widgetBookingContainer .childAgeGroupContainer .childAgeContainer span.inputBox{\n        background-color: #05b2b8;\n        border-radius: 32px;\n        color: white;\n    }\narticle[id*=\"booking-block\"] .widgetBookingContainer .checkinCheckoutContainer label, article[id*=\"booking-block\"] .widgetBookingContainer .peopleContainer label:not(.childAgeLabel) {\n        display: none;\n    }\n    article[id*=\"booking-block\"] .widgetBookingContainer span.inputBox:hover{\n        border-color: transparent;\n    }\n    article[id*=\"booking-block\"] .widgetBookingContainer .categorySelector > span:after,\n    article[id*=\"booking-block\"] .datePicker span.inputBox:after{\n        display: none;\n    }\n    article[id*=\"booking-block\"] .datePicker span.inputBox:before{\n        content: \"\\e910\";\n        font-family: 'generic' !important;\n        color: #d6d6d6;\n        float: left;\n        font-size: 30px;\n        margin-right: 15px;\n    }\n    article[id*=\"booking-block\"] .peopleContainer .comboBox:after{\n        display: none;\n    }\n    article[id*=\"booking-block\"] .widgetBookingContainer .peopleContainer .adultsContainer {\n        margin-right: 3%;\n        width: 47%;\n    }\n    article[id*=\"booking-block\"] .widgetBookingContainer .childAgeGroupContainer .childAgeContainer div[class*=\"comboBox\"] {\n        margin: 0;\n    }\n    article[id*=\"booking-block\"] .widgetBookingContainer .childAgeGroupContainer .childAgeContainer {\n        background-color: #ffffff;\n        \/* box-shadow: 0 0 20px #00000040; *\/\n        margin-bottom: 0;\n    }\n    article[id*=\"booking-block\"] .widgetBookingContainer .childAgeGroupContainer {\n        box-shadow: 0 0 20px #00000040;\n        position: absolute;\n        bottom: 100%;\n        font-size: 12px;\n        right: 0px;\n        left: 0;\n        width: 100%;\n    }\n    .widgetBookingContainer button.searchButton:before {\n        content: \"Prenota ora\";\n        font-size: 14px;\n        margin-top: 3px;\n        width: 100%;\n        display: inline-block;\n    }\n    .widgetBookingContainer button.searchButton {\n        background-color: #05b2b8;\n        border-radius: 50px;\n        text-transform: uppercase;\n        letter-spacing: 2px;\n        margin: 0;\n        padding: 14px 20px;\n        line-height: 1;\n        font-size: 0;\n        text-align: center;\n    }\n    article[id*=\"booking-block\"] .widgetBookingContainer .searchButton {\n        order: 3;\n    }\n\n    article[id*=\"booking-block\"] .widgetBookingContainer .checkinCheckoutContainer {\n        order: 1;\n    }\n    article[id*=\"booking-block\"] .widgetBookingContainer .peopleContainer {\n        order: 0;\n    }\n    article[id*=\"booking-block\"] {\n        margin: 10px 0;\n    }\n    article[id*=\"booking-block\"] .widgetBookingContainer .childAgeContainer {\n        display: flex;\n    }\n\n    article[id*=\"booking-block\"] .widgetBookingContainer .peopleContainer label {\n        padding: 10px 5px;\n    }\n    a.boton-reservar{\n        border-radius: 50px;\n        text-transform: uppercase;\n        position: relative;\n        text-align: center;\n        display: inline-block;\n        padding: 10px 18px;\n        border: 2px solid #05b2b8;\n        color: #05b2b8;\n        background-color: white;\n    }\n<\/style>\n<script>\n\n\n<\/script>\n<!-- -->\n<article id=\"booking-block_5de66e6616037\" class=\"no-category\">\n        <script>\n        $(document).ready(function() {\n\n                var widget = new MasterWidget('widgetBookingContainer801', {\n                    lang: 'it',\n                    idProperty: '314',categoryIds: [1],dropdown: true,\n                    url: 'https:\/\/booking.campingkings.com'\n                });\n\n\n            });\n\n            <\/script><div id=\"widgetBookingContainer801\"> <\/div>\n<\/article>\n\n<\/div>\n<\/div>\n\n\n\n<h3 class=\"has-blank-3-green-color has-text-color wp-block-heading\">Galleria fotografica<\/h3>\n\n\n\n\n\n                    <style>\n\n\n        <\/style>\n        <article id=\"custom-gallery-block_5e2a98157acf5\" class=\"custom-gallery alignfull format-contain\" >\n                        \n            <script>\n            $(window).load(function() {\n\n\n                var slider = tns({\n                    nav: false,\n                    controls: true,\n                    container: '.id-gal935',\n                    items: 1,\n                    autoWidth: false,\n                    autoplay: false,\n                    mouseDrag: true,\n                    responsive: {\n                      0: {\n                        edgePadding: 0,\n                        items: 1\n                      },\n                      400: {\n                        edgePadding: 0,\n                        items: 1\n                      },\n\n                      600: {\n                        edgePadding: 150,\n                        items: 1\n                      },\n                      900: {\n                        edgePadding: 325,\n                        items: 1,\n                        gutter: 60,\n                      }\n                    }\n                  });\n                });\n\n            <\/script><div class=\"galeria clearfix galeria-carousel id-gal935\"><div class=\"item-slider cover\"><div class=\"inner-image cover\" style=\"background-image:url(https:\/\/www.campingkings.com\/wp-content\/uploads\/parcelas3-900x602.jpg)\"><\/div><\/div><div class=\"item-slider cover\"><div class=\"inner-image cover\" style=\"background-image:url(https:\/\/www.campingkings.com\/wp-content\/uploads\/parcelas2-900x675.jpg)\"><\/div><\/div><div class=\"item-slider cover\"><div class=\"inner-image cover\" style=\"background-image:url(https:\/\/www.campingkings.com\/wp-content\/uploads\/acampada-kings-900x603.jpg)\"><\/div><\/div><div class=\"item-slider cover\"><div class=\"inner-image cover\" style=\"background-image:url(https:\/\/www.campingkings.com\/wp-content\/uploads\/caravana-900x600.jpg)\"><\/div><\/div><div class=\"item-slider cover\"><div class=\"inner-image cover\" style=\"background-image:url(https:\/\/www.campingkings.com\/wp-content\/uploads\/parcela11.jpg)\"><\/div><\/div><div class=\"item-slider cover\"><div class=\"inner-image cover\" style=\"background-image:url(https:\/\/www.campingkings.com\/wp-content\/uploads\/caravana-2-900x648.jpg)\"><\/div><\/div><\/div>        <\/article>\n\n\n\n    \n\n\n","protected":false},"excerpt":{"rendered":"<p>Come \u00e8 apprezzato riposare all&#8217;ombra durante l&#8217;estate! Rilassati in un ambiente naturale.<\/p>\n","protected":false},"author":1,"featured_media":24222,"parent":23717,"menu_order":1,"comment_status":"closed","ping_status":"closed","template":"templates\/tmpl-alojamiento.php","meta":{"_acf_changed":false,"_monsterinsights_skip_tracking":false,"_monsterinsights_sitenote_active":false,"_monsterinsights_sitenote_note":"","_monsterinsights_sitenote_category":0,"footnotes":""},"class_list":["post-24990","page","type-page","status-publish","has-post-thumbnail","hentry"],"acf":[],"yoast_head":"<!-- This site is optimized with the Yoast SEO plugin v26.6 - https:\/\/yoast.com\/wordpress\/plugins\/seo\/ -->\n<title>Piazzola Roulotte - Camping King&#039;s<\/title>\n<meta name=\"description\" content=\"Come \u00e8 apprezzato riposare all&#039;ombra durante l&#039;estate! Rilassati in un ambiente naturale.\" \/>\n<meta name=\"robots\" content=\"index, follow, max-snippet:-1, max-image-preview:large, max-video-preview:-1\" \/>\n<link rel=\"canonical\" href=\"https:\/\/www.campingkings.com\/it\/alloggio\/piazzole\/piazzola-roulotte\/\" \/>\n<meta property=\"og:locale\" content=\"it_IT\" \/>\n<meta property=\"og:type\" content=\"article\" \/>\n<meta property=\"og:title\" content=\"Piazzola Roulotte - Camping King&#039;s\" \/>\n<meta property=\"og:description\" content=\"Come \u00e8 apprezzato riposare all&#039;ombra durante l&#039;estate! Rilassati in un ambiente naturale.\" \/>\n<meta property=\"og:url\" content=\"https:\/\/www.campingkings.com\/it\/alloggio\/piazzole\/piazzola-roulotte\/\" \/>\n<meta property=\"og:site_name\" content=\"Camping King&#039;s\" \/>\n<meta property=\"article:publisher\" content=\"https:\/\/www.facebook.com\/kingslafosca\/\" \/>\n<meta property=\"article:modified_time\" content=\"2020-10-14T13:14:22+00:00\" \/>\n<meta property=\"og:image\" content=\"https:\/\/www.campingkings.com\/wp-content\/uploads\/parcelas3.jpg\" \/>\n\t<meta property=\"og:image:width\" content=\"2048\" \/>\n\t<meta property=\"og:image:height\" content=\"1371\" \/>\n\t<meta property=\"og:image:type\" content=\"image\/jpeg\" \/>\n<meta name=\"twitter:card\" content=\"summary_large_image\" \/>\n<script type=\"application\/ld+json\" class=\"yoast-schema-graph\">{\"@context\":\"https:\/\/schema.org\",\"@graph\":[{\"@type\":\"WebPage\",\"@id\":\"https:\/\/www.campingkings.com\/it\/alloggio\/piazzole\/piazzola-roulotte\/\",\"url\":\"https:\/\/www.campingkings.com\/it\/alloggio\/piazzole\/piazzola-roulotte\/\",\"name\":\"Piazzola Roulotte - Camping King&#039;s\",\"isPartOf\":{\"@id\":\"https:\/\/www.campingkings.com\/it\/#website\"},\"primaryImageOfPage\":{\"@id\":\"https:\/\/www.campingkings.com\/it\/alloggio\/piazzole\/piazzola-roulotte\/#primaryimage\"},\"image\":{\"@id\":\"https:\/\/www.campingkings.com\/it\/alloggio\/piazzole\/piazzola-roulotte\/#primaryimage\"},\"thumbnailUrl\":\"https:\/\/www.campingkings.com\/wp-content\/uploads\/parcelas3.jpg\",\"datePublished\":\"2019-11-22T15:00:02+00:00\",\"dateModified\":\"2020-10-14T13:14:22+00:00\",\"description\":\"Come \u00e8 apprezzato riposare all'ombra durante l'estate! Rilassati in un ambiente naturale.\",\"breadcrumb\":{\"@id\":\"https:\/\/www.campingkings.com\/it\/alloggio\/piazzole\/piazzola-roulotte\/#breadcrumb\"},\"inLanguage\":\"it-IT\",\"potentialAction\":[{\"@type\":\"ReadAction\",\"target\":[\"https:\/\/www.campingkings.com\/it\/alloggio\/piazzole\/piazzola-roulotte\/\"]}]},{\"@type\":\"ImageObject\",\"inLanguage\":\"it-IT\",\"@id\":\"https:\/\/www.campingkings.com\/it\/alloggio\/piazzole\/piazzola-roulotte\/#primaryimage\",\"url\":\"https:\/\/www.campingkings.com\/wp-content\/uploads\/parcelas3.jpg\",\"contentUrl\":\"https:\/\/www.campingkings.com\/wp-content\/uploads\/parcelas3.jpg\",\"width\":2048,\"height\":1371,\"caption\":\"Parcelas para caravana camping Costa Brava\"},{\"@type\":\"BreadcrumbList\",\"@id\":\"https:\/\/www.campingkings.com\/it\/alloggio\/piazzole\/piazzola-roulotte\/#breadcrumb\",\"itemListElement\":[{\"@type\":\"ListItem\",\"position\":1,\"name\":\"Camping King's\",\"item\":\"https:\/\/www.campingkings.com\/it\/\"},{\"@type\":\"ListItem\",\"position\":2,\"name\":\"Alloggio\",\"item\":\"https:\/\/www.campingkings.com\/it\/alloggio\/\"},{\"@type\":\"ListItem\",\"position\":3,\"name\":\"Piazzole\",\"item\":\"https:\/\/www.campingkings.com\/it\/alloggio\/piazzole\/\"},{\"@type\":\"ListItem\",\"position\":4,\"name\":\"Piazzola Roulotte\"}]},{\"@type\":\"WebSite\",\"@id\":\"https:\/\/www.campingkings.com\/it\/#website\",\"url\":\"https:\/\/www.campingkings.com\/it\/\",\"name\":\"Camping King&#039;s\",\"description\":\"Al cor de la Costa Brava, a Palam\u00f3s, a 200m. de la platja de La Fosca.\",\"publisher\":{\"@id\":\"https:\/\/www.campingkings.com\/it\/#organization\"},\"potentialAction\":[{\"@type\":\"SearchAction\",\"target\":{\"@type\":\"EntryPoint\",\"urlTemplate\":\"https:\/\/www.campingkings.com\/it\/?s={search_term_string}\"},\"query-input\":{\"@type\":\"PropertyValueSpecification\",\"valueRequired\":true,\"valueName\":\"search_term_string\"}}],\"inLanguage\":\"it-IT\"},{\"@type\":\"Organization\",\"@id\":\"https:\/\/www.campingkings.com\/it\/#organization\",\"name\":\"Camping King's\",\"url\":\"https:\/\/www.campingkings.com\/it\/\",\"logo\":{\"@type\":\"ImageObject\",\"inLanguage\":\"it-IT\",\"@id\":\"https:\/\/www.campingkings.com\/it\/#\/schema\/logo\/image\/\",\"url\":\"https:\/\/www.campingkings.com\/wp-content\/uploads\/logo-kings.svg\",\"contentUrl\":\"https:\/\/www.campingkings.com\/wp-content\/uploads\/logo-kings.svg\",\"width\":57,\"height\":28,\"caption\":\"Camping King's\"},\"image\":{\"@id\":\"https:\/\/www.campingkings.com\/it\/#\/schema\/logo\/image\/\"},\"sameAs\":[\"https:\/\/www.facebook.com\/kingslafosca\/\"]}]}<\/script>\n<!-- \/ Yoast SEO plugin. -->","yoast_head_json":{"title":"Piazzola Roulotte - Camping King&#039;s","description":"Come \u00e8 apprezzato riposare all'ombra durante l'estate! Rilassati in un ambiente naturale.","robots":{"index":"index","follow":"follow","max-snippet":"max-snippet:-1","max-image-preview":"max-image-preview:large","max-video-preview":"max-video-preview:-1"},"canonical":"https:\/\/www.campingkings.com\/it\/alloggio\/piazzole\/piazzola-roulotte\/","og_locale":"it_IT","og_type":"article","og_title":"Piazzola Roulotte - Camping King&#039;s","og_description":"Come \u00e8 apprezzato riposare all'ombra durante l'estate! Rilassati in un ambiente naturale.","og_url":"https:\/\/www.campingkings.com\/it\/alloggio\/piazzole\/piazzola-roulotte\/","og_site_name":"Camping King&#039;s","article_publisher":"https:\/\/www.facebook.com\/kingslafosca\/","article_modified_time":"2020-10-14T13:14:22+00:00","og_image":[{"width":2048,"height":1371,"url":"https:\/\/www.campingkings.com\/wp-content\/uploads\/parcelas3.jpg","type":"image\/jpeg"}],"twitter_card":"summary_large_image","schema":{"@context":"https:\/\/schema.org","@graph":[{"@type":"WebPage","@id":"https:\/\/www.campingkings.com\/it\/alloggio\/piazzole\/piazzola-roulotte\/","url":"https:\/\/www.campingkings.com\/it\/alloggio\/piazzole\/piazzola-roulotte\/","name":"Piazzola Roulotte - Camping King&#039;s","isPartOf":{"@id":"https:\/\/www.campingkings.com\/it\/#website"},"primaryImageOfPage":{"@id":"https:\/\/www.campingkings.com\/it\/alloggio\/piazzole\/piazzola-roulotte\/#primaryimage"},"image":{"@id":"https:\/\/www.campingkings.com\/it\/alloggio\/piazzole\/piazzola-roulotte\/#primaryimage"},"thumbnailUrl":"https:\/\/www.campingkings.com\/wp-content\/uploads\/parcelas3.jpg","datePublished":"2019-11-22T15:00:02+00:00","dateModified":"2020-10-14T13:14:22+00:00","description":"Come \u00e8 apprezzato riposare all'ombra durante l'estate! Rilassati in un ambiente naturale.","breadcrumb":{"@id":"https:\/\/www.campingkings.com\/it\/alloggio\/piazzole\/piazzola-roulotte\/#breadcrumb"},"inLanguage":"it-IT","potentialAction":[{"@type":"ReadAction","target":["https:\/\/www.campingkings.com\/it\/alloggio\/piazzole\/piazzola-roulotte\/"]}]},{"@type":"ImageObject","inLanguage":"it-IT","@id":"https:\/\/www.campingkings.com\/it\/alloggio\/piazzole\/piazzola-roulotte\/#primaryimage","url":"https:\/\/www.campingkings.com\/wp-content\/uploads\/parcelas3.jpg","contentUrl":"https:\/\/www.campingkings.com\/wp-content\/uploads\/parcelas3.jpg","width":2048,"height":1371,"caption":"Parcelas para caravana camping Costa Brava"},{"@type":"BreadcrumbList","@id":"https:\/\/www.campingkings.com\/it\/alloggio\/piazzole\/piazzola-roulotte\/#breadcrumb","itemListElement":[{"@type":"ListItem","position":1,"name":"Camping King's","item":"https:\/\/www.campingkings.com\/it\/"},{"@type":"ListItem","position":2,"name":"Alloggio","item":"https:\/\/www.campingkings.com\/it\/alloggio\/"},{"@type":"ListItem","position":3,"name":"Piazzole","item":"https:\/\/www.campingkings.com\/it\/alloggio\/piazzole\/"},{"@type":"ListItem","position":4,"name":"Piazzola Roulotte"}]},{"@type":"WebSite","@id":"https:\/\/www.campingkings.com\/it\/#website","url":"https:\/\/www.campingkings.com\/it\/","name":"Camping King&#039;s","description":"Al cor de la Costa Brava, a Palam\u00f3s, a 200m. de la platja de La Fosca.","publisher":{"@id":"https:\/\/www.campingkings.com\/it\/#organization"},"potentialAction":[{"@type":"SearchAction","target":{"@type":"EntryPoint","urlTemplate":"https:\/\/www.campingkings.com\/it\/?s={search_term_string}"},"query-input":{"@type":"PropertyValueSpecification","valueRequired":true,"valueName":"search_term_string"}}],"inLanguage":"it-IT"},{"@type":"Organization","@id":"https:\/\/www.campingkings.com\/it\/#organization","name":"Camping King's","url":"https:\/\/www.campingkings.com\/it\/","logo":{"@type":"ImageObject","inLanguage":"it-IT","@id":"https:\/\/www.campingkings.com\/it\/#\/schema\/logo\/image\/","url":"https:\/\/www.campingkings.com\/wp-content\/uploads\/logo-kings.svg","contentUrl":"https:\/\/www.campingkings.com\/wp-content\/uploads\/logo-kings.svg","width":57,"height":28,"caption":"Camping King's"},"image":{"@id":"https:\/\/www.campingkings.com\/it\/#\/schema\/logo\/image\/"},"sameAs":["https:\/\/www.facebook.com\/kingslafosca\/"]}]}},"_links":{"self":[{"href":"https:\/\/www.campingkings.com\/it\/wp-json\/wp\/v2\/pages\/24990","targetHints":{"allow":["GET"]}}],"collection":[{"href":"https:\/\/www.campingkings.com\/it\/wp-json\/wp\/v2\/pages"}],"about":[{"href":"https:\/\/www.campingkings.com\/it\/wp-json\/wp\/v2\/types\/page"}],"author":[{"embeddable":true,"href":"https:\/\/www.campingkings.com\/it\/wp-json\/wp\/v2\/users\/1"}],"replies":[{"embeddable":true,"href":"https:\/\/www.campingkings.com\/it\/wp-json\/wp\/v2\/comments?post=24990"}],"version-history":[{"count":7,"href":"https:\/\/www.campingkings.com\/it\/wp-json\/wp\/v2\/pages\/24990\/revisions"}],"predecessor-version":[{"id":30847,"href":"https:\/\/www.campingkings.com\/it\/wp-json\/wp\/v2\/pages\/24990\/revisions\/30847"}],"up":[{"embeddable":true,"href":"https:\/\/www.campingkings.com\/it\/wp-json\/wp\/v2\/pages\/23717"}],"wp:featuredmedia":[{"embeddable":true,"href":"https:\/\/www.campingkings.com\/it\/wp-json\/wp\/v2\/media\/24222"}],"wp:attachment":[{"href":"https:\/\/www.campingkings.com\/it\/wp-json\/wp\/v2\/media?parent=24990"}],"curies":[{"name":"wp","href":"https:\/\/api.w.org\/{rel}","templated":true}]}}