{"id":23931,"date":"2019-11-19T15:36:20","date_gmt":"2019-11-19T14:36:20","guid":{"rendered":"https:\/\/www.campingkings.com\/entorn\/"},"modified":"2020-02-03T16:49:35","modified_gmt":"2020-02-03T15:49:35","slug":"ambiente","status":"publish","type":"page","link":"https:\/\/www.campingkings.com\/it\/ambiente\/","title":{"rendered":"Ambiente"},"content":{"rendered":"\n<h2 class=\"has-blank-3-brown-color has-text-color has-text-align-center wp-block-heading\">Costa Brava<\/h2>\n\n\n\n<p class=\"has-text-align-left\">La Costa Brava si estende dal confine francese fino a 70 km a nord di Barcellona. Comprende 200 km di costa catalana ricca di scogliere, piccole e pittoresche insenature nascoste e spiagge da sogno.<\/p>\n\n\n\n<p>Dal campeggio, seguendo il<strong> percorso costiero GR92<\/strong>, scoprirai e potrai godere di angoli unici e indimenticabili, luoghi di eccezionale bellezza naturale e potrai percorrere<strong> itinerari attraverso piccoli villaggi di emblematica tradizione di pesca<\/strong>, potendo godere della sua gastronomia e tradizioni, frutto del Cultura mediterranea.<\/p>\n\n\n\n<div style=\"height:50px\" aria-hidden=\"true\" class=\"wp-block-spacer\"><\/div>\n\n\n\n<div class=\"wp-block-cover alignfull has-background-dim-10 has-background-dim\" style=\"background-image:url(https:\/\/www.campingkings.com\/wp-content\/uploads\/img-20190910-wa0002-1.jpg)\"><div class=\"wp-block-cover__inner-container is-layout-flow wp-block-cover-is-layout-flow\">\n<h4 class=\"has-text-align-center wp-block-heading\">Palam\u00f3s \u00e8 una citt\u00e0 bellissima e affascinante, con un&#8217;atmosfera tranquilla e familiare di lunga tradizione nel cuore della costa catalana, conosciuta a livello internazionale per la sua attivit\u00e0 di pesca e i suoi gamberi rossi con denominazione di origine.<\/h4>\n<\/div><\/div>\n\n\n\n<div style=\"height:50px\" aria-hidden=\"true\" class=\"wp-block-spacer\"><\/div>\n\n\n\n<p>Oltre al porto peschereccio, al porto nautico e al lungomare dove puoi goderti un&#8217;atmosfera tranquilla e accogliente per la tua famiglia, godrai di un ambiente naturale e paesaggistico unico, con innumerevoli piccole insenature piene di pace e angoli indimenticabili.<\/p>\n\n\n<!-- page-grid.php -->\n\n<style>\n\n    @media only screen and (min-width: 0px) and (max-width: 499px){\n        #grid-items-block_5de8fba0b043b.is-style-default [class*=\"grid-item\"] {\n            flex-basis: 100%;\n            width: 100%;\n        }\n\n        #grid-items-block_5de8fba0b043b{\n            justify-content: center;\n        }\n    }\n    @media only screen and (min-width: 0px) and (max-width: 499px){\n        #grid-items-block_5de8fba0b043b.is-style-circles [class*=\"grid-item\"] {\n            flex-basis: 45%;\n            width: 45%;\n        }\n    }\n    @media only screen and (min-width: 500px) and (max-width: 799px){\n        #grid-items-block_5de8fba0b043b.is-style-circles [class*=\"grid-item\"],\n        #grid-items-block_5de8fba0b043b.is-style-default [class*=\"grid-item\"] {\n            flex-basis: 48%;\n            width: 48%;\n        }\n\n    }\n    @media only screen and (min-width: 500px) and (max-width : 799px){\n        #grid-items-block_5de8fba0b043b.is-style-circles [class*=\"grid-item\"] {\n            flex-basis: 32%;\n            width: 32%;\n        }\n    }\n    @media only screen and (max-width: 799px){\n        [id*=\"grid-items\"]:not(.is-style-circles) {\n\n        }\n    }\n    @media only screen and (min-width: 800px){\n\n        #grid-items-block_5de8fba0b043b [class*=\"grid-item\"] {\n            width: calc(100% * (1\/3) - 3%);\n        }\n    }\n<\/style>\n            <div class=\"custom-block alignwide\">\n        <div id=\"grid-items-block_5de8fba0b043b\" class=\"flex is-style-default\">\n            \n                <a class=\"grid-item-25422\" href=\"https:\/\/www.campingkings.com\/it\/ambiente\/spiagge-e-calette\/\">\n\n                    <div class=\"thumb-img\">\n                                                                                    <!-- style default -->\n                                <img loading=\"lazy\" decoding=\"async\" width=\"480\" height=\"311\" src=\"https:\/\/www.campingkings.com\/wp-content\/uploads\/img-20180302-wa0011.jpg\" class=\"attachment-slide-s size-slide-s wp-post-image\" alt=\"Camping playa en La Costa Brava\" srcset=\"https:\/\/www.campingkings.com\/wp-content\/uploads\/img-20180302-wa0011.jpg 1238w, https:\/\/www.campingkings.com\/wp-content\/uploads\/img-20180302-wa0011-512x331.jpg 512w, https:\/\/www.campingkings.com\/wp-content\/uploads\/img-20180302-wa0011-1200x776.jpg 1200w, https:\/\/www.campingkings.com\/wp-content\/uploads\/img-20180302-wa0011-900x582.jpg 900w, https:\/\/www.campingkings.com\/wp-content\/uploads\/img-20180302-wa0011-290x188.jpg 290w, https:\/\/www.campingkings.com\/wp-content\/uploads\/img-20180302-wa0011-240x155.jpg 240w, https:\/\/www.campingkings.com\/wp-content\/uploads\/img-20180302-wa0011-1236x800.jpg 1236w\" sizes=\"auto, (max-width: 480px) 100vw, 480px\" \/>                                                                        <\/div>\n                    <div class=\"grid-title\">\n                                                                                  <h2 class=\"ellipsis\">Spiagge e calette<\/h2>\n                                                                               <div class=\"text-card grid-excerpt\">\n                                \n                                                                    Scopri i nostri dintorni e goditi il fascino della Costa Brava                                                            <\/div>\n                                            <\/div>\n                <\/a>\n\n            \n                <a class=\"grid-item-25435\" href=\"https:\/\/www.campingkings.com\/it\/ambiente\/dintorni\/\">\n\n                    <div class=\"thumb-img\">\n                                                                                    <!-- style default -->\n                                <img loading=\"lazy\" decoding=\"async\" width=\"480\" height=\"480\" src=\"https:\/\/www.campingkings.com\/wp-content\/uploads\/port-palamos-retocada-480x480.jpg\" class=\"attachment-slide-s size-slide-s wp-post-image\" alt=\"Entorno Camping en Palam\u00f3s\" srcset=\"https:\/\/www.campingkings.com\/wp-content\/uploads\/port-palamos-retocada-480x480.jpg 480w, https:\/\/www.campingkings.com\/wp-content\/uploads\/port-palamos-retocada-250x250.jpg 250w\" sizes=\"auto, (max-width: 480px) 100vw, 480px\" \/>                                                                        <\/div>\n                    <div class=\"grid-title\">\n                                                                                  <h2 class=\"ellipsis\">Dintorni<\/h2>\n                                                                               <div class=\"text-card grid-excerpt\">\n                                \n                                                                    Goditi i paesaggi unici e il patrimonio naturale unico intorno al Camping King\u2019s                                                            <\/div>\n                                            <\/div>\n                <\/a>\n\n            \n                <a class=\"grid-item-25449\" href=\"https:\/\/www.campingkings.com\/it\/ambiente\/turismo\/\">\n\n                    <div class=\"thumb-img\">\n                                                                                    <!-- style default -->\n                                <img loading=\"lazy\" decoding=\"async\" width=\"480\" height=\"365\" src=\"https:\/\/www.campingkings.com\/wp-content\/uploads\/museo-dali-480x365.jpg\" class=\"attachment-slide-s size-slide-s wp-post-image\" alt=\"Camping Costa Brava con visitas culturales\" \/>                                                                        <\/div>\n                    <div class=\"grid-title\">\n                                                                                  <h2 class=\"ellipsis\">Turismo<\/h2>\n                                                                               <div class=\"text-card grid-excerpt\">\n                                \n                                                                    Cogli l&#8217;occasione per combinare il tuo soggiorno con visite culturali e turistiche                                                            <\/div>\n                                            <\/div>\n                <\/a>\n\n            \n        <\/div>\n    <\/div>\n\n\n    \n\n\n\n\n\n<div class=\"wp-block-cover alignfull has-background-dim-100 has-background-dim is-style-negative-margin\" style=\"background-image:url(https:\/\/www.campingkings.com\/wp-content\/uploads\/platja-de-castell2.jpg)\"><span aria-hidden=\"true\" class=\"wp-block-cover__gradient-background has-white-transparent-gradient-background\"><\/span><div class=\"wp-block-cover__inner-container is-layout-flow wp-block-cover-is-layout-flow\">\n<p class=\"has-text-align-center has-large-font-size\"><\/p>\n<\/div><\/div>\n","protected":false},"excerpt":{"rendered":"<p>Costa Brava La Costa Brava si estende dal confine francese [&hellip;]<\/p>\n","protected":false},"author":1,"featured_media":23933,"parent":0,"menu_order":8,"comment_status":"closed","ping_status":"closed","template":"","meta":{"_acf_changed":false,"_monsterinsights_skip_tracking":false,"_monsterinsights_sitenote_active":false,"_monsterinsights_sitenote_note":"","_monsterinsights_sitenote_category":0,"footnotes":""},"class_list":["post-23931","page","type-page","status-publish","has-post-thumbnail","hentry"],"acf":[],"yoast_head":"<!-- This site is optimized with the Yoast SEO plugin v26.6 - https:\/\/yoast.com\/wordpress\/plugins\/seo\/ -->\n<title>Ambiente - Camping King&#039;s<\/title>\n<meta name=\"description\" content=\"Costa Brava La Costa Brava si estende dal confine francese fino a 70 km a nord di Barcellona. Comprende 200 km di costa catalana ricca di scogliere,\" \/>\n<meta name=\"robots\" content=\"index, follow, max-snippet:-1, max-image-preview:large, max-video-preview:-1\" \/>\n<link rel=\"canonical\" href=\"https:\/\/www.campingkings.com\/it\/ambiente\/\" \/>\n<meta property=\"og:locale\" content=\"it_IT\" \/>\n<meta property=\"og:type\" content=\"article\" \/>\n<meta property=\"og:title\" content=\"Ambiente - Camping King&#039;s\" \/>\n<meta property=\"og:description\" content=\"Costa Brava La Costa Brava si estende dal confine francese fino a 70 km a nord di Barcellona. Comprende 200 km di costa catalana ricca di scogliere,\" \/>\n<meta property=\"og:url\" content=\"https:\/\/www.campingkings.com\/it\/ambiente\/\" \/>\n<meta property=\"og:site_name\" content=\"Camping King&#039;s\" \/>\n<meta property=\"article:publisher\" content=\"https:\/\/www.facebook.com\/kingslafosca\/\" \/>\n<meta property=\"article:modified_time\" content=\"2020-02-03T15:49:35+00:00\" \/>\n<meta property=\"og:image\" content=\"https:\/\/www.campingkings.com\/wp-content\/uploads\/platja-h.jpg\" \/>\n\t<meta property=\"og:image:width\" content=\"1000\" \/>\n\t<meta property=\"og:image:height\" content=\"1431\" \/>\n\t<meta property=\"og:image:type\" content=\"image\/jpeg\" \/>\n<meta name=\"twitter:card\" content=\"summary_large_image\" \/>\n<meta name=\"twitter:label1\" content=\"Tempo di lettura stimato\" \/>\n\t<meta name=\"twitter:data1\" content=\"1 minuto\" \/>\n<script type=\"application\/ld+json\" class=\"yoast-schema-graph\">{\"@context\":\"https:\/\/schema.org\",\"@graph\":[{\"@type\":\"WebPage\",\"@id\":\"https:\/\/www.campingkings.com\/it\/ambiente\/\",\"url\":\"https:\/\/www.campingkings.com\/it\/ambiente\/\",\"name\":\"Ambiente - Camping King&#039;s\",\"isPartOf\":{\"@id\":\"https:\/\/www.campingkings.com\/it\/#website\"},\"primaryImageOfPage\":{\"@id\":\"https:\/\/www.campingkings.com\/it\/ambiente\/#primaryimage\"},\"image\":{\"@id\":\"https:\/\/www.campingkings.com\/it\/ambiente\/#primaryimage\"},\"thumbnailUrl\":\"https:\/\/www.campingkings.com\/wp-content\/uploads\/platja-h.jpg\",\"datePublished\":\"2019-11-19T14:36:20+00:00\",\"dateModified\":\"2020-02-03T15:49:35+00:00\",\"description\":\"Costa Brava La Costa Brava si estende dal confine francese fino a 70 km a nord di Barcellona. Comprende 200 km di costa catalana ricca di scogliere,\",\"breadcrumb\":{\"@id\":\"https:\/\/www.campingkings.com\/it\/ambiente\/#breadcrumb\"},\"inLanguage\":\"it-IT\",\"potentialAction\":[{\"@type\":\"ReadAction\",\"target\":[\"https:\/\/www.campingkings.com\/it\/ambiente\/\"]}]},{\"@type\":\"ImageObject\",\"inLanguage\":\"it-IT\",\"@id\":\"https:\/\/www.campingkings.com\/it\/ambiente\/#primaryimage\",\"url\":\"https:\/\/www.campingkings.com\/wp-content\/uploads\/platja-h.jpg\",\"contentUrl\":\"https:\/\/www.campingkings.com\/wp-content\/uploads\/platja-h.jpg\",\"width\":1000,\"height\":1431,\"caption\":\"Entorno Camping Kings en Palam\u00f3s\"},{\"@type\":\"BreadcrumbList\",\"@id\":\"https:\/\/www.campingkings.com\/it\/ambiente\/#breadcrumb\",\"itemListElement\":[{\"@type\":\"ListItem\",\"position\":1,\"name\":\"Camping King's\",\"item\":\"https:\/\/www.campingkings.com\/it\/\"},{\"@type\":\"ListItem\",\"position\":2,\"name\":\"Ambiente\"}]},{\"@type\":\"WebSite\",\"@id\":\"https:\/\/www.campingkings.com\/it\/#website\",\"url\":\"https:\/\/www.campingkings.com\/it\/\",\"name\":\"Camping King&#039;s\",\"description\":\"Al cor de la Costa Brava, a Palam\u00f3s, a 200m. de la platja de La Fosca.\",\"publisher\":{\"@id\":\"https:\/\/www.campingkings.com\/it\/#organization\"},\"potentialAction\":[{\"@type\":\"SearchAction\",\"target\":{\"@type\":\"EntryPoint\",\"urlTemplate\":\"https:\/\/www.campingkings.com\/it\/?s={search_term_string}\"},\"query-input\":{\"@type\":\"PropertyValueSpecification\",\"valueRequired\":true,\"valueName\":\"search_term_string\"}}],\"inLanguage\":\"it-IT\"},{\"@type\":\"Organization\",\"@id\":\"https:\/\/www.campingkings.com\/it\/#organization\",\"name\":\"Camping King's\",\"url\":\"https:\/\/www.campingkings.com\/it\/\",\"logo\":{\"@type\":\"ImageObject\",\"inLanguage\":\"it-IT\",\"@id\":\"https:\/\/www.campingkings.com\/it\/#\/schema\/logo\/image\/\",\"url\":\"https:\/\/www.campingkings.com\/wp-content\/uploads\/logo-kings.svg\",\"contentUrl\":\"https:\/\/www.campingkings.com\/wp-content\/uploads\/logo-kings.svg\",\"width\":57,\"height\":28,\"caption\":\"Camping King's\"},\"image\":{\"@id\":\"https:\/\/www.campingkings.com\/it\/#\/schema\/logo\/image\/\"},\"sameAs\":[\"https:\/\/www.facebook.com\/kingslafosca\/\"]}]}<\/script>\n<!-- \/ Yoast SEO plugin. -->","yoast_head_json":{"title":"Ambiente - Camping King&#039;s","description":"Costa Brava La Costa Brava si estende dal confine francese fino a 70 km a nord di Barcellona. Comprende 200 km di costa catalana ricca di scogliere,","robots":{"index":"index","follow":"follow","max-snippet":"max-snippet:-1","max-image-preview":"max-image-preview:large","max-video-preview":"max-video-preview:-1"},"canonical":"https:\/\/www.campingkings.com\/it\/ambiente\/","og_locale":"it_IT","og_type":"article","og_title":"Ambiente - Camping King&#039;s","og_description":"Costa Brava La Costa Brava si estende dal confine francese fino a 70 km a nord di Barcellona. Comprende 200 km di costa catalana ricca di scogliere,","og_url":"https:\/\/www.campingkings.com\/it\/ambiente\/","og_site_name":"Camping King&#039;s","article_publisher":"https:\/\/www.facebook.com\/kingslafosca\/","article_modified_time":"2020-02-03T15:49:35+00:00","og_image":[{"width":1000,"height":1431,"url":"https:\/\/www.campingkings.com\/wp-content\/uploads\/platja-h.jpg","type":"image\/jpeg"}],"twitter_card":"summary_large_image","twitter_misc":{"Tempo di lettura stimato":"1 minuto"},"schema":{"@context":"https:\/\/schema.org","@graph":[{"@type":"WebPage","@id":"https:\/\/www.campingkings.com\/it\/ambiente\/","url":"https:\/\/www.campingkings.com\/it\/ambiente\/","name":"Ambiente - Camping King&#039;s","isPartOf":{"@id":"https:\/\/www.campingkings.com\/it\/#website"},"primaryImageOfPage":{"@id":"https:\/\/www.campingkings.com\/it\/ambiente\/#primaryimage"},"image":{"@id":"https:\/\/www.campingkings.com\/it\/ambiente\/#primaryimage"},"thumbnailUrl":"https:\/\/www.campingkings.com\/wp-content\/uploads\/platja-h.jpg","datePublished":"2019-11-19T14:36:20+00:00","dateModified":"2020-02-03T15:49:35+00:00","description":"Costa Brava La Costa Brava si estende dal confine francese fino a 70 km a nord di Barcellona. Comprende 200 km di costa catalana ricca di scogliere,","breadcrumb":{"@id":"https:\/\/www.campingkings.com\/it\/ambiente\/#breadcrumb"},"inLanguage":"it-IT","potentialAction":[{"@type":"ReadAction","target":["https:\/\/www.campingkings.com\/it\/ambiente\/"]}]},{"@type":"ImageObject","inLanguage":"it-IT","@id":"https:\/\/www.campingkings.com\/it\/ambiente\/#primaryimage","url":"https:\/\/www.campingkings.com\/wp-content\/uploads\/platja-h.jpg","contentUrl":"https:\/\/www.campingkings.com\/wp-content\/uploads\/platja-h.jpg","width":1000,"height":1431,"caption":"Entorno Camping Kings en Palam\u00f3s"},{"@type":"BreadcrumbList","@id":"https:\/\/www.campingkings.com\/it\/ambiente\/#breadcrumb","itemListElement":[{"@type":"ListItem","position":1,"name":"Camping King's","item":"https:\/\/www.campingkings.com\/it\/"},{"@type":"ListItem","position":2,"name":"Ambiente"}]},{"@type":"WebSite","@id":"https:\/\/www.campingkings.com\/it\/#website","url":"https:\/\/www.campingkings.com\/it\/","name":"Camping King&#039;s","description":"Al cor de la Costa Brava, a Palam\u00f3s, a 200m. de la platja de La Fosca.","publisher":{"@id":"https:\/\/www.campingkings.com\/it\/#organization"},"potentialAction":[{"@type":"SearchAction","target":{"@type":"EntryPoint","urlTemplate":"https:\/\/www.campingkings.com\/it\/?s={search_term_string}"},"query-input":{"@type":"PropertyValueSpecification","valueRequired":true,"valueName":"search_term_string"}}],"inLanguage":"it-IT"},{"@type":"Organization","@id":"https:\/\/www.campingkings.com\/it\/#organization","name":"Camping King's","url":"https:\/\/www.campingkings.com\/it\/","logo":{"@type":"ImageObject","inLanguage":"it-IT","@id":"https:\/\/www.campingkings.com\/it\/#\/schema\/logo\/image\/","url":"https:\/\/www.campingkings.com\/wp-content\/uploads\/logo-kings.svg","contentUrl":"https:\/\/www.campingkings.com\/wp-content\/uploads\/logo-kings.svg","width":57,"height":28,"caption":"Camping King's"},"image":{"@id":"https:\/\/www.campingkings.com\/it\/#\/schema\/logo\/image\/"},"sameAs":["https:\/\/www.facebook.com\/kingslafosca\/"]}]}},"_links":{"self":[{"href":"https:\/\/www.campingkings.com\/it\/wp-json\/wp\/v2\/pages\/23931","targetHints":{"allow":["GET"]}}],"collection":[{"href":"https:\/\/www.campingkings.com\/it\/wp-json\/wp\/v2\/pages"}],"about":[{"href":"https:\/\/www.campingkings.com\/it\/wp-json\/wp\/v2\/types\/page"}],"author":[{"embeddable":true,"href":"https:\/\/www.campingkings.com\/it\/wp-json\/wp\/v2\/users\/1"}],"replies":[{"embeddable":true,"href":"https:\/\/www.campingkings.com\/it\/wp-json\/wp\/v2\/comments?post=23931"}],"version-history":[{"count":2,"href":"https:\/\/www.campingkings.com\/it\/wp-json\/wp\/v2\/pages\/23931\/revisions"}],"predecessor-version":[{"id":25409,"href":"https:\/\/www.campingkings.com\/it\/wp-json\/wp\/v2\/pages\/23931\/revisions\/25409"}],"wp:featuredmedia":[{"embeddable":true,"href":"https:\/\/www.campingkings.com\/it\/wp-json\/wp\/v2\/media\/23933"}],"wp:attachment":[{"href":"https:\/\/www.campingkings.com\/it\/wp-json\/wp\/v2\/media?parent=23931"}],"curies":[{"name":"wp","href":"https:\/\/api.w.org\/{rel}","templated":true}]}}