{"id":26967,"date":"2019-11-22T11:37:50","date_gmt":"2019-11-22T10:37:50","guid":{"rendered":"https:\/\/www.campingkings.com\/politica-de-cookies\/"},"modified":"2022-03-11T12:01:41","modified_gmt":"2022-03-11T11:01:41","slug":"politique-de-cookies","status":"publish","type":"page","link":"https:\/\/www.campingkings.com\/fr\/politique-de-cookies\/","title":{"rendered":"Politique de cookies"},"content":{"rendered":"\n<p>Les cookies sont de br\u00e8ves informations qui sont envoy\u00e9es et stock\u00e9es sur le disque dur de l&rsquo;ordinateur de l&rsquo;utilisateur via son navigateur lors de la connexion \u00e0 un site Web. Les cookies peuvent \u00eatre utilis\u00e9s pour collecter et stocker des donn\u00e9es utilisateur lorsqu&rsquo;ils sont connect\u00e9s pour fournir les services demand\u00e9s et ne sont g\u00e9n\u00e9ralement pas stock\u00e9s (cookies de session), ou pour stocker des donn\u00e9es utilisateur pour un autre type de services futurs pouvant \u00eatre stock\u00e9s ind\u00e9finiment (cookies persistants). Les cookies peuvent \u00eatre propres ou de tiers.<\/p>\n\n\n\n<h4 class=\"wp-block-heading\">Il existe plusieurs types de cookies:<\/h4>\n\n\n\n<ul class=\"wp-block-list\"><li>Cookies techniques qui facilitent la navigation de l&rsquo;utilisateur et l&rsquo;utilisation des diff\u00e9rentes options ou services offerts par le Web tels que l&rsquo;identification de la session, l&rsquo;acc\u00e8s \u00e0 certaines zones, la facilitation des commandes, des achats, le remplissage des formulaires, les inscriptions, la s\u00e9curit\u00e9, la facilitation fonctionnalit\u00e9s (vid\u00e9os, r\u00e9seaux sociaux &#8230;).<\/li><li>Cookies de personnalisation qui permettent \u00e0 l&rsquo;utilisateur d&rsquo;acc\u00e9der aux services selon ses pr\u00e9f\u00e9rences (langue, navigateur, param\u00e8tres &#8230;).<\/li><li>Cookies d&rsquo;analyse qui permettent une analyse anonyme du comportement des internautes et mesurent \u00e9galement l&rsquo;activit\u00e9 des utilisateurs et d\u00e9veloppent des profils de navigation dans le but d&rsquo;am\u00e9liorer les sites Internet.<\/li><li>Cookies publicitaires qui permettent la gestion des espaces publicitaires sur le web.<\/li><li>Cookies publicitaires personnalis\u00e9s qui permettent la gestion des espaces publicitaires sur le web en fonction du comportement et des habitudes de navigation de l&rsquo;utilisateur, o\u00f9 ils obtiennent leur profil et leur permettent de personnaliser la publicit\u00e9 affich\u00e9e dans le navigateur.<\/li><\/ul>\n\n\n\n<p>Camping King&rsquo;s utilise des cookies techniques, de personnalisation et d&rsquo;analyse, propres et tiers, qui ne traitent en aucun cas les donn\u00e9es personnelles, mais capturent les habitudes de navigation \u00e0 des fins statistiques.<\/p>\n\n\n\n<p>Par cons\u00e9quent, lors de l&rsquo;acc\u00e8s \u00e0 notre site Web, conform\u00e9ment \u00e0 l&rsquo;article 22 de la loi sur les services de la soci\u00e9t\u00e9 de l&rsquo;information, nous avons demand\u00e9 votre consentement pour l&rsquo;utiliser.<\/p>\n\n\n\n<p>Quoi qu&rsquo;il en soit, nous vous informons que vous pouvez activer ou d\u00e9sactiver ces cookies en suivant les instructions de votre navigateur Internet:<\/p>\n\n\n\n<ul class=\"wp-block-list\"><li>Chrome: Param\u00e8tres -&gt; Param\u00e8tres avanc\u00e9s -&gt; Confidentialit\u00e9-&gt; Param\u00e8tres de contenu<\/li><li>Firefox: Outils -&gt; Options -&gt; Confidentialit\u00e9 -&gt; Histoire -&gt; Param\u00e8tres personnalis\u00e9s.<\/li><li>Internet Explorer: Outils -&gt; Options d\u2019Internet -&gt; Confidentialit\u00e9 -&gt; Param\u00e8tres.<\/li><li>Safari: Pr\u00e9f\u00e9rences -&gt; S\u00e9curit\u00e9.<\/li><li>Opera: Outils -&gt; Pr\u00e9f\u00e9rences -&gt; Modifier les pr\u00e9f\u00e9rences-&gt; Cookies<\/li><li>Edge: Param\u00e8tres -&gt; Voir les param\u00e8tres avanc\u00e9s -&gt; Confidentialit\u00e9 et services -&gt; Cookies<\/li><\/ul>\n\n\n\n<p>Pour plus d&rsquo;informations, vous pouvez consulter l&rsquo;aide du navigateur ou les pages d&rsquo;assistance:<\/p>\n\n\n\n<ul class=\"wp-block-list\"><li>Chrome:&nbsp;<a rel=\"noreferrer noopener\" href=\"http:\/\/support.google.com\/\" target=\"_blank\">support.google.com<\/a><\/li><li>Firefox:&nbsp;<a href=\"https:\/\/support.mozilla.org\/fr\/\" target=\"_blank\" rel=\"noreferrer noopener\">support.mozilla.org<\/a><\/li><li>Internet Explorer:&nbsp;<a rel=\"noreferrer noopener\" href=\"http:\/\/windows.microsoft.com\/\" target=\"_blank\">windows.microsoft.com<\/a><\/li><li>Safari:&nbsp;<a href=\"http:\/\/www.apple.com\/\">http:\/\/www.apple.com<\/a><\/li><li>Opera:&nbsp;<a rel=\"noreferrer noopener\" href=\"http:\/\/www.opera.com\/help\/tutorials\/security\/cookies\/\" target=\"_blank\">http:\/\/www.opera.com\/help\/tutorials\/security\/cookies\/<\/a><\/li><li>Edge:&nbsp;<a href=\"https:\/\/support.microsoft.com\/fr-fr\/help\/4468242\/microsoft-edge-browsing-data-and-privacy\"><\/a><a href=\"https:\/\/support.microsoft.com\/fr-fr\/help\/4468242\/microsoft-edge-browsing-data-and-privacy\">https:\/\/support.microsoft.com\/fr-fr\/help\/4468242\/microsoft-edge-browsing-data-and-privacy<\/a><\/li><\/ul>\n\n\n\n<p>Camping King&rsquo;s, conform\u00e9ment \u00e0 la loi 34\/2002 du 11 juillet sur les services de la soci\u00e9t\u00e9 de l&rsquo;information et du commerce \u00e9lectronique et \u00e0 la directive communautaire 2009\/136 \/ CE, indique que sur son site Internet, il utilise ses propres cookies et des tiers pour optimiser et adapter votre navigation et vos pr\u00e9f\u00e9rences. Ces cookies sont stock\u00e9s dans votre navigateur.<\/p>\n\n\n\n<p>L&rsquo;analyse des donn\u00e9es que nous collectons nous permet d&rsquo;am\u00e9liorer le web et d&rsquo;offrir des informations et des services plus personnalis\u00e9s, gr\u00e2ce aux donn\u00e9es statistiques collect\u00e9es. En poursuivant votre navigation sur Camping King&rsquo;s, nous comprenons que vous acceptez notre politique de confidentialit\u00e9 et l&rsquo;utilisation des cookies.<\/p>\n\n\n\n<figure class=\"wp-block-table\"><table><thead><tr><th>DOMAINE<\/th><th>COOKIE<\/th><th>OBJECTIF<\/th><th>EXPIRATION<\/th><th>DESCRIPTION<\/th><\/tr><\/thead><tbody><tr><td>.google.es<\/td><td>_ga, _gad<\/td><td>Cookies d\u2019analyse<\/td><td>persistant<\/td><td>Il est utilis\u00e9 pour distinguer les utilisateurs uniques en attribuant un num\u00e9ro g\u00e9n\u00e9r\u00e9 al\u00e9atoirement comme identifiant client, ce qui leur permet de calculer les visites et les sessions.<\/td><\/tr><tr><td>.google.es<\/td><td>_gid<\/td><td>Cookies d\u2019analyse<\/td><td>persistant<\/td><td>Google Analytics utilise ce cookie pour stocker et mettre \u00e0 jour une valeur unique pour chaque page visit\u00e9e. Le cookie est mis \u00e0 jour chaque fois que vous soumettez les donn\u00e9es \u00e0 Google Analytics.<br><\/td><\/tr><tr><td>.google.es<\/td><td>1P_JAR<\/td><td>Cookies de publicit\u00e9<\/td><td>1 semaine<\/td><td>Transf\u00e9rer des donn\u00e9es \u00e0 Google.<\/td><\/tr><tr><td>.campingkings.com<\/td><td>PHPSESSID<\/td><td>Cookies de performance<\/td><td>persistant<\/td><td>Ce cookie est utilis\u00e9 par le langage de cryptage PHP pour permettre le stockage des variables de session sur le serveur Web. Ce cookie est essentiel au fonctionnement du Web.<\/td><\/tr><tr><td>doubleclick.net<\/td><td>IDE, test_cookie<\/td><td>Cookies de publicit\u00e9<\/td><td>1 mois<\/td><td>Ces cookies peuvent \u00e9galement \u00eatre utilis\u00e9s par d&rsquo;autres propri\u00e9t\u00e9s de Google (par exemple, YouTube) pour vous montrer des publicit\u00e9s plus pertinentes.<\/td><\/tr><tr><td>.youtube.com<\/td><td>GPS, PREF, YSC, VISITOR_INFO<\/td><td>Cookies d\u2019analyse<\/td><td>persistant<\/td><td>Transf\u00e9rer des donn\u00e9es \u00e0 Youtube.<\/td><\/tr><tr><td>.masterasp.com<\/td><td>track, trackguid<\/td><td>Cookies d\u2019analyse<\/td><td>persistant<\/td><td>Il est utilis\u00e9 pour distinguer les utilisateurs uniques en attribuant un num\u00e9ro g\u00e9n\u00e9r\u00e9 al\u00e9atoirement comme identifiant client.<\/td><\/tr><\/tbody><\/table><\/figure>\n\n\n\n<div style=\"height:100px\" aria-hidden=\"true\" class=\"wp-block-spacer\"><\/div>\n","protected":false},"excerpt":{"rendered":"<p>Les cookies sont de br\u00e8ves informations qui sont envoy\u00e9es et [&hellip;]<\/p>\n","protected":false},"author":1,"featured_media":0,"parent":0,"menu_order":11,"comment_status":"closed","ping_status":"closed","template":"","meta":{"_acf_changed":false,"_monsterinsights_skip_tracking":false,"_monsterinsights_sitenote_active":false,"_monsterinsights_sitenote_note":"","_monsterinsights_sitenote_category":0,"footnotes":""},"class_list":["post-26967","page","type-page","status-publish","hentry"],"acf":[],"yoast_head":"<!-- This site is optimized with the Yoast SEO plugin v26.6 - https:\/\/yoast.com\/wordpress\/plugins\/seo\/ -->\n<title>Politique de cookies - Campin Kings<\/title>\n<meta name=\"description\" content=\"Les cookies sont de br\u00e8ves informations qui sont envoy\u00e9es et stock\u00e9es sur le disque dur de l&#039;ordinateur de l&#039;utilisateur via son navigateur lors de la\" \/>\n<meta name=\"robots\" content=\"noindex, follow\" \/>\n<meta property=\"og:locale\" content=\"fr_FR\" \/>\n<meta property=\"og:type\" content=\"article\" \/>\n<meta property=\"og:title\" content=\"Politique de cookies - Campin Kings\" \/>\n<meta property=\"og:description\" content=\"Les cookies sont de br\u00e8ves informations qui sont envoy\u00e9es et stock\u00e9es sur le disque dur de l&#039;ordinateur de l&#039;utilisateur via son navigateur lors de la\" \/>\n<meta property=\"og:url\" content=\"https:\/\/www.campingkings.com\/fr\/politique-de-cookies\/\" \/>\n<meta property=\"og:site_name\" content=\"Camping King&#039;s\" \/>\n<meta property=\"article:publisher\" content=\"https:\/\/www.facebook.com\/kingslafosca\/\" \/>\n<meta property=\"article:modified_time\" content=\"2022-03-11T11:01:41+00:00\" \/>\n<meta name=\"twitter:card\" content=\"summary_large_image\" \/>\n<meta name=\"twitter:label1\" content=\"Dur\u00e9e de lecture estim\u00e9e\" \/>\n\t<meta name=\"twitter:data1\" content=\"4 minutes\" \/>\n<script type=\"application\/ld+json\" class=\"yoast-schema-graph\">{\"@context\":\"https:\/\/schema.org\",\"@graph\":[{\"@type\":\"WebPage\",\"@id\":\"https:\/\/www.campingkings.com\/fr\/politique-de-cookies\/\",\"url\":\"https:\/\/www.campingkings.com\/fr\/politique-de-cookies\/\",\"name\":\"Politique de cookies - Campin Kings\",\"isPartOf\":{\"@id\":\"https:\/\/www.campingkings.com\/fr\/#website\"},\"datePublished\":\"2019-11-22T10:37:50+00:00\",\"dateModified\":\"2022-03-11T11:01:41+00:00\",\"description\":\"Les cookies sont de br\u00e8ves informations qui sont envoy\u00e9es et stock\u00e9es sur le disque dur de l'ordinateur de l'utilisateur via son navigateur lors de la\",\"breadcrumb\":{\"@id\":\"https:\/\/www.campingkings.com\/fr\/politique-de-cookies\/#breadcrumb\"},\"inLanguage\":\"fr-FR\",\"potentialAction\":[{\"@type\":\"ReadAction\",\"target\":[\"https:\/\/www.campingkings.com\/fr\/politique-de-cookies\/\"]}]},{\"@type\":\"BreadcrumbList\",\"@id\":\"https:\/\/www.campingkings.com\/fr\/politique-de-cookies\/#breadcrumb\",\"itemListElement\":[{\"@type\":\"ListItem\",\"position\":1,\"name\":\"Camping King's\",\"item\":\"https:\/\/www.campingkings.com\/fr\/\"},{\"@type\":\"ListItem\",\"position\":2,\"name\":\"Politique de cookies\"}]},{\"@type\":\"WebSite\",\"@id\":\"https:\/\/www.campingkings.com\/fr\/#website\",\"url\":\"https:\/\/www.campingkings.com\/fr\/\",\"name\":\"Camping King&#039;s\",\"description\":\"Al cor de la Costa Brava, a Palam\u00f3s, a 200m. de la platja de La Fosca.\",\"publisher\":{\"@id\":\"https:\/\/www.campingkings.com\/fr\/#organization\"},\"potentialAction\":[{\"@type\":\"SearchAction\",\"target\":{\"@type\":\"EntryPoint\",\"urlTemplate\":\"https:\/\/www.campingkings.com\/fr\/?s={search_term_string}\"},\"query-input\":{\"@type\":\"PropertyValueSpecification\",\"valueRequired\":true,\"valueName\":\"search_term_string\"}}],\"inLanguage\":\"fr-FR\"},{\"@type\":\"Organization\",\"@id\":\"https:\/\/www.campingkings.com\/fr\/#organization\",\"name\":\"Camping King's\",\"url\":\"https:\/\/www.campingkings.com\/fr\/\",\"logo\":{\"@type\":\"ImageObject\",\"inLanguage\":\"fr-FR\",\"@id\":\"https:\/\/www.campingkings.com\/fr\/#\/schema\/logo\/image\/\",\"url\":\"https:\/\/www.campingkings.com\/wp-content\/uploads\/logo-kings.svg\",\"contentUrl\":\"https:\/\/www.campingkings.com\/wp-content\/uploads\/logo-kings.svg\",\"width\":57,\"height\":28,\"caption\":\"Camping King's\"},\"image\":{\"@id\":\"https:\/\/www.campingkings.com\/fr\/#\/schema\/logo\/image\/\"},\"sameAs\":[\"https:\/\/www.facebook.com\/kingslafosca\/\"]}]}<\/script>\n<!-- \/ Yoast SEO plugin. -->","yoast_head_json":{"title":"Politique de cookies - Campin Kings","description":"Les cookies sont de br\u00e8ves informations qui sont envoy\u00e9es et stock\u00e9es sur le disque dur de l'ordinateur de l'utilisateur via son navigateur lors de la","robots":{"index":"noindex","follow":"follow"},"og_locale":"fr_FR","og_type":"article","og_title":"Politique de cookies - Campin Kings","og_description":"Les cookies sont de br\u00e8ves informations qui sont envoy\u00e9es et stock\u00e9es sur le disque dur de l'ordinateur de l'utilisateur via son navigateur lors de la","og_url":"https:\/\/www.campingkings.com\/fr\/politique-de-cookies\/","og_site_name":"Camping King&#039;s","article_publisher":"https:\/\/www.facebook.com\/kingslafosca\/","article_modified_time":"2022-03-11T11:01:41+00:00","twitter_card":"summary_large_image","twitter_misc":{"Dur\u00e9e de lecture estim\u00e9e":"4 minutes"},"schema":{"@context":"https:\/\/schema.org","@graph":[{"@type":"WebPage","@id":"https:\/\/www.campingkings.com\/fr\/politique-de-cookies\/","url":"https:\/\/www.campingkings.com\/fr\/politique-de-cookies\/","name":"Politique de cookies - Campin Kings","isPartOf":{"@id":"https:\/\/www.campingkings.com\/fr\/#website"},"datePublished":"2019-11-22T10:37:50+00:00","dateModified":"2022-03-11T11:01:41+00:00","description":"Les cookies sont de br\u00e8ves informations qui sont envoy\u00e9es et stock\u00e9es sur le disque dur de l'ordinateur de l'utilisateur via son navigateur lors de la","breadcrumb":{"@id":"https:\/\/www.campingkings.com\/fr\/politique-de-cookies\/#breadcrumb"},"inLanguage":"fr-FR","potentialAction":[{"@type":"ReadAction","target":["https:\/\/www.campingkings.com\/fr\/politique-de-cookies\/"]}]},{"@type":"BreadcrumbList","@id":"https:\/\/www.campingkings.com\/fr\/politique-de-cookies\/#breadcrumb","itemListElement":[{"@type":"ListItem","position":1,"name":"Camping King's","item":"https:\/\/www.campingkings.com\/fr\/"},{"@type":"ListItem","position":2,"name":"Politique de cookies"}]},{"@type":"WebSite","@id":"https:\/\/www.campingkings.com\/fr\/#website","url":"https:\/\/www.campingkings.com\/fr\/","name":"Camping King&#039;s","description":"Al cor de la Costa Brava, a Palam\u00f3s, a 200m. de la platja de La Fosca.","publisher":{"@id":"https:\/\/www.campingkings.com\/fr\/#organization"},"potentialAction":[{"@type":"SearchAction","target":{"@type":"EntryPoint","urlTemplate":"https:\/\/www.campingkings.com\/fr\/?s={search_term_string}"},"query-input":{"@type":"PropertyValueSpecification","valueRequired":true,"valueName":"search_term_string"}}],"inLanguage":"fr-FR"},{"@type":"Organization","@id":"https:\/\/www.campingkings.com\/fr\/#organization","name":"Camping King's","url":"https:\/\/www.campingkings.com\/fr\/","logo":{"@type":"ImageObject","inLanguage":"fr-FR","@id":"https:\/\/www.campingkings.com\/fr\/#\/schema\/logo\/image\/","url":"https:\/\/www.campingkings.com\/wp-content\/uploads\/logo-kings.svg","contentUrl":"https:\/\/www.campingkings.com\/wp-content\/uploads\/logo-kings.svg","width":57,"height":28,"caption":"Camping King's"},"image":{"@id":"https:\/\/www.campingkings.com\/fr\/#\/schema\/logo\/image\/"},"sameAs":["https:\/\/www.facebook.com\/kingslafosca\/"]}]}},"_links":{"self":[{"href":"https:\/\/www.campingkings.com\/fr\/wp-json\/wp\/v2\/pages\/26967","targetHints":{"allow":["GET"]}}],"collection":[{"href":"https:\/\/www.campingkings.com\/fr\/wp-json\/wp\/v2\/pages"}],"about":[{"href":"https:\/\/www.campingkings.com\/fr\/wp-json\/wp\/v2\/types\/page"}],"author":[{"embeddable":true,"href":"https:\/\/www.campingkings.com\/fr\/wp-json\/wp\/v2\/users\/1"}],"replies":[{"embeddable":true,"href":"https:\/\/www.campingkings.com\/fr\/wp-json\/wp\/v2\/comments?post=26967"}],"version-history":[{"count":8,"href":"https:\/\/www.campingkings.com\/fr\/wp-json\/wp\/v2\/pages\/26967\/revisions"}],"predecessor-version":[{"id":37859,"href":"https:\/\/www.campingkings.com\/fr\/wp-json\/wp\/v2\/pages\/26967\/revisions\/37859"}],"wp:attachment":[{"href":"https:\/\/www.campingkings.com\/fr\/wp-json\/wp\/v2\/media?parent=26967"}],"curies":[{"name":"wp","href":"https:\/\/api.w.org\/{rel}","templated":true}]}}