{"id":26816,"date":"2019-11-22T11:38:24","date_gmt":"2019-11-22T10:38:24","guid":{"rendered":"https:\/\/www.campingkings.com\/politica-de-privacidad\/"},"modified":"2022-03-11T12:00:46","modified_gmt":"2022-03-11T11:00:46","slug":"politique-de-confidentialite","status":"publish","type":"page","link":"https:\/\/www.campingkings.com\/fr\/politique-de-confidentialite\/","title":{"rendered":"Politique de confidentialit\u00e9"},"content":{"rendered":"\n<p>Afin de respecter le R\u00e8glement g\u00e9n\u00e9ral sur la protection des donn\u00e9es (UE) 2016\/679, nous vous fournissons les informations suivantes:<\/p>\n\n\n\n<p>Le responsable du traitement de vos donn\u00e9es est International King&rsquo;s Camping, SA, avec CIF: A17064726 et adresse \u00e0 Palam\u00f3s (G\u00e9rone), Mas Agust\u00ed, s \/ n &#8211; CP 17230. Nous vous informons que nous traiterons vos donn\u00e9es afin de fournir des services d\u2019h\u00f4tellerie&nbsp;sous-traitants et de vous envoyer des informations sur les promotions et offres de nos services qui peuvent&nbsp; vous int\u00e9resser. Nous conserverons vos donn\u00e9es tant que vous nous ne demanderez pas de les supprimer.<\/p>\n\n\n\n<p>Nous ne communiquerons pas vos donn\u00e9es. Nous vous informons que vous avez le droit d&rsquo;acc\u00e9der \u00e0 vos donn\u00e9es personnelles, ainsi que de demander la rectification de donn\u00e9es inexactes ou, le cas \u00e9ch\u00e9ant, de demander leur suppression lorsque, entre d&rsquo;autres raisons, les donn\u00e9es ne sont plus n\u00e9cessaires aux fins pour lesquelles elles ont \u00e9t\u00e9 collect\u00e9es. Dans certaines circonstances, vous pouvez vous opposer ou demander la limitation du traitement de vos donn\u00e9es, auquel cas nous ne les conserverons que pour des raisons l\u00e9gitimes imp\u00e9rieuses, ou pour l&rsquo;exercice ou la d\u00e9fense d&rsquo;\u00e9ventuelles r\u00e9clamations.<\/p>\n","protected":false},"excerpt":{"rendered":"<p>Afin de respecter le R\u00e8glement g\u00e9n\u00e9ral sur la protection des [&hellip;]<\/p>\n","protected":false},"author":1,"featured_media":0,"parent":0,"menu_order":10,"comment_status":"closed","ping_status":"closed","template":"","meta":{"_acf_changed":false,"_monsterinsights_skip_tracking":false,"_monsterinsights_sitenote_active":false,"_monsterinsights_sitenote_note":"","_monsterinsights_sitenote_category":0,"footnotes":""},"class_list":["post-26816","page","type-page","status-publish","hentry"],"acf":[],"yoast_head":"<!-- This site is optimized with the Yoast SEO plugin v26.6 - https:\/\/yoast.com\/wordpress\/plugins\/seo\/ -->\n<title>Politique de confidentialit\u00e9 - Camping King&#039;s<\/title>\n<meta name=\"description\" content=\"Afin de respecter le R\u00e8glement g\u00e9n\u00e9ral sur la protection des donn\u00e9es (UE) 2016\/679, nous vous fournissons les informations suivantes: Le responsable du\" \/>\n<meta name=\"robots\" content=\"noindex, follow\" \/>\n<meta property=\"og:locale\" content=\"fr_FR\" \/>\n<meta property=\"og:type\" content=\"article\" \/>\n<meta property=\"og:title\" content=\"Politique de confidentialit\u00e9 - Camping King&#039;s\" \/>\n<meta property=\"og:description\" content=\"Afin de respecter le R\u00e8glement g\u00e9n\u00e9ral sur la protection des donn\u00e9es (UE) 2016\/679, nous vous fournissons les informations suivantes: Le responsable du\" \/>\n<meta property=\"og:url\" content=\"https:\/\/www.campingkings.com\/fr\/politique-de-confidentialite\/\" \/>\n<meta property=\"og:site_name\" content=\"Camping King&#039;s\" \/>\n<meta property=\"article:publisher\" content=\"https:\/\/www.facebook.com\/kingslafosca\/\" \/>\n<meta property=\"article:modified_time\" content=\"2022-03-11T11:00:46+00:00\" \/>\n<meta name=\"twitter:card\" content=\"summary_large_image\" \/>\n<meta name=\"twitter:label1\" content=\"Dur\u00e9e de lecture estim\u00e9e\" \/>\n\t<meta name=\"twitter:data1\" content=\"1 minute\" \/>\n<script type=\"application\/ld+json\" class=\"yoast-schema-graph\">{\"@context\":\"https:\/\/schema.org\",\"@graph\":[{\"@type\":\"WebPage\",\"@id\":\"https:\/\/www.campingkings.com\/fr\/politique-de-confidentialite\/\",\"url\":\"https:\/\/www.campingkings.com\/fr\/politique-de-confidentialite\/\",\"name\":\"Politique de confidentialit\u00e9 - Camping King&#039;s\",\"isPartOf\":{\"@id\":\"https:\/\/www.campingkings.com\/fr\/#website\"},\"datePublished\":\"2019-11-22T10:38:24+00:00\",\"dateModified\":\"2022-03-11T11:00:46+00:00\",\"description\":\"Afin de respecter le R\u00e8glement g\u00e9n\u00e9ral sur la protection des donn\u00e9es (UE) 2016\/679, nous vous fournissons les informations suivantes: Le responsable du\",\"breadcrumb\":{\"@id\":\"https:\/\/www.campingkings.com\/fr\/politique-de-confidentialite\/#breadcrumb\"},\"inLanguage\":\"fr-FR\",\"potentialAction\":[{\"@type\":\"ReadAction\",\"target\":[\"https:\/\/www.campingkings.com\/fr\/politique-de-confidentialite\/\"]}]},{\"@type\":\"BreadcrumbList\",\"@id\":\"https:\/\/www.campingkings.com\/fr\/politique-de-confidentialite\/#breadcrumb\",\"itemListElement\":[{\"@type\":\"ListItem\",\"position\":1,\"name\":\"Camping King's\",\"item\":\"https:\/\/www.campingkings.com\/fr\/\"},{\"@type\":\"ListItem\",\"position\":2,\"name\":\"Politique de confidentialit\u00e9\"}]},{\"@type\":\"WebSite\",\"@id\":\"https:\/\/www.campingkings.com\/fr\/#website\",\"url\":\"https:\/\/www.campingkings.com\/fr\/\",\"name\":\"Camping King&#039;s\",\"description\":\"Al cor de la Costa Brava, a Palam\u00f3s, a 200m. de la platja de La Fosca.\",\"publisher\":{\"@id\":\"https:\/\/www.campingkings.com\/fr\/#organization\"},\"potentialAction\":[{\"@type\":\"SearchAction\",\"target\":{\"@type\":\"EntryPoint\",\"urlTemplate\":\"https:\/\/www.campingkings.com\/fr\/?s={search_term_string}\"},\"query-input\":{\"@type\":\"PropertyValueSpecification\",\"valueRequired\":true,\"valueName\":\"search_term_string\"}}],\"inLanguage\":\"fr-FR\"},{\"@type\":\"Organization\",\"@id\":\"https:\/\/www.campingkings.com\/fr\/#organization\",\"name\":\"Camping King's\",\"url\":\"https:\/\/www.campingkings.com\/fr\/\",\"logo\":{\"@type\":\"ImageObject\",\"inLanguage\":\"fr-FR\",\"@id\":\"https:\/\/www.campingkings.com\/fr\/#\/schema\/logo\/image\/\",\"url\":\"https:\/\/www.campingkings.com\/wp-content\/uploads\/logo-kings.svg\",\"contentUrl\":\"https:\/\/www.campingkings.com\/wp-content\/uploads\/logo-kings.svg\",\"width\":57,\"height\":28,\"caption\":\"Camping King's\"},\"image\":{\"@id\":\"https:\/\/www.campingkings.com\/fr\/#\/schema\/logo\/image\/\"},\"sameAs\":[\"https:\/\/www.facebook.com\/kingslafosca\/\"]}]}<\/script>\n<!-- \/ Yoast SEO plugin. -->","yoast_head_json":{"title":"Politique de confidentialit\u00e9 - Camping King&#039;s","description":"Afin de respecter le R\u00e8glement g\u00e9n\u00e9ral sur la protection des donn\u00e9es (UE) 2016\/679, nous vous fournissons les informations suivantes: Le responsable du","robots":{"index":"noindex","follow":"follow"},"og_locale":"fr_FR","og_type":"article","og_title":"Politique de confidentialit\u00e9 - Camping King&#039;s","og_description":"Afin de respecter le R\u00e8glement g\u00e9n\u00e9ral sur la protection des donn\u00e9es (UE) 2016\/679, nous vous fournissons les informations suivantes: Le responsable du","og_url":"https:\/\/www.campingkings.com\/fr\/politique-de-confidentialite\/","og_site_name":"Camping King&#039;s","article_publisher":"https:\/\/www.facebook.com\/kingslafosca\/","article_modified_time":"2022-03-11T11:00:46+00:00","twitter_card":"summary_large_image","twitter_misc":{"Dur\u00e9e de lecture estim\u00e9e":"1 minute"},"schema":{"@context":"https:\/\/schema.org","@graph":[{"@type":"WebPage","@id":"https:\/\/www.campingkings.com\/fr\/politique-de-confidentialite\/","url":"https:\/\/www.campingkings.com\/fr\/politique-de-confidentialite\/","name":"Politique de confidentialit\u00e9 - Camping King&#039;s","isPartOf":{"@id":"https:\/\/www.campingkings.com\/fr\/#website"},"datePublished":"2019-11-22T10:38:24+00:00","dateModified":"2022-03-11T11:00:46+00:00","description":"Afin de respecter le R\u00e8glement g\u00e9n\u00e9ral sur la protection des donn\u00e9es (UE) 2016\/679, nous vous fournissons les informations suivantes: Le responsable du","breadcrumb":{"@id":"https:\/\/www.campingkings.com\/fr\/politique-de-confidentialite\/#breadcrumb"},"inLanguage":"fr-FR","potentialAction":[{"@type":"ReadAction","target":["https:\/\/www.campingkings.com\/fr\/politique-de-confidentialite\/"]}]},{"@type":"BreadcrumbList","@id":"https:\/\/www.campingkings.com\/fr\/politique-de-confidentialite\/#breadcrumb","itemListElement":[{"@type":"ListItem","position":1,"name":"Camping King's","item":"https:\/\/www.campingkings.com\/fr\/"},{"@type":"ListItem","position":2,"name":"Politique de confidentialit\u00e9"}]},{"@type":"WebSite","@id":"https:\/\/www.campingkings.com\/fr\/#website","url":"https:\/\/www.campingkings.com\/fr\/","name":"Camping King&#039;s","description":"Al cor de la Costa Brava, a Palam\u00f3s, a 200m. de la platja de La Fosca.","publisher":{"@id":"https:\/\/www.campingkings.com\/fr\/#organization"},"potentialAction":[{"@type":"SearchAction","target":{"@type":"EntryPoint","urlTemplate":"https:\/\/www.campingkings.com\/fr\/?s={search_term_string}"},"query-input":{"@type":"PropertyValueSpecification","valueRequired":true,"valueName":"search_term_string"}}],"inLanguage":"fr-FR"},{"@type":"Organization","@id":"https:\/\/www.campingkings.com\/fr\/#organization","name":"Camping King's","url":"https:\/\/www.campingkings.com\/fr\/","logo":{"@type":"ImageObject","inLanguage":"fr-FR","@id":"https:\/\/www.campingkings.com\/fr\/#\/schema\/logo\/image\/","url":"https:\/\/www.campingkings.com\/wp-content\/uploads\/logo-kings.svg","contentUrl":"https:\/\/www.campingkings.com\/wp-content\/uploads\/logo-kings.svg","width":57,"height":28,"caption":"Camping King's"},"image":{"@id":"https:\/\/www.campingkings.com\/fr\/#\/schema\/logo\/image\/"},"sameAs":["https:\/\/www.facebook.com\/kingslafosca\/"]}]}},"_links":{"self":[{"href":"https:\/\/www.campingkings.com\/fr\/wp-json\/wp\/v2\/pages\/26816","targetHints":{"allow":["GET"]}}],"collection":[{"href":"https:\/\/www.campingkings.com\/fr\/wp-json\/wp\/v2\/pages"}],"about":[{"href":"https:\/\/www.campingkings.com\/fr\/wp-json\/wp\/v2\/types\/page"}],"author":[{"embeddable":true,"href":"https:\/\/www.campingkings.com\/fr\/wp-json\/wp\/v2\/users\/1"}],"replies":[{"embeddable":true,"href":"https:\/\/www.campingkings.com\/fr\/wp-json\/wp\/v2\/comments?post=26816"}],"version-history":[{"count":5,"href":"https:\/\/www.campingkings.com\/fr\/wp-json\/wp\/v2\/pages\/26816\/revisions"}],"predecessor-version":[{"id":37858,"href":"https:\/\/www.campingkings.com\/fr\/wp-json\/wp\/v2\/pages\/26816\/revisions\/37858"}],"wp:attachment":[{"href":"https:\/\/www.campingkings.com\/fr\/wp-json\/wp\/v2\/media?parent=26816"}],"curies":[{"name":"wp","href":"https:\/\/api.w.org\/{rel}","templated":true}]}}