{"id":26413,"date":"2019-02-13T11:53:11","date_gmt":"2019-02-13T10:53:11","guid":{"rendered":"https:\/\/www.campingkings.com\/contacte\/"},"modified":"2023-10-26T10:53:03","modified_gmt":"2023-10-26T08:53:03","slug":"contacte","status":"publish","type":"page","link":"https:\/\/www.campingkings.com\/fr\/contacte\/","title":{"rendered":"Contact"},"content":{"rendered":"\n<div class=\"wp-block-cover alignfull is-light\"><span aria-hidden=\"true\" class=\"wp-block-cover__background has-blank-3-white-background-color has-background-dim\"><\/span><img loading=\"lazy\" decoding=\"async\" width=\"2048\" height=\"986\" class=\"wp-block-cover__image-background wp-image-20204\" alt=\"\" src=\"https:\/\/www.campingkings.com\/wp-content\/uploads\/platja-de-castell2.jpg\" data-object-fit=\"cover\" srcset=\"https:\/\/www.campingkings.com\/wp-content\/uploads\/platja-de-castell2.jpg 2048w, https:\/\/www.campingkings.com\/wp-content\/uploads\/platja-de-castell2-512x247.jpg 512w, https:\/\/www.campingkings.com\/wp-content\/uploads\/platja-de-castell2-1200x578.jpg 1200w, https:\/\/www.campingkings.com\/wp-content\/uploads\/platja-de-castell2-1536x740.jpg 1536w, https:\/\/www.campingkings.com\/wp-content\/uploads\/platja-de-castell2-1920x924.jpg 1920w, https:\/\/www.campingkings.com\/wp-content\/uploads\/platja-de-castell2-900x433.jpg 900w, https:\/\/www.campingkings.com\/wp-content\/uploads\/platja-de-castell2-250x120.jpg 250w, https:\/\/www.campingkings.com\/wp-content\/uploads\/platja-de-castell2-2000x963.jpg 2000w\" sizes=\"auto, (max-width: 2048px) 100vw, 2048px\" \/><div class=\"wp-block-cover__inner-container is-layout-flow wp-block-cover-is-layout-flow\">\n<div class=\"wp-block-columns is-layout-flex wp-container-core-columns-is-layout-9d6595d7 wp-block-columns-is-layout-flex\">\n<div class=\"wp-block-column is-layout-flow wp-block-column-is-layout-flow\" style=\"flex-basis:50%\">\n<h1 class=\"wp-block-heading\"> Avez-vous des questions?<\/h1>\n\n\n\n<p class=\"is-style-default\"> Nous pouvons vous aider au (+34) 972 31 75 11<\/p>\n\n\n\n<p class=\"is-style-default\">ou au: <strong>info@campingkings.com<\/strong><\/p>\n\n\n\n<h4 class=\"wp-block-heading\">Si vous pr\u00e9f\u00e9rez, vous pouvez nous envoyer vos questions ou commentaires avec ce formulaire.<\/h4>\n<\/div>\n\n\n\n<div class=\"wp-block-column is-layout-flow wp-block-column-is-layout-flow\" style=\"flex-basis:50%\">\n<div class=\"wpcf7 no-js\" id=\"wpcf7-f18640-o1\" lang=\"fr-FR\" dir=\"ltr\" data-wpcf7-id=\"18640\">\n<div class=\"screen-reader-response\"><p role=\"status\" aria-live=\"polite\" aria-atomic=\"true\"><\/p> <ul><\/ul><\/div>\n<form action=\"\/fr\/wp-json\/wp\/v2\/pages\/26413#wpcf7-f18640-o1\" method=\"post\" class=\"wpcf7-form init\" aria-label=\"Formulaire de contact\" novalidate=\"novalidate\" data-status=\"init\">\n<fieldset class=\"hidden-fields-container\"><input type=\"hidden\" name=\"_wpcf7\" value=\"18640\" \/><input type=\"hidden\" name=\"_wpcf7_version\" value=\"6.1.4\" \/><input type=\"hidden\" name=\"_wpcf7_locale\" value=\"fr_FR\" \/><input type=\"hidden\" name=\"_wpcf7_unit_tag\" value=\"wpcf7-f18640-o1\" \/><input type=\"hidden\" name=\"_wpcf7_container_post\" value=\"0\" \/><input type=\"hidden\" name=\"_wpcf7_posted_data_hash\" value=\"\" \/><input type=\"hidden\" name=\"_wpcf7_recaptcha_response\" value=\"\" \/>\n<\/fieldset>\n<p><label for=\"cont-nombre\">Nom<\/label><span class=\"wpcf7-form-control-wrap\" data-name=\"cont-nombre\"><input size=\"40\" maxlength=\"400\" class=\"wpcf7-form-control wpcf7-text wpcf7-validates-as-required\" aria-required=\"true\" aria-invalid=\"false\" value=\"\" type=\"text\" name=\"cont-nombre\" \/><\/span>\n<\/p>\n<p><label for=\"cont-email\">Email<\/label><span class=\"wpcf7-form-control-wrap\" data-name=\"cont-email\"><input size=\"40\" maxlength=\"400\" class=\"wpcf7-form-control wpcf7-email wpcf7-validates-as-required wpcf7-text wpcf7-validates-as-email\" aria-required=\"true\" aria-invalid=\"false\" value=\"\" type=\"email\" name=\"cont-email\" \/><\/span>\n<\/p>\n<p><label for=\"cont-telefono\">T\u00e9l\u00e9phone<\/label><span class=\"wpcf7-form-control-wrap\" data-name=\"cont-telefono\"><input size=\"40\" maxlength=\"400\" class=\"wpcf7-form-control wpcf7-text\" aria-invalid=\"false\" value=\"\" type=\"text\" name=\"cont-telefono\" \/><\/span>\n<\/p>\n<p><label for=\"cont-consulta\">Commentaires<\/label><span class=\"wpcf7-form-control-wrap\" data-name=\"cont-consulta\"><textarea cols=\"40\" rows=\"10\" maxlength=\"2000\" class=\"wpcf7-form-control wpcf7-textarea\" aria-invalid=\"false\" name=\"cont-consulta\"><\/textarea><\/span>\n<\/p>\n<div class=\"info-box\">\n\t<p>\n<p>Afin de respecter le R\u00e8glement g\u00e9n\u00e9ral sur la protection des donn\u00e9es (UE) 2016\/679, nous vous informons que:<\/p>\n\n\n\n<p>Le responsable du traitement de vos donn\u00e9es est International King&rsquo;s Camping, SA, CIF: A17064726, domicili\u00e9 \u00e0 Palam\u00f3s (G\u00e9rone), Mas Agust\u00ed, s \/ n &#8211; CP 17230. Nous traiterons vos donn\u00e9es afin de fournir des services d\u2019h\u00f4tellerie\u00a0sous-traitants et de vous envoyer des informations sur les promotions et offres de nos services qui peuvent\u00a0 vous int\u00e9resser. Nous conserverons vos donn\u00e9es tant que vous ne demanderez pas leur suppression.<\/p>\n\n\n\n<p>Nous ne communiquerons pas vos donn\u00e9es. Nous vous informons que vous avez le droit d&rsquo;acc\u00e9der \u00e0 vos donn\u00e9es personnelles, ainsi que de demander la rectification de donn\u00e9es inexactes ou, le cas \u00e9ch\u00e9ant, de demander leur suppression lorsque, entre d&rsquo;autres raisons, les donn\u00e9es ne sont plus n\u00e9cessaires aux fins pour lesquels elles ont \u00e9t\u00e9 collect\u00e9es. Dans certaines circonstances, vous pouvez vous opposer ou demander la limitation du traitement de vos donn\u00e9es, auquel cas nous ne les conserverons que pour des raisons l\u00e9gitimes imp\u00e9rieuses, ou pour l&rsquo;exercice ou la d\u00e9fense d&rsquo;\u00e9ventuelles r\u00e9clamations.<\/p>\n\n\n\n<p>La base juridique du traitement de vos donn\u00e9es est le consentement accord\u00e9 en cliquant sur la case d&rsquo;acceptation \u00e0 la fin de ce formulaire.<\/p>\n\n\t<\/p>\n<\/div>\n<p><span class=\"wpcf7-form-control-wrap\" data-name=\"privacy\"><span class=\"wpcf7-form-control wpcf7-acceptance\"><span class=\"wpcf7-list-item\"><label><input type=\"checkbox\" name=\"privacy\" value=\"1\" aria-invalid=\"false\" \/><span class=\"wpcf7-list-item-label\">J'ai lu et j'accepte la \n <a href=\"https:\/\/www.campingkings.com\/fr\/politique-de-confidentialite\/\">politique de confidentialit\u00e9<\/a>.<\/span><\/label><\/span><\/span><\/span><br \/>\n<span class=\"wpcf7-form-control-wrap\" data-name=\"newsletter\"><span class=\"wpcf7-form-control wpcf7-acceptance optional\"><span class=\"wpcf7-list-item\"><label><input type=\"checkbox\" name=\"newsletter\" value=\"1\" aria-invalid=\"false\" \/><span class=\"wpcf7-list-item-label\">Je ne souhaite pas recevoir de promotions ni d'offres de la part de International King's Camping, S.A.<\/span><\/label><\/span><\/span><\/span>\n<\/p>\n<p><button id='submit' class='wpcf7-form-control wpcf7-submit'>Envoyer<\/button>\n<\/p><input type='hidden' class='wpcf7-pum' value='{\"closepopup\":false,\"closedelay\":0,\"openpopup\":false,\"openpopup_id\":0}' \/><div class=\"wpcf7-response-output\" aria-hidden=\"true\"><\/div>\n<\/form>\n<\/div>\n\n<\/div>\n<\/div>\n\n\n\n<p class=\"has-text-align-center has-large-font-size\"><\/p>\n<\/div><\/div>\n","protected":false},"excerpt":{"rendered":"","protected":false},"author":1,"featured_media":0,"parent":0,"menu_order":9,"comment_status":"closed","ping_status":"closed","template":"","meta":{"_acf_changed":false,"_monsterinsights_skip_tracking":false,"_monsterinsights_sitenote_active":false,"_monsterinsights_sitenote_note":"","_monsterinsights_sitenote_category":0,"footnotes":""},"class_list":["post-26413","page","type-page","status-publish","hentry"],"acf":[],"yoast_head":"<!-- This site is optimized with the Yoast SEO plugin v26.6 - https:\/\/yoast.com\/wordpress\/plugins\/seo\/ -->\n<title>Contact - Camping King&#039;s<\/title>\n<meta name=\"description\" content=\"Avez-vous des questions? Nous pouvons vous aider au (+34) 972 31 75 11 ou au: info@campingkings.com Si vous pr\u00e9f\u00e9rez, vous pouvez nous envoyer vos\" \/>\n<meta name=\"robots\" content=\"index, follow, max-snippet:-1, max-image-preview:large, max-video-preview:-1\" \/>\n<link rel=\"canonical\" href=\"https:\/\/www.campingkings.com\/fr\/contacte\/\" \/>\n<meta property=\"og:locale\" content=\"fr_FR\" \/>\n<meta property=\"og:type\" content=\"article\" \/>\n<meta property=\"og:title\" content=\"Contact - Camping King&#039;s\" \/>\n<meta property=\"og:description\" content=\"Avez-vous des questions? Nous pouvons vous aider au (+34) 972 31 75 11 ou au: info@campingkings.com Si vous pr\u00e9f\u00e9rez, vous pouvez nous envoyer vos\" \/>\n<meta property=\"og:url\" content=\"https:\/\/www.campingkings.com\/fr\/contacte\/\" \/>\n<meta property=\"og:site_name\" content=\"Camping King&#039;s\" \/>\n<meta property=\"article:publisher\" content=\"https:\/\/www.facebook.com\/kingslafosca\/\" \/>\n<meta property=\"article:modified_time\" content=\"2023-10-26T08:53:03+00:00\" \/>\n<meta property=\"og:image\" content=\"https:\/\/www.campingkings.com\/wp-content\/uploads\/platja-de-castell2.jpg\" \/>\n<meta name=\"twitter:card\" content=\"summary_large_image\" \/>\n<meta name=\"twitter:label1\" content=\"Dur\u00e9e de lecture estim\u00e9e\" \/>\n\t<meta name=\"twitter:data1\" content=\"1 minute\" \/>\n<script type=\"application\/ld+json\" class=\"yoast-schema-graph\">{\"@context\":\"https:\/\/schema.org\",\"@graph\":[{\"@type\":\"WebPage\",\"@id\":\"https:\/\/www.campingkings.com\/fr\/contacte\/\",\"url\":\"https:\/\/www.campingkings.com\/fr\/contacte\/\",\"name\":\"Contact - Camping King&#039;s\",\"isPartOf\":{\"@id\":\"https:\/\/www.campingkings.com\/fr\/#website\"},\"primaryImageOfPage\":{\"@id\":\"https:\/\/www.campingkings.com\/fr\/contacte\/#primaryimage\"},\"image\":{\"@id\":\"https:\/\/www.campingkings.com\/fr\/contacte\/#primaryimage\"},\"thumbnailUrl\":\"https:\/\/www.campingkings.com\/wp-content\/uploads\/platja-de-castell2.jpg\",\"datePublished\":\"2019-02-13T10:53:11+00:00\",\"dateModified\":\"2023-10-26T08:53:03+00:00\",\"description\":\"Avez-vous des questions? Nous pouvons vous aider au (+34) 972 31 75 11 ou au: info@campingkings.com Si vous pr\u00e9f\u00e9rez, vous pouvez nous envoyer vos\",\"breadcrumb\":{\"@id\":\"https:\/\/www.campingkings.com\/fr\/contacte\/#breadcrumb\"},\"inLanguage\":\"fr-FR\",\"potentialAction\":[{\"@type\":\"ReadAction\",\"target\":[\"https:\/\/www.campingkings.com\/fr\/contacte\/\"]}]},{\"@type\":\"ImageObject\",\"inLanguage\":\"fr-FR\",\"@id\":\"https:\/\/www.campingkings.com\/fr\/contacte\/#primaryimage\",\"url\":\"https:\/\/www.campingkings.com\/wp-content\/uploads\/platja-de-castell2.jpg\",\"contentUrl\":\"https:\/\/www.campingkings.com\/wp-content\/uploads\/platja-de-castell2.jpg\"},{\"@type\":\"BreadcrumbList\",\"@id\":\"https:\/\/www.campingkings.com\/fr\/contacte\/#breadcrumb\",\"itemListElement\":[{\"@type\":\"ListItem\",\"position\":1,\"name\":\"Camping King's\",\"item\":\"https:\/\/www.campingkings.com\/fr\/\"},{\"@type\":\"ListItem\",\"position\":2,\"name\":\"Contact\"}]},{\"@type\":\"WebSite\",\"@id\":\"https:\/\/www.campingkings.com\/fr\/#website\",\"url\":\"https:\/\/www.campingkings.com\/fr\/\",\"name\":\"Camping King&#039;s\",\"description\":\"Al cor de la Costa Brava, a Palam\u00f3s, a 200m. de la platja de La Fosca.\",\"publisher\":{\"@id\":\"https:\/\/www.campingkings.com\/fr\/#organization\"},\"potentialAction\":[{\"@type\":\"SearchAction\",\"target\":{\"@type\":\"EntryPoint\",\"urlTemplate\":\"https:\/\/www.campingkings.com\/fr\/?s={search_term_string}\"},\"query-input\":{\"@type\":\"PropertyValueSpecification\",\"valueRequired\":true,\"valueName\":\"search_term_string\"}}],\"inLanguage\":\"fr-FR\"},{\"@type\":\"Organization\",\"@id\":\"https:\/\/www.campingkings.com\/fr\/#organization\",\"name\":\"Camping King's\",\"url\":\"https:\/\/www.campingkings.com\/fr\/\",\"logo\":{\"@type\":\"ImageObject\",\"inLanguage\":\"fr-FR\",\"@id\":\"https:\/\/www.campingkings.com\/fr\/#\/schema\/logo\/image\/\",\"url\":\"https:\/\/www.campingkings.com\/wp-content\/uploads\/logo-kings.svg\",\"contentUrl\":\"https:\/\/www.campingkings.com\/wp-content\/uploads\/logo-kings.svg\",\"width\":57,\"height\":28,\"caption\":\"Camping King's\"},\"image\":{\"@id\":\"https:\/\/www.campingkings.com\/fr\/#\/schema\/logo\/image\/\"},\"sameAs\":[\"https:\/\/www.facebook.com\/kingslafosca\/\"]}]}<\/script>\n<!-- \/ Yoast SEO plugin. -->","yoast_head_json":{"title":"Contact - Camping King&#039;s","description":"Avez-vous des questions? Nous pouvons vous aider au (+34) 972 31 75 11 ou au: info@campingkings.com Si vous pr\u00e9f\u00e9rez, vous pouvez nous envoyer vos","robots":{"index":"index","follow":"follow","max-snippet":"max-snippet:-1","max-image-preview":"max-image-preview:large","max-video-preview":"max-video-preview:-1"},"canonical":"https:\/\/www.campingkings.com\/fr\/contacte\/","og_locale":"fr_FR","og_type":"article","og_title":"Contact - Camping King&#039;s","og_description":"Avez-vous des questions? Nous pouvons vous aider au (+34) 972 31 75 11 ou au: info@campingkings.com Si vous pr\u00e9f\u00e9rez, vous pouvez nous envoyer vos","og_url":"https:\/\/www.campingkings.com\/fr\/contacte\/","og_site_name":"Camping King&#039;s","article_publisher":"https:\/\/www.facebook.com\/kingslafosca\/","article_modified_time":"2023-10-26T08:53:03+00:00","og_image":[{"url":"https:\/\/www.campingkings.com\/wp-content\/uploads\/platja-de-castell2.jpg","type":"","width":"","height":""}],"twitter_card":"summary_large_image","twitter_misc":{"Dur\u00e9e de lecture estim\u00e9e":"1 minute"},"schema":{"@context":"https:\/\/schema.org","@graph":[{"@type":"WebPage","@id":"https:\/\/www.campingkings.com\/fr\/contacte\/","url":"https:\/\/www.campingkings.com\/fr\/contacte\/","name":"Contact - Camping King&#039;s","isPartOf":{"@id":"https:\/\/www.campingkings.com\/fr\/#website"},"primaryImageOfPage":{"@id":"https:\/\/www.campingkings.com\/fr\/contacte\/#primaryimage"},"image":{"@id":"https:\/\/www.campingkings.com\/fr\/contacte\/#primaryimage"},"thumbnailUrl":"https:\/\/www.campingkings.com\/wp-content\/uploads\/platja-de-castell2.jpg","datePublished":"2019-02-13T10:53:11+00:00","dateModified":"2023-10-26T08:53:03+00:00","description":"Avez-vous des questions? Nous pouvons vous aider au (+34) 972 31 75 11 ou au: info@campingkings.com Si vous pr\u00e9f\u00e9rez, vous pouvez nous envoyer vos","breadcrumb":{"@id":"https:\/\/www.campingkings.com\/fr\/contacte\/#breadcrumb"},"inLanguage":"fr-FR","potentialAction":[{"@type":"ReadAction","target":["https:\/\/www.campingkings.com\/fr\/contacte\/"]}]},{"@type":"ImageObject","inLanguage":"fr-FR","@id":"https:\/\/www.campingkings.com\/fr\/contacte\/#primaryimage","url":"https:\/\/www.campingkings.com\/wp-content\/uploads\/platja-de-castell2.jpg","contentUrl":"https:\/\/www.campingkings.com\/wp-content\/uploads\/platja-de-castell2.jpg"},{"@type":"BreadcrumbList","@id":"https:\/\/www.campingkings.com\/fr\/contacte\/#breadcrumb","itemListElement":[{"@type":"ListItem","position":1,"name":"Camping King's","item":"https:\/\/www.campingkings.com\/fr\/"},{"@type":"ListItem","position":2,"name":"Contact"}]},{"@type":"WebSite","@id":"https:\/\/www.campingkings.com\/fr\/#website","url":"https:\/\/www.campingkings.com\/fr\/","name":"Camping King&#039;s","description":"Al cor de la Costa Brava, a Palam\u00f3s, a 200m. de la platja de La Fosca.","publisher":{"@id":"https:\/\/www.campingkings.com\/fr\/#organization"},"potentialAction":[{"@type":"SearchAction","target":{"@type":"EntryPoint","urlTemplate":"https:\/\/www.campingkings.com\/fr\/?s={search_term_string}"},"query-input":{"@type":"PropertyValueSpecification","valueRequired":true,"valueName":"search_term_string"}}],"inLanguage":"fr-FR"},{"@type":"Organization","@id":"https:\/\/www.campingkings.com\/fr\/#organization","name":"Camping King's","url":"https:\/\/www.campingkings.com\/fr\/","logo":{"@type":"ImageObject","inLanguage":"fr-FR","@id":"https:\/\/www.campingkings.com\/fr\/#\/schema\/logo\/image\/","url":"https:\/\/www.campingkings.com\/wp-content\/uploads\/logo-kings.svg","contentUrl":"https:\/\/www.campingkings.com\/wp-content\/uploads\/logo-kings.svg","width":57,"height":28,"caption":"Camping King's"},"image":{"@id":"https:\/\/www.campingkings.com\/fr\/#\/schema\/logo\/image\/"},"sameAs":["https:\/\/www.facebook.com\/kingslafosca\/"]}]}},"_links":{"self":[{"href":"https:\/\/www.campingkings.com\/fr\/wp-json\/wp\/v2\/pages\/26413","targetHints":{"allow":["GET"]}}],"collection":[{"href":"https:\/\/www.campingkings.com\/fr\/wp-json\/wp\/v2\/pages"}],"about":[{"href":"https:\/\/www.campingkings.com\/fr\/wp-json\/wp\/v2\/types\/page"}],"author":[{"embeddable":true,"href":"https:\/\/www.campingkings.com\/fr\/wp-json\/wp\/v2\/users\/1"}],"replies":[{"embeddable":true,"href":"https:\/\/www.campingkings.com\/fr\/wp-json\/wp\/v2\/comments?post=26413"}],"version-history":[{"count":9,"href":"https:\/\/www.campingkings.com\/fr\/wp-json\/wp\/v2\/pages\/26413\/revisions"}],"predecessor-version":[{"id":39480,"href":"https:\/\/www.campingkings.com\/fr\/wp-json\/wp\/v2\/pages\/26413\/revisions\/39480"}],"wp:attachment":[{"href":"https:\/\/www.campingkings.com\/fr\/wp-json\/wp\/v2\/media?parent=26413"}],"curies":[{"name":"wp","href":"https:\/\/api.w.org\/{rel}","templated":true}]}}