{"id":25923,"date":"2019-11-19T15:38:13","date_gmt":"2019-11-19T14:38:13","guid":{"rendered":"https:\/\/www.campingkings.com\/actividades\/"},"modified":"2022-02-03T14:17:01","modified_gmt":"2022-02-03T13:17:01","slug":"activites","status":"publish","type":"page","link":"https:\/\/www.campingkings.com\/fr\/activites\/","title":{"rendered":"Activit\u00e9s"},"content":{"rendered":"\n<h1 class=\"has-text-align-center has-blank-3-green-color has-text-color wp-block-heading\" id=\"aimez-vous-etre-actif\">Aimez-vous \u00eatre actif?<\/h1>\n\n\n\n<p class=\"has-text-align-center\">Vous pouvez combiner repos et d\u00e9tente avec de nombreuses activit\u00e9s dans le camping (en haute saison) et ses environs.<\/p>\n\n\n\n<div class=\"wp-block-cover alignfull is-light\"><span aria-hidden=\"true\" class=\"wp-block-cover__gradient-background has-background-dim\"><\/span><img loading=\"lazy\" decoding=\"async\" width=\"2000\" height=\"1339\" class=\"wp-block-cover__image-background wp-image-19220\" alt=\"\" src=\"https:\/\/www.campingkings.com\/wp-content\/uploads\/bicis.jpg\" data-object-fit=\"cover\" srcset=\"https:\/\/www.campingkings.com\/wp-content\/uploads\/bicis.jpg 2000w, https:\/\/www.campingkings.com\/wp-content\/uploads\/bicis-512x343.jpg 512w, https:\/\/www.campingkings.com\/wp-content\/uploads\/bicis-1200x803.jpg 1200w, https:\/\/www.campingkings.com\/wp-content\/uploads\/bicis-1536x1028.jpg 1536w, https:\/\/www.campingkings.com\/wp-content\/uploads\/bicis-1613x1080.jpg 1613w, https:\/\/www.campingkings.com\/wp-content\/uploads\/bicis-900x603.jpg 900w, https:\/\/www.campingkings.com\/wp-content\/uploads\/bicis-90x60.jpg 90w, https:\/\/www.campingkings.com\/wp-content\/uploads\/bicis-290x194.jpg 290w, https:\/\/www.campingkings.com\/wp-content\/uploads\/bicis-240x161.jpg 240w, https:\/\/www.campingkings.com\/wp-content\/uploads\/bicis-1195x800.jpg 1195w, https:\/\/www.campingkings.com\/wp-content\/uploads\/bicis-1800x1205.jpg 1800w\" sizes=\"auto, (max-width: 2000px) 100vw, 2000px\" \/><div class=\"wp-block-cover__inner-container is-layout-flow wp-block-cover-is-layout-flow\">\n<h2 class=\"has-text-align-center wp-block-heading\" id=\"activites-et-animations-du-camping\"><strong><strong>Activit\u00e9s et animations du camping<\/strong><\/strong><\/h2>\n\n\n\n<p class=\"has-text-align-center\">Notre \u00e9quipe d&rsquo;animation propose en haute saison (juillet et ao\u00fbt) et \u00e0 certaines dates un programme d&rsquo;animations pour toute la famille.<\/p>\n\n\n\n<div class=\"wp-block-button aligncenter\"><a class=\"wp-block-button__link has-blank-3-green-background-color has-background\" href=\"https:\/\/www.campingkings.com\/fr\/activites\/activites-et-animation-du-camping\/\" title=\"Activit\u00e9s et animation du camping\">Activit\u00e9s et animations<\/a><\/div>\n<\/div><\/div>\n\n\n\n<div style=\"height:25px\" aria-hidden=\"true\" class=\"wp-block-spacer\"><\/div>\n\n\n\n<div class=\"wp-block-cover alignfull is-light\"><span aria-hidden=\"true\" class=\"wp-block-cover__gradient-background has-background-dim\"><\/span><img loading=\"lazy\" decoding=\"async\" width=\"2048\" height=\"1532\" class=\"wp-block-cover__image-background wp-image-21010\" alt=\"\" src=\"https:\/\/www.campingkings.com\/wp-content\/uploads\/platja-castell-2.jpg\" data-object-fit=\"cover\" srcset=\"https:\/\/www.campingkings.com\/wp-content\/uploads\/platja-castell-2.jpg 2048w, https:\/\/www.campingkings.com\/wp-content\/uploads\/platja-castell-2-512x383.jpg 512w, https:\/\/www.campingkings.com\/wp-content\/uploads\/platja-castell-2-1200x898.jpg 1200w, https:\/\/www.campingkings.com\/wp-content\/uploads\/platja-castell-2-1536x1149.jpg 1536w, https:\/\/www.campingkings.com\/wp-content\/uploads\/platja-castell-2-1444x1080.jpg 1444w, https:\/\/www.campingkings.com\/wp-content\/uploads\/platja-castell-2-900x673.jpg 900w, https:\/\/www.campingkings.com\/wp-content\/uploads\/platja-castell-2-250x187.jpg 250w, https:\/\/www.campingkings.com\/wp-content\/uploads\/platja-castell-2-2000x1496.jpg 2000w\" sizes=\"auto, (max-width: 2048px) 100vw, 2048px\" \/><div class=\"wp-block-cover__inner-container is-layout-flow wp-block-cover-is-layout-flow\">\n<h2 class=\"has-text-align-center wp-block-heading\" id=\"activites-aux-alentours\"><strong><strong><strong>Activit\u00e9s aux alentours<\/strong><\/strong><\/strong><\/h2>\n\n\n\n<div class=\"wp-block-button aligncenter\"><a class=\"wp-block-button__link has-blank-3-green-background-color has-background\" href=\"https:\/\/www.campingkings.com\/fr\/activites\/activites-aux-alentours\/\" title=\"Activit\u00e9s aux alentours\">Activit\u00e9s<\/a><\/div>\n<\/div><\/div>\n","protected":false},"excerpt":{"rendered":"<p>Vous pouvez combiner repos et d\u00e9tente avec de nombreuses activit\u00e9s dans le camping et ses environs.<\/p>\n","protected":false},"author":1,"featured_media":21708,"parent":0,"menu_order":6,"comment_status":"closed","ping_status":"closed","template":"","meta":{"_acf_changed":false,"_monsterinsights_skip_tracking":false,"_monsterinsights_sitenote_active":false,"_monsterinsights_sitenote_note":"","_monsterinsights_sitenote_category":0,"footnotes":""},"class_list":["post-25923","page","type-page","status-publish","has-post-thumbnail","hentry"],"acf":[],"yoast_head":"<!-- This site is optimized with the Yoast SEO plugin v26.6 - https:\/\/yoast.com\/wordpress\/plugins\/seo\/ -->\n<title>Activit\u00e9s - Camping King&#039;s<\/title>\n<meta name=\"description\" content=\"Aimez-vous \u00eatre actif? Vous pouvez combiner repos et d\u00e9tente avec de nombreuses activit\u00e9s dans le camping (en haute saison) et ses environs.\" \/>\n<meta name=\"robots\" content=\"index, follow, max-snippet:-1, max-image-preview:large, max-video-preview:-1\" \/>\n<link rel=\"canonical\" href=\"https:\/\/www.campingkings.com\/fr\/activites\/\" \/>\n<meta property=\"og:locale\" content=\"fr_FR\" \/>\n<meta property=\"og:type\" content=\"article\" \/>\n<meta property=\"og:title\" content=\"Activit\u00e9s - Camping King&#039;s\" \/>\n<meta property=\"og:description\" content=\"Aimez-vous \u00eatre actif? Vous pouvez combiner repos et d\u00e9tente avec de nombreuses activit\u00e9s dans le camping (en haute saison) et ses environs.\" \/>\n<meta property=\"og:url\" content=\"https:\/\/www.campingkings.com\/fr\/activites\/\" \/>\n<meta property=\"og:site_name\" content=\"Camping King&#039;s\" \/>\n<meta property=\"article:publisher\" content=\"https:\/\/www.facebook.com\/kingslafosca\/\" \/>\n<meta property=\"article:modified_time\" content=\"2022-02-03T13:17:01+00:00\" \/>\n<meta property=\"og:image\" content=\"https:\/\/www.campingkings.com\/wp-content\/uploads\/activitats.jpg\" \/>\n\t<meta property=\"og:image:width\" content=\"1600\" \/>\n\t<meta property=\"og:image:height\" content=\"1200\" \/>\n\t<meta property=\"og:image:type\" content=\"image\/jpeg\" \/>\n<meta name=\"twitter:card\" content=\"summary_large_image\" \/>\n<meta name=\"twitter:label1\" content=\"Dur\u00e9e de lecture estim\u00e9e\" \/>\n\t<meta name=\"twitter:data1\" content=\"1 minute\" \/>\n<script type=\"application\/ld+json\" class=\"yoast-schema-graph\">{\"@context\":\"https:\/\/schema.org\",\"@graph\":[{\"@type\":\"WebPage\",\"@id\":\"https:\/\/www.campingkings.com\/fr\/activites\/\",\"url\":\"https:\/\/www.campingkings.com\/fr\/activites\/\",\"name\":\"Activit\u00e9s - Camping King's\",\"isPartOf\":{\"@id\":\"https:\/\/www.campingkings.com\/fr\/#website\"},\"primaryImageOfPage\":{\"@id\":\"https:\/\/www.campingkings.com\/fr\/activites\/#primaryimage\"},\"image\":{\"@id\":\"https:\/\/www.campingkings.com\/fr\/activites\/#primaryimage\"},\"thumbnailUrl\":\"https:\/\/www.campingkings.com\/wp-content\/uploads\/activitats.jpg\",\"datePublished\":\"2019-11-19T14:38:13+00:00\",\"dateModified\":\"2022-02-03T13:17:01+00:00\",\"description\":\"Aimez-vous \u00eatre actif? Vous pouvez combiner repos et d\u00e9tente avec de nombreuses activit\u00e9s dans le camping (en haute saison) et ses environs.\",\"breadcrumb\":{\"@id\":\"https:\/\/www.campingkings.com\/fr\/activites\/#breadcrumb\"},\"inLanguage\":\"fr-FR\",\"potentialAction\":[{\"@type\":\"ReadAction\",\"target\":[\"https:\/\/www.campingkings.com\/fr\/activites\/\"]}]},{\"@type\":\"ImageObject\",\"inLanguage\":\"fr-FR\",\"@id\":\"https:\/\/www.campingkings.com\/fr\/activites\/#primaryimage\",\"url\":\"https:\/\/www.campingkings.com\/wp-content\/uploads\/activitats.jpg\",\"contentUrl\":\"https:\/\/www.campingkings.com\/wp-content\/uploads\/activitats.jpg\",\"width\":1600,\"height\":1200,\"caption\":\"Actividades en camping en Costa Brava\"},{\"@type\":\"BreadcrumbList\",\"@id\":\"https:\/\/www.campingkings.com\/fr\/activites\/#breadcrumb\",\"itemListElement\":[{\"@type\":\"ListItem\",\"position\":1,\"name\":\"Camping King's\",\"item\":\"https:\/\/www.campingkings.com\/fr\/\"},{\"@type\":\"ListItem\",\"position\":2,\"name\":\"Activit\u00e9s\"}]},{\"@type\":\"WebSite\",\"@id\":\"https:\/\/www.campingkings.com\/fr\/#website\",\"url\":\"https:\/\/www.campingkings.com\/fr\/\",\"name\":\"Camping King&#039;s\",\"description\":\"Al cor de la Costa Brava, a Palam\u00f3s, a 200m. de la platja de La Fosca.\",\"publisher\":{\"@id\":\"https:\/\/www.campingkings.com\/fr\/#organization\"},\"potentialAction\":[{\"@type\":\"SearchAction\",\"target\":{\"@type\":\"EntryPoint\",\"urlTemplate\":\"https:\/\/www.campingkings.com\/fr\/?s={search_term_string}\"},\"query-input\":{\"@type\":\"PropertyValueSpecification\",\"valueRequired\":true,\"valueName\":\"search_term_string\"}}],\"inLanguage\":\"fr-FR\"},{\"@type\":\"Organization\",\"@id\":\"https:\/\/www.campingkings.com\/fr\/#organization\",\"name\":\"Camping King's\",\"url\":\"https:\/\/www.campingkings.com\/fr\/\",\"logo\":{\"@type\":\"ImageObject\",\"inLanguage\":\"fr-FR\",\"@id\":\"https:\/\/www.campingkings.com\/fr\/#\/schema\/logo\/image\/\",\"url\":\"https:\/\/www.campingkings.com\/wp-content\/uploads\/logo-kings.svg\",\"contentUrl\":\"https:\/\/www.campingkings.com\/wp-content\/uploads\/logo-kings.svg\",\"width\":57,\"height\":28,\"caption\":\"Camping King's\"},\"image\":{\"@id\":\"https:\/\/www.campingkings.com\/fr\/#\/schema\/logo\/image\/\"},\"sameAs\":[\"https:\/\/www.facebook.com\/kingslafosca\/\"]}]}<\/script>\n<!-- \/ Yoast SEO plugin. -->","yoast_head_json":{"title":"Activit\u00e9s - Camping King's","description":"Aimez-vous \u00eatre actif? Vous pouvez combiner repos et d\u00e9tente avec de nombreuses activit\u00e9s dans le camping (en haute saison) et ses environs.","robots":{"index":"index","follow":"follow","max-snippet":"max-snippet:-1","max-image-preview":"max-image-preview:large","max-video-preview":"max-video-preview:-1"},"canonical":"https:\/\/www.campingkings.com\/fr\/activites\/","og_locale":"fr_FR","og_type":"article","og_title":"Activit\u00e9s - Camping King's","og_description":"Aimez-vous \u00eatre actif? Vous pouvez combiner repos et d\u00e9tente avec de nombreuses activit\u00e9s dans le camping (en haute saison) et ses environs.","og_url":"https:\/\/www.campingkings.com\/fr\/activites\/","og_site_name":"Camping King&#039;s","article_publisher":"https:\/\/www.facebook.com\/kingslafosca\/","article_modified_time":"2022-02-03T13:17:01+00:00","og_image":[{"width":1600,"height":1200,"url":"https:\/\/www.campingkings.com\/wp-content\/uploads\/activitats.jpg","type":"image\/jpeg"}],"twitter_card":"summary_large_image","twitter_misc":{"Dur\u00e9e de lecture estim\u00e9e":"1 minute"},"schema":{"@context":"https:\/\/schema.org","@graph":[{"@type":"WebPage","@id":"https:\/\/www.campingkings.com\/fr\/activites\/","url":"https:\/\/www.campingkings.com\/fr\/activites\/","name":"Activit\u00e9s - Camping King's","isPartOf":{"@id":"https:\/\/www.campingkings.com\/fr\/#website"},"primaryImageOfPage":{"@id":"https:\/\/www.campingkings.com\/fr\/activites\/#primaryimage"},"image":{"@id":"https:\/\/www.campingkings.com\/fr\/activites\/#primaryimage"},"thumbnailUrl":"https:\/\/www.campingkings.com\/wp-content\/uploads\/activitats.jpg","datePublished":"2019-11-19T14:38:13+00:00","dateModified":"2022-02-03T13:17:01+00:00","description":"Aimez-vous \u00eatre actif? Vous pouvez combiner repos et d\u00e9tente avec de nombreuses activit\u00e9s dans le camping (en haute saison) et ses environs.","breadcrumb":{"@id":"https:\/\/www.campingkings.com\/fr\/activites\/#breadcrumb"},"inLanguage":"fr-FR","potentialAction":[{"@type":"ReadAction","target":["https:\/\/www.campingkings.com\/fr\/activites\/"]}]},{"@type":"ImageObject","inLanguage":"fr-FR","@id":"https:\/\/www.campingkings.com\/fr\/activites\/#primaryimage","url":"https:\/\/www.campingkings.com\/wp-content\/uploads\/activitats.jpg","contentUrl":"https:\/\/www.campingkings.com\/wp-content\/uploads\/activitats.jpg","width":1600,"height":1200,"caption":"Actividades en camping en Costa Brava"},{"@type":"BreadcrumbList","@id":"https:\/\/www.campingkings.com\/fr\/activites\/#breadcrumb","itemListElement":[{"@type":"ListItem","position":1,"name":"Camping King's","item":"https:\/\/www.campingkings.com\/fr\/"},{"@type":"ListItem","position":2,"name":"Activit\u00e9s"}]},{"@type":"WebSite","@id":"https:\/\/www.campingkings.com\/fr\/#website","url":"https:\/\/www.campingkings.com\/fr\/","name":"Camping King&#039;s","description":"Al cor de la Costa Brava, a Palam\u00f3s, a 200m. de la platja de La Fosca.","publisher":{"@id":"https:\/\/www.campingkings.com\/fr\/#organization"},"potentialAction":[{"@type":"SearchAction","target":{"@type":"EntryPoint","urlTemplate":"https:\/\/www.campingkings.com\/fr\/?s={search_term_string}"},"query-input":{"@type":"PropertyValueSpecification","valueRequired":true,"valueName":"search_term_string"}}],"inLanguage":"fr-FR"},{"@type":"Organization","@id":"https:\/\/www.campingkings.com\/fr\/#organization","name":"Camping King's","url":"https:\/\/www.campingkings.com\/fr\/","logo":{"@type":"ImageObject","inLanguage":"fr-FR","@id":"https:\/\/www.campingkings.com\/fr\/#\/schema\/logo\/image\/","url":"https:\/\/www.campingkings.com\/wp-content\/uploads\/logo-kings.svg","contentUrl":"https:\/\/www.campingkings.com\/wp-content\/uploads\/logo-kings.svg","width":57,"height":28,"caption":"Camping King's"},"image":{"@id":"https:\/\/www.campingkings.com\/fr\/#\/schema\/logo\/image\/"},"sameAs":["https:\/\/www.facebook.com\/kingslafosca\/"]}]}},"_links":{"self":[{"href":"https:\/\/www.campingkings.com\/fr\/wp-json\/wp\/v2\/pages\/25923","targetHints":{"allow":["GET"]}}],"collection":[{"href":"https:\/\/www.campingkings.com\/fr\/wp-json\/wp\/v2\/pages"}],"about":[{"href":"https:\/\/www.campingkings.com\/fr\/wp-json\/wp\/v2\/types\/page"}],"author":[{"embeddable":true,"href":"https:\/\/www.campingkings.com\/fr\/wp-json\/wp\/v2\/users\/1"}],"replies":[{"embeddable":true,"href":"https:\/\/www.campingkings.com\/fr\/wp-json\/wp\/v2\/comments?post=25923"}],"version-history":[{"count":8,"href":"https:\/\/www.campingkings.com\/fr\/wp-json\/wp\/v2\/pages\/25923\/revisions"}],"predecessor-version":[{"id":37683,"href":"https:\/\/www.campingkings.com\/fr\/wp-json\/wp\/v2\/pages\/25923\/revisions\/37683"}],"wp:featuredmedia":[{"embeddable":true,"href":"https:\/\/www.campingkings.com\/fr\/wp-json\/wp\/v2\/media\/21708"}],"wp:attachment":[{"href":"https:\/\/www.campingkings.com\/fr\/wp-json\/wp\/v2\/media?parent=25923"}],"curies":[{"name":"wp","href":"https:\/\/api.w.org\/{rel}","templated":true}]}}