{"id":24788,"date":"2020-01-13T09:29:44","date_gmt":"2020-01-13T08:29:44","guid":{"rendered":"https:\/\/www.campingkings.com\/com-arribar\/"},"modified":"2021-09-16T09:38:38","modified_gmt":"2021-09-16T07:38:38","slug":"comment-arriver","status":"publish","type":"page","link":"https:\/\/www.campingkings.com\/fr\/comment-arriver\/","title":{"rendered":"Comment arriver"},"content":{"rendered":"\n<h1 class=\"has-text-align-center has-blank-3-brown-color has-text-color wp-block-heading\">Comment arriver<\/h1>\n\n\n\n<div class=\"wp-block-image\"><figure class=\"aligncenter size-large\"><img loading=\"lazy\" decoding=\"async\" width=\"1086\" height=\"549\" src=\"https:\/\/www.campingkings.com\/wp-content\/uploads\/campingkings-ubicacio.jpg\" alt=\"\" class=\"wp-image-21347\" srcset=\"https:\/\/www.campingkings.com\/wp-content\/uploads\/campingkings-ubicacio.jpg 1086w, https:\/\/www.campingkings.com\/wp-content\/uploads\/campingkings-ubicacio-512x259.jpg 512w, https:\/\/www.campingkings.com\/wp-content\/uploads\/campingkings-ubicacio-900x455.jpg 900w, https:\/\/www.campingkings.com\/wp-content\/uploads\/campingkings-ubicacio-250x126.jpg 250w\" sizes=\"auto, (max-width: 1086px) 100vw, 1086px\" \/><\/figure><\/div>\n\n\n\n<div class=\"wp-block-columns is-layout-flex wp-container-core-columns-is-layout-9d6595d7 wp-block-columns-is-layout-flex\">\n<div class=\"wp-block-column is-vertically-aligned-center is-layout-flow wp-block-column-is-layout-flow\">\n<h3 class=\"wp-block-heading\">Coordonn\u00e9es GPS:<\/h3>\n\n\n\n<p><strong>N<\/strong>&nbsp;41.862607<br><strong>E<\/strong>&nbsp;3.142915 <\/p>\n\n\n\n<h3 class=\"wp-block-heading\">Adresse<\/h3>\n\n\n\n<p>Platja de la Fosca s\/n 17230 Palam\u00f3s (Girona)<\/p>\n<\/div>\n\n\n\n<div class=\"wp-block-column is-layout-flow wp-block-column-is-layout-flow\">\n<div class=\"wp-block-image\"><figure class=\"aligncenter size-large\"><img loading=\"lazy\" decoding=\"async\" width=\"32\" height=\"32\" src=\"https:\/\/www.campingkings.com\/wp-content\/uploads\/plane.png\" alt=\"\" class=\"wp-image-23102\"\/><\/figure><\/div>\n\n\n\n<h5 class=\"has-text-align-center wp-block-heading\">A\u00e9roports les plus proches:<\/h5>\n\n\n\n<p class=\"has-text-align-center\">GIRONA \u2013 Costa Brava&nbsp;&nbsp; 43 km<br>BARCELONA \u2013 129 km<br>REUS \u2013 Tarragona \u2013 218 km<\/p>\n\n\n\n<div class=\"wp-block-image\"><figure class=\"aligncenter size-large\"><img loading=\"lazy\" decoding=\"async\" width=\"32\" height=\"32\" src=\"https:\/\/www.campingkings.com\/wp-content\/uploads\/train.png\" alt=\"\" class=\"wp-image-23108\"\/><\/figure><\/div>\n\n\n\n<h5 class=\"has-text-align-center wp-block-heading\">Gares les plus proches:<\/h5>\n\n\n\n<p class=\"has-text-align-center\">Fla\u00e7\u00e0 \u2013 30 km<br>Caldes de Malavella \u2013 36km<br>Girona \u2013 46 km<\/p>\n<\/div>\n<\/div>\n\n\n\n<div class=\"wp-block-buttons is-content-justification-center is-layout-flex wp-block-buttons-is-layout-flex\">\n<div class=\"wp-block-button aligncenter\"><a class=\"wp-block-button__link has-background\" href=\"https:\/\/www.google.com\/maps\/dir\/Current+Location\/camping+kings\" title=\"https:\/\/www.google.com\/maps\/dir\/Current+Location\/camping+kings\" style=\"background-color:#cb0e00\" target=\"_blank\" rel=\"noreferrer noopener\">Comment arriver avec Google Maps<\/a><\/div>\n<\/div>\n\n\n\n<iframe loading=\"lazy\" src=\"https:\/\/www.google.com\/maps\/embed?pb=!1m14!1m8!1m3!1d11885.617525256632!2d3.1435167!3d41.8626454!3m2!1i1024!2i768!4f13.1!3m3!1m2!1s0x0%3A0x40c1c0c8532f91be!2sCamping%20King's!5e0!3m2!1sca!2ses!4v1579504220639!5m2!1sca!2ses\" width=\"100%\" height=\"450\" frameborder=\"0\" style=\"border:0;\" allowfullscreen=\"\"><\/iframe>\n\n\n\n<div style=\"height:50px\" aria-hidden=\"true\" class=\"wp-block-spacer\"><\/div>\n","protected":false},"excerpt":{"rendered":"<p>Comment arriver Coordonn\u00e9es GPS: N&nbsp;41.862607E&nbsp;3.142915 Adresse Platja de la Fosca [&hellip;]<\/p>\n","protected":false},"author":1,"featured_media":0,"parent":0,"menu_order":2,"comment_status":"closed","ping_status":"closed","template":"","meta":{"_acf_changed":false,"_monsterinsights_skip_tracking":false,"_monsterinsights_sitenote_active":false,"_monsterinsights_sitenote_note":"","_monsterinsights_sitenote_category":0,"footnotes":""},"class_list":["post-24788","page","type-page","status-publish","hentry"],"acf":[],"yoast_head":"<!-- This site is optimized with the Yoast SEO plugin v26.6 - https:\/\/yoast.com\/wordpress\/plugins\/seo\/ -->\n<title>Comment arriver - Camping King&#039;s<\/title>\n<meta name=\"description\" content=\"Suivez nos instructions pour vous rendre \u00e0 votre camping familial pr\u00e9f\u00e9r\u00e9. Nous vous attendons au Camping King&#039;s au coeur de la Costa Brava.\" \/>\n<meta name=\"robots\" content=\"index, follow, max-snippet:-1, max-image-preview:large, max-video-preview:-1\" \/>\n<link rel=\"canonical\" href=\"https:\/\/www.campingkings.com\/fr\/comment-arriver\/\" \/>\n<meta property=\"og:locale\" content=\"fr_FR\" \/>\n<meta property=\"og:type\" content=\"article\" \/>\n<meta property=\"og:title\" content=\"Comment arriver - Camping King&#039;s\" \/>\n<meta property=\"og:description\" content=\"Suivez nos instructions pour vous rendre \u00e0 votre camping familial pr\u00e9f\u00e9r\u00e9. Nous vous attendons au Camping King&#039;s au coeur de la Costa Brava.\" \/>\n<meta property=\"og:url\" content=\"https:\/\/www.campingkings.com\/fr\/comment-arriver\/\" \/>\n<meta property=\"og:site_name\" content=\"Camping King&#039;s\" \/>\n<meta property=\"article:publisher\" content=\"https:\/\/www.facebook.com\/kingslafosca\/\" \/>\n<meta property=\"article:modified_time\" content=\"2021-09-16T07:38:38+00:00\" \/>\n<meta property=\"og:image\" content=\"https:\/\/www.campingkings.com\/wp-content\/uploads\/campingkings-ubicacio.jpg\" \/>\n<meta name=\"twitter:card\" content=\"summary_large_image\" \/>\n<meta name=\"twitter:label1\" content=\"Dur\u00e9e de lecture estim\u00e9e\" \/>\n\t<meta name=\"twitter:data1\" content=\"1 minute\" \/>\n<script type=\"application\/ld+json\" class=\"yoast-schema-graph\">{\"@context\":\"https:\/\/schema.org\",\"@graph\":[{\"@type\":\"WebPage\",\"@id\":\"https:\/\/www.campingkings.com\/fr\/comment-arriver\/\",\"url\":\"https:\/\/www.campingkings.com\/fr\/comment-arriver\/\",\"name\":\"Comment arriver - Camping King&#039;s\",\"isPartOf\":{\"@id\":\"https:\/\/www.campingkings.com\/fr\/#website\"},\"primaryImageOfPage\":{\"@id\":\"https:\/\/www.campingkings.com\/fr\/comment-arriver\/#primaryimage\"},\"image\":{\"@id\":\"https:\/\/www.campingkings.com\/fr\/comment-arriver\/#primaryimage\"},\"thumbnailUrl\":\"https:\/\/www.campingkings.com\/wp-content\/uploads\/campingkings-ubicacio.jpg\",\"datePublished\":\"2020-01-13T08:29:44+00:00\",\"dateModified\":\"2021-09-16T07:38:38+00:00\",\"description\":\"Suivez nos instructions pour vous rendre \u00e0 votre camping familial pr\u00e9f\u00e9r\u00e9. Nous vous attendons au Camping King's au coeur de la Costa Brava.\",\"breadcrumb\":{\"@id\":\"https:\/\/www.campingkings.com\/fr\/comment-arriver\/#breadcrumb\"},\"inLanguage\":\"fr-FR\",\"potentialAction\":[{\"@type\":\"ReadAction\",\"target\":[\"https:\/\/www.campingkings.com\/fr\/comment-arriver\/\"]}]},{\"@type\":\"ImageObject\",\"inLanguage\":\"fr-FR\",\"@id\":\"https:\/\/www.campingkings.com\/fr\/comment-arriver\/#primaryimage\",\"url\":\"https:\/\/www.campingkings.com\/wp-content\/uploads\/campingkings-ubicacio.jpg\",\"contentUrl\":\"https:\/\/www.campingkings.com\/wp-content\/uploads\/campingkings-ubicacio.jpg\"},{\"@type\":\"BreadcrumbList\",\"@id\":\"https:\/\/www.campingkings.com\/fr\/comment-arriver\/#breadcrumb\",\"itemListElement\":[{\"@type\":\"ListItem\",\"position\":1,\"name\":\"Camping King's\",\"item\":\"https:\/\/www.campingkings.com\/fr\/\"},{\"@type\":\"ListItem\",\"position\":2,\"name\":\"Comment arriver\"}]},{\"@type\":\"WebSite\",\"@id\":\"https:\/\/www.campingkings.com\/fr\/#website\",\"url\":\"https:\/\/www.campingkings.com\/fr\/\",\"name\":\"Camping King&#039;s\",\"description\":\"Al cor de la Costa Brava, a Palam\u00f3s, a 200m. de la platja de La Fosca.\",\"publisher\":{\"@id\":\"https:\/\/www.campingkings.com\/fr\/#organization\"},\"potentialAction\":[{\"@type\":\"SearchAction\",\"target\":{\"@type\":\"EntryPoint\",\"urlTemplate\":\"https:\/\/www.campingkings.com\/fr\/?s={search_term_string}\"},\"query-input\":{\"@type\":\"PropertyValueSpecification\",\"valueRequired\":true,\"valueName\":\"search_term_string\"}}],\"inLanguage\":\"fr-FR\"},{\"@type\":\"Organization\",\"@id\":\"https:\/\/www.campingkings.com\/fr\/#organization\",\"name\":\"Camping King's\",\"url\":\"https:\/\/www.campingkings.com\/fr\/\",\"logo\":{\"@type\":\"ImageObject\",\"inLanguage\":\"fr-FR\",\"@id\":\"https:\/\/www.campingkings.com\/fr\/#\/schema\/logo\/image\/\",\"url\":\"https:\/\/www.campingkings.com\/wp-content\/uploads\/logo-kings.svg\",\"contentUrl\":\"https:\/\/www.campingkings.com\/wp-content\/uploads\/logo-kings.svg\",\"width\":57,\"height\":28,\"caption\":\"Camping King's\"},\"image\":{\"@id\":\"https:\/\/www.campingkings.com\/fr\/#\/schema\/logo\/image\/\"},\"sameAs\":[\"https:\/\/www.facebook.com\/kingslafosca\/\"]}]}<\/script>\n<!-- \/ Yoast SEO plugin. -->","yoast_head_json":{"title":"Comment arriver - Camping King&#039;s","description":"Suivez nos instructions pour vous rendre \u00e0 votre camping familial pr\u00e9f\u00e9r\u00e9. Nous vous attendons au Camping King's au coeur de la Costa Brava.","robots":{"index":"index","follow":"follow","max-snippet":"max-snippet:-1","max-image-preview":"max-image-preview:large","max-video-preview":"max-video-preview:-1"},"canonical":"https:\/\/www.campingkings.com\/fr\/comment-arriver\/","og_locale":"fr_FR","og_type":"article","og_title":"Comment arriver - Camping King&#039;s","og_description":"Suivez nos instructions pour vous rendre \u00e0 votre camping familial pr\u00e9f\u00e9r\u00e9. Nous vous attendons au Camping King's au coeur de la Costa Brava.","og_url":"https:\/\/www.campingkings.com\/fr\/comment-arriver\/","og_site_name":"Camping King&#039;s","article_publisher":"https:\/\/www.facebook.com\/kingslafosca\/","article_modified_time":"2021-09-16T07:38:38+00:00","og_image":[{"url":"https:\/\/www.campingkings.com\/wp-content\/uploads\/campingkings-ubicacio.jpg","type":"","width":"","height":""}],"twitter_card":"summary_large_image","twitter_misc":{"Dur\u00e9e de lecture estim\u00e9e":"1 minute"},"schema":{"@context":"https:\/\/schema.org","@graph":[{"@type":"WebPage","@id":"https:\/\/www.campingkings.com\/fr\/comment-arriver\/","url":"https:\/\/www.campingkings.com\/fr\/comment-arriver\/","name":"Comment arriver - Camping King&#039;s","isPartOf":{"@id":"https:\/\/www.campingkings.com\/fr\/#website"},"primaryImageOfPage":{"@id":"https:\/\/www.campingkings.com\/fr\/comment-arriver\/#primaryimage"},"image":{"@id":"https:\/\/www.campingkings.com\/fr\/comment-arriver\/#primaryimage"},"thumbnailUrl":"https:\/\/www.campingkings.com\/wp-content\/uploads\/campingkings-ubicacio.jpg","datePublished":"2020-01-13T08:29:44+00:00","dateModified":"2021-09-16T07:38:38+00:00","description":"Suivez nos instructions pour vous rendre \u00e0 votre camping familial pr\u00e9f\u00e9r\u00e9. Nous vous attendons au Camping King's au coeur de la Costa Brava.","breadcrumb":{"@id":"https:\/\/www.campingkings.com\/fr\/comment-arriver\/#breadcrumb"},"inLanguage":"fr-FR","potentialAction":[{"@type":"ReadAction","target":["https:\/\/www.campingkings.com\/fr\/comment-arriver\/"]}]},{"@type":"ImageObject","inLanguage":"fr-FR","@id":"https:\/\/www.campingkings.com\/fr\/comment-arriver\/#primaryimage","url":"https:\/\/www.campingkings.com\/wp-content\/uploads\/campingkings-ubicacio.jpg","contentUrl":"https:\/\/www.campingkings.com\/wp-content\/uploads\/campingkings-ubicacio.jpg"},{"@type":"BreadcrumbList","@id":"https:\/\/www.campingkings.com\/fr\/comment-arriver\/#breadcrumb","itemListElement":[{"@type":"ListItem","position":1,"name":"Camping King's","item":"https:\/\/www.campingkings.com\/fr\/"},{"@type":"ListItem","position":2,"name":"Comment arriver"}]},{"@type":"WebSite","@id":"https:\/\/www.campingkings.com\/fr\/#website","url":"https:\/\/www.campingkings.com\/fr\/","name":"Camping King&#039;s","description":"Al cor de la Costa Brava, a Palam\u00f3s, a 200m. de la platja de La Fosca.","publisher":{"@id":"https:\/\/www.campingkings.com\/fr\/#organization"},"potentialAction":[{"@type":"SearchAction","target":{"@type":"EntryPoint","urlTemplate":"https:\/\/www.campingkings.com\/fr\/?s={search_term_string}"},"query-input":{"@type":"PropertyValueSpecification","valueRequired":true,"valueName":"search_term_string"}}],"inLanguage":"fr-FR"},{"@type":"Organization","@id":"https:\/\/www.campingkings.com\/fr\/#organization","name":"Camping King's","url":"https:\/\/www.campingkings.com\/fr\/","logo":{"@type":"ImageObject","inLanguage":"fr-FR","@id":"https:\/\/www.campingkings.com\/fr\/#\/schema\/logo\/image\/","url":"https:\/\/www.campingkings.com\/wp-content\/uploads\/logo-kings.svg","contentUrl":"https:\/\/www.campingkings.com\/wp-content\/uploads\/logo-kings.svg","width":57,"height":28,"caption":"Camping King's"},"image":{"@id":"https:\/\/www.campingkings.com\/fr\/#\/schema\/logo\/image\/"},"sameAs":["https:\/\/www.facebook.com\/kingslafosca\/"]}]}},"_links":{"self":[{"href":"https:\/\/www.campingkings.com\/fr\/wp-json\/wp\/v2\/pages\/24788","targetHints":{"allow":["GET"]}}],"collection":[{"href":"https:\/\/www.campingkings.com\/fr\/wp-json\/wp\/v2\/pages"}],"about":[{"href":"https:\/\/www.campingkings.com\/fr\/wp-json\/wp\/v2\/types\/page"}],"author":[{"embeddable":true,"href":"https:\/\/www.campingkings.com\/fr\/wp-json\/wp\/v2\/users\/1"}],"replies":[{"embeddable":true,"href":"https:\/\/www.campingkings.com\/fr\/wp-json\/wp\/v2\/comments?post=24788"}],"version-history":[{"count":5,"href":"https:\/\/www.campingkings.com\/fr\/wp-json\/wp\/v2\/pages\/24788\/revisions"}],"predecessor-version":[{"id":36658,"href":"https:\/\/www.campingkings.com\/fr\/wp-json\/wp\/v2\/pages\/24788\/revisions\/36658"}],"wp:attachment":[{"href":"https:\/\/www.campingkings.com\/fr\/wp-json\/wp\/v2\/media?parent=24788"}],"curies":[{"name":"wp","href":"https:\/\/api.w.org\/{rel}","templated":true}]}}