{"id":23929,"date":"2019-11-19T15:36:20","date_gmt":"2019-11-19T14:36:20","guid":{"rendered":"https:\/\/www.campingkings.com\/entorn\/"},"modified":"2021-01-18T14:30:45","modified_gmt":"2021-01-18T13:30:45","slug":"environnement","status":"publish","type":"page","link":"https:\/\/www.campingkings.com\/fr\/environnement\/","title":{"rendered":"Environnement"},"content":{"rendered":"\n<h2 class=\"has-text-align-center has-blank-3-brown-color has-text-color wp-block-heading\">Costa Brava<\/h2>\n\n\n\n<p class=\"has-text-align-left\">La Costa Brava s&rsquo;\u00e9tend de la fronti\u00e8re fran\u00e7aise jusqu&rsquo;\u00e0 70 km au nord de Barcelone. 200 km de c\u00f4tes catalanes pleines de falaises, de petites et pittoresques criques cach\u00e9es et de plages de r\u00eave.<\/p>\n\n\n\n<p>Depuis le camping, en suivant le sentier de<strong> randonn\u00e9e GR92<\/strong> \u00ab\u00a0cami de ronda\u00a0\u00bb, vous d\u00e9couvrirez et pourrez profiter de coins uniques et inoubliables, des lieux d&rsquo;une beaut\u00e9 naturelle exceptionnelle et <strong>vous pourrez parcourir des petits villages embl\u00e9matiques de tradition de p\u00eache<\/strong>, en profitant de sa gastronomie et de ses traditions, fruit de la Culture m\u00e9diterran\u00e9enne.<\/p>\n\n\n\n<div style=\"height:50px\" aria-hidden=\"true\" class=\"wp-block-spacer\"><\/div>\n\n\n\n<div class=\"wp-block-cover alignfull has-background-dim-10 has-background-dim\" style=\"background-image:url(https:\/\/www.campingkings.com\/wp-content\/uploads\/img-20190910-wa0002-1.jpg)\"><div class=\"wp-block-cover__inner-container is-layout-flow wp-block-cover-is-layout-flow\">\n<h4 class=\"has-text-align-center wp-block-heading\">Palam\u00f3s est une belle et charmante ville, avec une atmosph\u00e8re calme et familiale de longue tradition au c\u0153ur de la c\u00f4te catalane, connue internationalement pour son activit\u00e9 de p\u00eache et ses crevettes rouges avec appellation d&rsquo;origine.<\/h4>\n<\/div><\/div>\n\n\n\n<div style=\"height:50px\" aria-hidden=\"true\" class=\"wp-block-spacer\"><\/div>\n\n\n\n<p>En plus du port de p\u00eache, du port nautique et de la promenade o\u00f9 vous pourrez profiter d&rsquo;une atmosph\u00e8re calme et chaleureuse pour votre famille, vous profiterez d&rsquo;un environnement naturel et paysager unique, avec d&rsquo;innombrables petites criques pleines de charme et des coins inoubliables.<\/p>\n\n\n<!-- page-grid.php -->\n\n<style>\n\n    @media only screen and (min-width: 0px) and (max-width: 499px){\n        #grid-items-block_5de8fba0b043b.is-style-default [class*=\"grid-item\"] {\n            flex-basis: 100%;\n            width: 100%;\n        }\n\n        #grid-items-block_5de8fba0b043b{\n            justify-content: center;\n        }\n    }\n    @media only screen and (min-width: 0px) and (max-width: 499px){\n        #grid-items-block_5de8fba0b043b.is-style-circles [class*=\"grid-item\"] {\n            flex-basis: 45%;\n            width: 45%;\n        }\n    }\n    @media only screen and (min-width: 500px) and (max-width: 799px){\n        #grid-items-block_5de8fba0b043b.is-style-circles [class*=\"grid-item\"],\n        #grid-items-block_5de8fba0b043b.is-style-default [class*=\"grid-item\"] {\n            flex-basis: 48%;\n            width: 48%;\n        }\n\n    }\n    @media only screen and (min-width: 500px) and (max-width : 799px){\n        #grid-items-block_5de8fba0b043b.is-style-circles [class*=\"grid-item\"] {\n            flex-basis: 32%;\n            width: 32%;\n        }\n    }\n    @media only screen and (max-width: 799px){\n        [id*=\"grid-items\"]:not(.is-style-circles) {\n\n        }\n    }\n    @media only screen and (min-width: 800px){\n\n        #grid-items-block_5de8fba0b043b [class*=\"grid-item\"] {\n            width: calc(100% * (1\/3) - 3%);\n        }\n    }\n<\/style>\n            <div class=\"custom-block alignwide\">\n        <div id=\"grid-items-block_5de8fba0b043b\" class=\"flex is-style-default\">\n            \n                <a class=\"grid-item-25415\" href=\"https:\/\/www.campingkings.com\/fr\/environnement\/plages-et-criques\/\">\n\n                    <div class=\"thumb-img\">\n                                                                                    <!-- style default -->\n                                <img loading=\"lazy\" decoding=\"async\" width=\"480\" height=\"311\" src=\"https:\/\/www.campingkings.com\/wp-content\/uploads\/img-20180302-wa0011.jpg\" class=\"attachment-slide-s size-slide-s wp-post-image\" alt=\"Camping playa en La Costa Brava\" srcset=\"https:\/\/www.campingkings.com\/wp-content\/uploads\/img-20180302-wa0011.jpg 1238w, https:\/\/www.campingkings.com\/wp-content\/uploads\/img-20180302-wa0011-512x331.jpg 512w, https:\/\/www.campingkings.com\/wp-content\/uploads\/img-20180302-wa0011-1200x776.jpg 1200w, https:\/\/www.campingkings.com\/wp-content\/uploads\/img-20180302-wa0011-900x582.jpg 900w, https:\/\/www.campingkings.com\/wp-content\/uploads\/img-20180302-wa0011-290x188.jpg 290w, https:\/\/www.campingkings.com\/wp-content\/uploads\/img-20180302-wa0011-240x155.jpg 240w, https:\/\/www.campingkings.com\/wp-content\/uploads\/img-20180302-wa0011-1236x800.jpg 1236w\" sizes=\"auto, (max-width: 480px) 100vw, 480px\" \/>                                                                        <\/div>\n                    <div class=\"grid-title\">\n                                                                                  <h2 class=\"ellipsis\">Plages et criques<\/h2>\n                                                                               <div class=\"text-card grid-excerpt\">\n                                \n                                                                    D\u00e9couvrez nos environs et profitez du charme de la Costa Brava                                                            <\/div>\n                                            <\/div>\n                <\/a>\n\n            \n                <a class=\"grid-item-25429\" href=\"https:\/\/www.campingkings.com\/fr\/environnement\/environs\/\">\n\n                    <div class=\"thumb-img\">\n                                                                                    <!-- style default -->\n                                <img loading=\"lazy\" decoding=\"async\" width=\"480\" height=\"480\" src=\"https:\/\/www.campingkings.com\/wp-content\/uploads\/port-palamos-retocada-480x480.jpg\" class=\"attachment-slide-s size-slide-s wp-post-image\" alt=\"Entorno Camping en Palam\u00f3s\" srcset=\"https:\/\/www.campingkings.com\/wp-content\/uploads\/port-palamos-retocada-480x480.jpg 480w, https:\/\/www.campingkings.com\/wp-content\/uploads\/port-palamos-retocada-250x250.jpg 250w\" sizes=\"auto, (max-width: 480px) 100vw, 480px\" \/>                                                                        <\/div>\n                    <div class=\"grid-title\">\n                                                                                  <h2 class=\"ellipsis\">Environs<\/h2>\n                                                                               <div class=\"text-card grid-excerpt\">\n                                \n                                                                    Profitez des paysages et du patrimoine naturel unique autour du Camping King&rsquo;s                                                             <\/div>\n                                            <\/div>\n                <\/a>\n\n            \n                <a class=\"grid-item-25443\" href=\"https:\/\/www.campingkings.com\/fr\/environnement\/le-tourisme\/\">\n\n                    <div class=\"thumb-img\">\n                                                                                    <!-- style default -->\n                                <img loading=\"lazy\" decoding=\"async\" width=\"480\" height=\"365\" src=\"https:\/\/www.campingkings.com\/wp-content\/uploads\/museo-dali-480x365.jpg\" class=\"attachment-slide-s size-slide-s wp-post-image\" alt=\"Camping Costa Brava con visitas culturales\" \/>                                                                        <\/div>\n                    <div class=\"grid-title\">\n                                                                                  <h2 class=\"ellipsis\">Le tourisme<\/h2>\n                                                                               <div class=\"text-card grid-excerpt\">\n                                \n                                                                    Saisissez l\u2019occasion de combiner votre s\u00e9jour avec des visites culturelles et touristiques                                                            <\/div>\n                                            <\/div>\n                <\/a>\n\n            \n        <\/div>\n    <\/div>\n\n\n    \n\n\n\n\n\n<div class=\"wp-block-cover has-background-dim-100 has-background-dim has-background-gradient alignfull is-style-negative-margin\" style=\"background-image:url(https:\/\/www.campingkings.com\/wp-content\/uploads\/platja-de-castell2.jpg)\"><span aria-hidden=\"true\" class=\"wp-block-cover__gradient-background has-white-transparent-gradient-background\"><\/span><div class=\"wp-block-cover__inner-container is-layout-flow wp-block-cover-is-layout-flow\">\n<p class=\"has-text-align-center has-large-font-size\"><\/p>\n<\/div><\/div>\n","protected":false},"excerpt":{"rendered":"<p>Costa Brava La Costa Brava s&rsquo;\u00e9tend de la fronti\u00e8re fran\u00e7aise [&hellip;]<\/p>\n","protected":false},"author":1,"featured_media":21698,"parent":0,"menu_order":8,"comment_status":"closed","ping_status":"closed","template":"","meta":{"_acf_changed":false,"_monsterinsights_skip_tracking":false,"_monsterinsights_sitenote_active":false,"_monsterinsights_sitenote_note":"","_monsterinsights_sitenote_category":0,"footnotes":""},"class_list":["post-23929","page","type-page","status-publish","has-post-thumbnail","hentry"],"acf":[],"yoast_head":"<!-- This site is optimized with the Yoast SEO plugin v26.6 - https:\/\/yoast.com\/wordpress\/plugins\/seo\/ -->\n<title>Tourisme - Camping Kings<\/title>\n<meta name=\"description\" content=\"Costa Brava La Costa Brava s&#039;\u00e9tend de la fronti\u00e8re fran\u00e7aise jusqu&#039;\u00e0 70 km au nord de Barcelone. Elle comprend 200 km de c\u00f4tes catalanes.\" \/>\n<meta name=\"robots\" content=\"index, follow, max-snippet:-1, max-image-preview:large, max-video-preview:-1\" \/>\n<link rel=\"canonical\" href=\"https:\/\/www.campingkings.com\/fr\/environnement\/\" \/>\n<meta property=\"og:locale\" content=\"fr_FR\" \/>\n<meta property=\"og:type\" content=\"article\" \/>\n<meta property=\"og:title\" content=\"Tourisme - Camping Kings\" \/>\n<meta property=\"og:description\" content=\"Costa Brava La Costa Brava s&#039;\u00e9tend de la fronti\u00e8re fran\u00e7aise jusqu&#039;\u00e0 70 km au nord de Barcelone. Elle comprend 200 km de c\u00f4tes catalanes.\" \/>\n<meta property=\"og:url\" content=\"https:\/\/www.campingkings.com\/fr\/environnement\/\" \/>\n<meta property=\"og:site_name\" content=\"Camping King&#039;s\" \/>\n<meta property=\"article:publisher\" content=\"https:\/\/www.facebook.com\/kingslafosca\/\" \/>\n<meta property=\"article:modified_time\" content=\"2021-01-18T13:30:45+00:00\" \/>\n<meta property=\"og:image\" content=\"https:\/\/www.campingkings.com\/wp-content\/uploads\/platja-h.jpg\" \/>\n\t<meta property=\"og:image:width\" content=\"1000\" \/>\n\t<meta property=\"og:image:height\" content=\"1431\" \/>\n\t<meta property=\"og:image:type\" content=\"image\/jpeg\" \/>\n<meta name=\"twitter:card\" content=\"summary_large_image\" \/>\n<meta name=\"twitter:label1\" content=\"Dur\u00e9e de lecture estim\u00e9e\" \/>\n\t<meta name=\"twitter:data1\" content=\"1 minute\" \/>\n<script type=\"application\/ld+json\" class=\"yoast-schema-graph\">{\"@context\":\"https:\/\/schema.org\",\"@graph\":[{\"@type\":\"WebPage\",\"@id\":\"https:\/\/www.campingkings.com\/fr\/environnement\/\",\"url\":\"https:\/\/www.campingkings.com\/fr\/environnement\/\",\"name\":\"Tourisme - Camping Kings\",\"isPartOf\":{\"@id\":\"https:\/\/www.campingkings.com\/fr\/#website\"},\"primaryImageOfPage\":{\"@id\":\"https:\/\/www.campingkings.com\/fr\/environnement\/#primaryimage\"},\"image\":{\"@id\":\"https:\/\/www.campingkings.com\/fr\/environnement\/#primaryimage\"},\"thumbnailUrl\":\"https:\/\/www.campingkings.com\/wp-content\/uploads\/platja-h.jpg\",\"datePublished\":\"2019-11-19T14:36:20+00:00\",\"dateModified\":\"2021-01-18T13:30:45+00:00\",\"description\":\"Costa Brava La Costa Brava s'\u00e9tend de la fronti\u00e8re fran\u00e7aise jusqu'\u00e0 70 km au nord de Barcelone. Elle comprend 200 km de c\u00f4tes catalanes.\",\"breadcrumb\":{\"@id\":\"https:\/\/www.campingkings.com\/fr\/environnement\/#breadcrumb\"},\"inLanguage\":\"fr-FR\",\"potentialAction\":[{\"@type\":\"ReadAction\",\"target\":[\"https:\/\/www.campingkings.com\/fr\/environnement\/\"]}]},{\"@type\":\"ImageObject\",\"inLanguage\":\"fr-FR\",\"@id\":\"https:\/\/www.campingkings.com\/fr\/environnement\/#primaryimage\",\"url\":\"https:\/\/www.campingkings.com\/wp-content\/uploads\/platja-h.jpg\",\"contentUrl\":\"https:\/\/www.campingkings.com\/wp-content\/uploads\/platja-h.jpg\",\"width\":1000,\"height\":1431,\"caption\":\"Entorno Camping Kings en Palam\u00f3s\"},{\"@type\":\"BreadcrumbList\",\"@id\":\"https:\/\/www.campingkings.com\/fr\/environnement\/#breadcrumb\",\"itemListElement\":[{\"@type\":\"ListItem\",\"position\":1,\"name\":\"Camping King's\",\"item\":\"https:\/\/www.campingkings.com\/fr\/\"},{\"@type\":\"ListItem\",\"position\":2,\"name\":\"Environnement\"}]},{\"@type\":\"WebSite\",\"@id\":\"https:\/\/www.campingkings.com\/fr\/#website\",\"url\":\"https:\/\/www.campingkings.com\/fr\/\",\"name\":\"Camping King&#039;s\",\"description\":\"Al cor de la Costa Brava, a Palam\u00f3s, a 200m. de la platja de La Fosca.\",\"publisher\":{\"@id\":\"https:\/\/www.campingkings.com\/fr\/#organization\"},\"potentialAction\":[{\"@type\":\"SearchAction\",\"target\":{\"@type\":\"EntryPoint\",\"urlTemplate\":\"https:\/\/www.campingkings.com\/fr\/?s={search_term_string}\"},\"query-input\":{\"@type\":\"PropertyValueSpecification\",\"valueRequired\":true,\"valueName\":\"search_term_string\"}}],\"inLanguage\":\"fr-FR\"},{\"@type\":\"Organization\",\"@id\":\"https:\/\/www.campingkings.com\/fr\/#organization\",\"name\":\"Camping King's\",\"url\":\"https:\/\/www.campingkings.com\/fr\/\",\"logo\":{\"@type\":\"ImageObject\",\"inLanguage\":\"fr-FR\",\"@id\":\"https:\/\/www.campingkings.com\/fr\/#\/schema\/logo\/image\/\",\"url\":\"https:\/\/www.campingkings.com\/wp-content\/uploads\/logo-kings.svg\",\"contentUrl\":\"https:\/\/www.campingkings.com\/wp-content\/uploads\/logo-kings.svg\",\"width\":57,\"height\":28,\"caption\":\"Camping King's\"},\"image\":{\"@id\":\"https:\/\/www.campingkings.com\/fr\/#\/schema\/logo\/image\/\"},\"sameAs\":[\"https:\/\/www.facebook.com\/kingslafosca\/\"]}]}<\/script>\n<!-- \/ Yoast SEO plugin. -->","yoast_head_json":{"title":"Tourisme - Camping Kings","description":"Costa Brava La Costa Brava s'\u00e9tend de la fronti\u00e8re fran\u00e7aise jusqu'\u00e0 70 km au nord de Barcelone. Elle comprend 200 km de c\u00f4tes catalanes.","robots":{"index":"index","follow":"follow","max-snippet":"max-snippet:-1","max-image-preview":"max-image-preview:large","max-video-preview":"max-video-preview:-1"},"canonical":"https:\/\/www.campingkings.com\/fr\/environnement\/","og_locale":"fr_FR","og_type":"article","og_title":"Tourisme - Camping Kings","og_description":"Costa Brava La Costa Brava s'\u00e9tend de la fronti\u00e8re fran\u00e7aise jusqu'\u00e0 70 km au nord de Barcelone. Elle comprend 200 km de c\u00f4tes catalanes.","og_url":"https:\/\/www.campingkings.com\/fr\/environnement\/","og_site_name":"Camping King&#039;s","article_publisher":"https:\/\/www.facebook.com\/kingslafosca\/","article_modified_time":"2021-01-18T13:30:45+00:00","og_image":[{"width":1000,"height":1431,"url":"https:\/\/www.campingkings.com\/wp-content\/uploads\/platja-h.jpg","type":"image\/jpeg"}],"twitter_card":"summary_large_image","twitter_misc":{"Dur\u00e9e de lecture estim\u00e9e":"1 minute"},"schema":{"@context":"https:\/\/schema.org","@graph":[{"@type":"WebPage","@id":"https:\/\/www.campingkings.com\/fr\/environnement\/","url":"https:\/\/www.campingkings.com\/fr\/environnement\/","name":"Tourisme - Camping Kings","isPartOf":{"@id":"https:\/\/www.campingkings.com\/fr\/#website"},"primaryImageOfPage":{"@id":"https:\/\/www.campingkings.com\/fr\/environnement\/#primaryimage"},"image":{"@id":"https:\/\/www.campingkings.com\/fr\/environnement\/#primaryimage"},"thumbnailUrl":"https:\/\/www.campingkings.com\/wp-content\/uploads\/platja-h.jpg","datePublished":"2019-11-19T14:36:20+00:00","dateModified":"2021-01-18T13:30:45+00:00","description":"Costa Brava La Costa Brava s'\u00e9tend de la fronti\u00e8re fran\u00e7aise jusqu'\u00e0 70 km au nord de Barcelone. Elle comprend 200 km de c\u00f4tes catalanes.","breadcrumb":{"@id":"https:\/\/www.campingkings.com\/fr\/environnement\/#breadcrumb"},"inLanguage":"fr-FR","potentialAction":[{"@type":"ReadAction","target":["https:\/\/www.campingkings.com\/fr\/environnement\/"]}]},{"@type":"ImageObject","inLanguage":"fr-FR","@id":"https:\/\/www.campingkings.com\/fr\/environnement\/#primaryimage","url":"https:\/\/www.campingkings.com\/wp-content\/uploads\/platja-h.jpg","contentUrl":"https:\/\/www.campingkings.com\/wp-content\/uploads\/platja-h.jpg","width":1000,"height":1431,"caption":"Entorno Camping Kings en Palam\u00f3s"},{"@type":"BreadcrumbList","@id":"https:\/\/www.campingkings.com\/fr\/environnement\/#breadcrumb","itemListElement":[{"@type":"ListItem","position":1,"name":"Camping King's","item":"https:\/\/www.campingkings.com\/fr\/"},{"@type":"ListItem","position":2,"name":"Environnement"}]},{"@type":"WebSite","@id":"https:\/\/www.campingkings.com\/fr\/#website","url":"https:\/\/www.campingkings.com\/fr\/","name":"Camping King&#039;s","description":"Al cor de la Costa Brava, a Palam\u00f3s, a 200m. de la platja de La Fosca.","publisher":{"@id":"https:\/\/www.campingkings.com\/fr\/#organization"},"potentialAction":[{"@type":"SearchAction","target":{"@type":"EntryPoint","urlTemplate":"https:\/\/www.campingkings.com\/fr\/?s={search_term_string}"},"query-input":{"@type":"PropertyValueSpecification","valueRequired":true,"valueName":"search_term_string"}}],"inLanguage":"fr-FR"},{"@type":"Organization","@id":"https:\/\/www.campingkings.com\/fr\/#organization","name":"Camping King's","url":"https:\/\/www.campingkings.com\/fr\/","logo":{"@type":"ImageObject","inLanguage":"fr-FR","@id":"https:\/\/www.campingkings.com\/fr\/#\/schema\/logo\/image\/","url":"https:\/\/www.campingkings.com\/wp-content\/uploads\/logo-kings.svg","contentUrl":"https:\/\/www.campingkings.com\/wp-content\/uploads\/logo-kings.svg","width":57,"height":28,"caption":"Camping King's"},"image":{"@id":"https:\/\/www.campingkings.com\/fr\/#\/schema\/logo\/image\/"},"sameAs":["https:\/\/www.facebook.com\/kingslafosca\/"]}]}},"_links":{"self":[{"href":"https:\/\/www.campingkings.com\/fr\/wp-json\/wp\/v2\/pages\/23929","targetHints":{"allow":["GET"]}}],"collection":[{"href":"https:\/\/www.campingkings.com\/fr\/wp-json\/wp\/v2\/pages"}],"about":[{"href":"https:\/\/www.campingkings.com\/fr\/wp-json\/wp\/v2\/types\/page"}],"author":[{"embeddable":true,"href":"https:\/\/www.campingkings.com\/fr\/wp-json\/wp\/v2\/users\/1"}],"replies":[{"embeddable":true,"href":"https:\/\/www.campingkings.com\/fr\/wp-json\/wp\/v2\/comments?post=23929"}],"version-history":[{"count":6,"href":"https:\/\/www.campingkings.com\/fr\/wp-json\/wp\/v2\/pages\/23929\/revisions"}],"predecessor-version":[{"id":35522,"href":"https:\/\/www.campingkings.com\/fr\/wp-json\/wp\/v2\/pages\/23929\/revisions\/35522"}],"wp:featuredmedia":[{"embeddable":true,"href":"https:\/\/www.campingkings.com\/fr\/wp-json\/wp\/v2\/media\/21698"}],"wp:attachment":[{"href":"https:\/\/www.campingkings.com\/fr\/wp-json\/wp\/v2\/media?parent=23929"}],"curies":[{"name":"wp","href":"https:\/\/api.w.org\/{rel}","templated":true}]}}