{"id":26963,"date":"2019-11-22T11:37:50","date_gmt":"2019-11-22T10:37:50","guid":{"rendered":"https:\/\/www.campingkings.com\/politica-de-cookies\/"},"modified":"2022-03-11T11:14:36","modified_gmt":"2022-03-11T10:14:36","slug":"politica-de-cookies","status":"publish","type":"page","link":"https:\/\/www.campingkings.com\/es\/politica-de-cookies\/","title":{"rendered":"Pol\u00edtica de cookies"},"content":{"rendered":"\n<h4 class=\"wp-block-heading\">Uso de cookies<\/h4>\n\n\n\n<p>Las cookies son breves informaciones que se env\u00edan y almacenan en el disco duro del ordenador del usuario a trav\u00e9s de su navegador cuando \u00e9ste se conecta a una web. Las cookies se pueden utilizar para recabar y almacenar datos del usuario mientras est\u00e1 conectado para facilitarle los servicios solicitados y que no se suelen conservar (Cookies de sesi\u00f3n), o para conservar los datos del usuario para otro tipo de servicios futuros y que se pueden conservar por tiempo indefinido (Cookies persistentes). Las cookies pueden ser propias o de terceros.<\/p>\n\n\n\n<h4 class=\"wp-block-heading\">Existen varios tipos de cookies:<\/h4>\n\n\n\n<ul class=\"wp-block-list\"><li>Cookies t\u00e9cnicas que facilitan la navegaci\u00f3n del usuario y la utilizaci\u00f3n de las diferentes opciones o servicios que ofrece la web como identificar la sesi\u00f3n, permitir el acceso a determinadas \u00e1reas, facilitar pedidos, compras, cumplimentaci\u00f3n de formularios, inscripciones, seguridad, facilitar funcionalidades (videos, redes sociales\u2026).<\/li><li>Cookies de personalizaci\u00f3n que permiten al usuario acceder a los servicios seg\u00fan sus preferencias (idioma, navegador, configuraci\u00f3n\u2026).<\/li><li>Cookies de an\u00e1lisis que permiten el an\u00e1lisis an\u00f3nimo del comportamiento de los usuarios de la web y que permiten medir la actividad del usuario y elaborar perfiles de navegaci\u00f3n con el fin objetivo de mejorar los sitios web.<\/li><li>Cookies publicitarias que permiten la gesti\u00f3n de los espacios publicitarios de la web.<\/li><li>Cookies de publicidad personalizada que permiten la gesti\u00f3n de los espacios publicitarios de la web en base al comportamiento y h\u00e1bitos de navegaci\u00f3n de usuario, de donde se obtiene su perfil y permiten personalizar la publicidad que se muestra en el navegador del usuario.<\/li><\/ul>\n\n\n\n<p>Camping King&#8217;s utiliza&nbsp;cookies t\u00e9cnicas, de personalizaci\u00f3n y de an\u00e1lisis, propias y de terceros, que en ning\u00fan caso tratan datos de car\u00e1cter personal, pero captan h\u00e1bitos de navegaci\u00f3n para fines estad\u00edsticos.<\/p>\n\n\n\n<p>Por ello, al acceder a nuestra web, en cumplimiento del art\u00edculo 22 de la Ley de Servicios de la Sociedad de la Informaci\u00f3n le hemos solicitado su consentimiento para su uso.<\/p>\n\n\n\n<p>De todas formas, le informamos que puede activar o desactivar estas cookies siguiendo las instrucciones de su navegador de Internet:<\/p>\n\n\n\n<ul class=\"wp-block-list\"><li>Chrome: Configuraci\u00f3n -&gt; Mostrar opciones avanzadas -&gt; Privacidad -&gt; Configuraci\u00f3n de contenido.<\/li><li>Firefox: Herramientas -&gt; Opciones -&gt; Privacidad -&gt; Historial -&gt; Configuraci\u00f3n Personalizada.<\/li><li>Internet Explorer: Herramientas -&gt; Opciones de Internet -&gt; Privacidad -&gt; Configuraci\u00f3n.<\/li><li>Safari: Preferencias -&gt; Seguridad.<\/li><li>Opera: Herramientas -&gt; Preferencias -&gt; Editar preferencias &gt; Cookies<\/li><li>Edge: Configuraci\u00f3n -&gt; Ver configuraci\u00f3n avanzada -&gt; Privacidad y servicios -&gt; Cookies<\/li><\/ul>\n\n\n\n<p>Para m\u00e1s informaci\u00f3n, puede consultar en la Ayuda de su navegador o en las p\u00e1ginas de soporte de los mismos:<\/p>\n\n\n\n<ul class=\"wp-block-list\"><li>Chrome:&nbsp;<a href=\"http:\/\/support.google.com\/\" target=\"_blank\" rel=\"noreferrer noopener\">support.google.com<\/a><\/li><li>Firefox:&nbsp;<a href=\"https:\/\/support.mozilla.org\/es\/\" target=\"_blank\" rel=\"noreferrer noopener\">support.mozilla.org<\/a><\/li><li>Internet Explorer:&nbsp;<a href=\"http:\/\/windows.microsoft.com\/\" target=\"_blank\" rel=\"noreferrer noopener\">windows.microsoft.com<\/a><\/li><li>Safari:&nbsp;<a href=\"http:\/\/www.apple.com\/\">http:\/\/www.apple.com<\/a><\/li><li>Opera:&nbsp;<a href=\"http:\/\/www.opera.com\/help\/tutorials\/security\/cookies\/\" target=\"_blank\" rel=\"noreferrer noopener\">http:\/\/www.opera.com\/help\/tutorials\/security\/cookies\/<\/a><\/li><li>Edge:&nbsp;<a href=\"https:\/\/privacy.microsoft.com\/es-es\/windows-10-microsoft-edge-and-privacy\" target=\"_blank\" rel=\"noreferrer noopener\">https:\/\/privacy.microsoft.com\/es-es\/windows-10-microsoft-edge-and-privacy<\/a><\/li><\/ul>\n\n\n\n<p>Camping Kings, en cumplimiento de la Ley 34\/2002 del 11 de julio, de servicios de la sociedad de la informaci\u00f3n y comercio electr\u00f3nico, y de la Directiva comunitaria 2009\/136 \/ CE, informa que a su web utiliza cookies propias y de terceros para optimizar y adaptarse a su navegaci\u00f3n y preferencias. Estas galletas son almacenadas en su navegador.<\/p>\n\n\n\n<p>El an\u00e1lisis de los datos que recopilamos nos permite mejorar la web y ofrecer una informaci\u00f3n y unos servicios m\u00e1s personalizados, gracias a los datos de car\u00e1cter estad\u00edstico recopiladas. Si contin\u00faa navegando a Camping Kings, entenderemos que acepta nuestra pol\u00edtica de privacidad y el uso de cookies.<\/p>\n\n\n\n<figure class=\"wp-block-table\"><table><thead><tr><th>DOMINIO<\/th><th>COOKIE<\/th><th>FINALIDAD<\/th><th>CADUCIDAD<\/th><th>DESCRIPCI\u00d3N<\/th><\/tr><\/thead><tbody><tr><td>.google.es<\/td><td>_ga, _gad<\/td><td>Cookies de an\u00e1lisis<\/td><td>persistente<\/td><td>Se utiliza para distinguir usuarios \u00fanicos mediante la asignaci\u00f3n de un n\u00famero generado aleatoriamente como identificador de cliente, lo que permite calcular visitas y sesiones<\/td><\/tr><tr><td>.google.es<\/td><td>_gid<\/td><td>Cookies de an\u00e1lisis<\/td><td>persistente<\/td><td>Google Analytics utiliza esta cookie para almacenar y actualizar un valor \u00fanico para cada p\u00e1gina visitada. La galleta se actualiza cada vez que env\u00eda los datos a Google Analytics.<\/td><\/tr><tr><td>.google.es<\/td><td>1P_JAR<\/td><td>Cookies de publicidad<\/td><td>1 semana<\/td><td>Transfiere datos a Google<\/td><\/tr><tr><td>.campingkings.com<\/td><td>PHPSESSID<\/td><td>Cookies de rendimiento<\/td><td>persistente<\/td><td>Esta cookie es usada por el lenguaje de encriptado PHP para permitir que las variables de sesi\u00f3n sean guardados en el servidor web. Esta galletas es esencial para el funcionamiento de la web.<\/td><\/tr><tr><td>doubleclick.net<\/td><td>IDE, test_cookie<\/td><td>Cookies de publicidad<\/td><td>1 mes<\/td><td>Estas galletas tambi\u00e9n se pueden utilizar en otras propiedades de Google (p. Ej., En YouTube) para mostrarte anuncios m\u00e1s relevantes.<\/td><\/tr><tr><td>.youtube.com<\/td><td>GPS, PREF, YSC, VISITOR_INFO<\/td><td>Cookies de an\u00e1lisis<\/td><td>persistente<\/td><td>Transfiere datos a Google<\/td><\/tr><tr><td>.masterasp.com<\/td><td>track, trackguid<\/td><td>Cookies de an\u00e1lisis<\/td><td>persistente<\/td><td>Se utiliza para distinguir usuarios \u00fanicos mediante la asignaci\u00f3n de un n\u00famero generado aleatoriamente como identificador de cliente.<\/td><\/tr><\/tbody><\/table><\/figure>\n\n\n\n<div style=\"height:100px\" aria-hidden=\"true\" class=\"wp-block-spacer\"><\/div>\n","protected":false},"excerpt":{"rendered":"<p>Uso de cookies Las cookies son breves informaciones que se [&hellip;]<\/p>\n","protected":false},"author":1,"featured_media":0,"parent":0,"menu_order":11,"comment_status":"closed","ping_status":"closed","template":"","meta":{"_acf_changed":false,"_monsterinsights_skip_tracking":false,"_monsterinsights_sitenote_active":false,"_monsterinsights_sitenote_note":"","_monsterinsights_sitenote_category":0,"footnotes":""},"class_list":["post-26963","page","type-page","status-publish","hentry"],"acf":[],"yoast_head":"<!-- This site is optimized with the Yoast SEO plugin v26.6 - https:\/\/yoast.com\/wordpress\/plugins\/seo\/ -->\n<title>Pol\u00edtica de Cookies - Camping King&#039;s<\/title>\n<meta name=\"description\" content=\"Uso de cookies Las cookies son breves informaciones que se env\u00edan y almacenan en el disco duro del ordenador del usuario a trav\u00e9s de su navegador cuando\" \/>\n<meta name=\"robots\" content=\"noindex, follow\" \/>\n<meta property=\"og:locale\" content=\"es_ES\" \/>\n<meta property=\"og:type\" content=\"article\" \/>\n<meta property=\"og:title\" content=\"Pol\u00edtica de Cookies - Camping King&#039;s\" \/>\n<meta property=\"og:description\" content=\"Uso de cookies Las cookies son breves informaciones que se env\u00edan y almacenan en el disco duro del ordenador del usuario a trav\u00e9s de su navegador cuando\" \/>\n<meta property=\"og:url\" content=\"https:\/\/www.campingkings.com\/es\/politica-de-cookies\/\" \/>\n<meta property=\"og:site_name\" content=\"Camping King&#039;s\" \/>\n<meta property=\"article:publisher\" content=\"https:\/\/www.facebook.com\/kingslafosca\/\" \/>\n<meta property=\"article:modified_time\" content=\"2022-03-11T10:14:36+00:00\" \/>\n<meta name=\"twitter:card\" content=\"summary_large_image\" \/>\n<meta name=\"twitter:label1\" content=\"Tiempo de lectura\" \/>\n\t<meta name=\"twitter:data1\" content=\"4 minutos\" \/>\n<script type=\"application\/ld+json\" class=\"yoast-schema-graph\">{\"@context\":\"https:\/\/schema.org\",\"@graph\":[{\"@type\":\"WebPage\",\"@id\":\"https:\/\/www.campingkings.com\/es\/politica-de-cookies\/\",\"url\":\"https:\/\/www.campingkings.com\/es\/politica-de-cookies\/\",\"name\":\"Pol\u00edtica de Cookies - Camping King's\",\"isPartOf\":{\"@id\":\"https:\/\/www.campingkings.com\/es\/#website\"},\"datePublished\":\"2019-11-22T10:37:50+00:00\",\"dateModified\":\"2022-03-11T10:14:36+00:00\",\"description\":\"Uso de cookies Las cookies son breves informaciones que se env\u00edan y almacenan en el disco duro del ordenador del usuario a trav\u00e9s de su navegador cuando\",\"breadcrumb\":{\"@id\":\"https:\/\/www.campingkings.com\/es\/politica-de-cookies\/#breadcrumb\"},\"inLanguage\":\"es\",\"potentialAction\":[{\"@type\":\"ReadAction\",\"target\":[\"https:\/\/www.campingkings.com\/es\/politica-de-cookies\/\"]}]},{\"@type\":\"BreadcrumbList\",\"@id\":\"https:\/\/www.campingkings.com\/es\/politica-de-cookies\/#breadcrumb\",\"itemListElement\":[{\"@type\":\"ListItem\",\"position\":1,\"name\":\"Camping King's\",\"item\":\"https:\/\/www.campingkings.com\/es\/\"},{\"@type\":\"ListItem\",\"position\":2,\"name\":\"Pol\u00edtica de cookies\"}]},{\"@type\":\"WebSite\",\"@id\":\"https:\/\/www.campingkings.com\/es\/#website\",\"url\":\"https:\/\/www.campingkings.com\/es\/\",\"name\":\"Camping King&#039;s\",\"description\":\"Al cor de la Costa Brava, a Palam\u00f3s, a 200m. de la platja de La Fosca.\",\"publisher\":{\"@id\":\"https:\/\/www.campingkings.com\/es\/#organization\"},\"potentialAction\":[{\"@type\":\"SearchAction\",\"target\":{\"@type\":\"EntryPoint\",\"urlTemplate\":\"https:\/\/www.campingkings.com\/es\/?s={search_term_string}\"},\"query-input\":{\"@type\":\"PropertyValueSpecification\",\"valueRequired\":true,\"valueName\":\"search_term_string\"}}],\"inLanguage\":\"es\"},{\"@type\":\"Organization\",\"@id\":\"https:\/\/www.campingkings.com\/es\/#organization\",\"name\":\"Camping King's\",\"url\":\"https:\/\/www.campingkings.com\/es\/\",\"logo\":{\"@type\":\"ImageObject\",\"inLanguage\":\"es\",\"@id\":\"https:\/\/www.campingkings.com\/es\/#\/schema\/logo\/image\/\",\"url\":\"https:\/\/www.campingkings.com\/wp-content\/uploads\/logo-kings.svg\",\"contentUrl\":\"https:\/\/www.campingkings.com\/wp-content\/uploads\/logo-kings.svg\",\"width\":57,\"height\":28,\"caption\":\"Camping King's\"},\"image\":{\"@id\":\"https:\/\/www.campingkings.com\/es\/#\/schema\/logo\/image\/\"},\"sameAs\":[\"https:\/\/www.facebook.com\/kingslafosca\/\"]}]}<\/script>\n<!-- \/ Yoast SEO plugin. -->","yoast_head_json":{"title":"Pol\u00edtica de Cookies - Camping King's","description":"Uso de cookies Las cookies son breves informaciones que se env\u00edan y almacenan en el disco duro del ordenador del usuario a trav\u00e9s de su navegador cuando","robots":{"index":"noindex","follow":"follow"},"og_locale":"es_ES","og_type":"article","og_title":"Pol\u00edtica de Cookies - Camping King's","og_description":"Uso de cookies Las cookies son breves informaciones que se env\u00edan y almacenan en el disco duro del ordenador del usuario a trav\u00e9s de su navegador cuando","og_url":"https:\/\/www.campingkings.com\/es\/politica-de-cookies\/","og_site_name":"Camping King&#039;s","article_publisher":"https:\/\/www.facebook.com\/kingslafosca\/","article_modified_time":"2022-03-11T10:14:36+00:00","twitter_card":"summary_large_image","twitter_misc":{"Tiempo de lectura":"4 minutos"},"schema":{"@context":"https:\/\/schema.org","@graph":[{"@type":"WebPage","@id":"https:\/\/www.campingkings.com\/es\/politica-de-cookies\/","url":"https:\/\/www.campingkings.com\/es\/politica-de-cookies\/","name":"Pol\u00edtica de Cookies - Camping King's","isPartOf":{"@id":"https:\/\/www.campingkings.com\/es\/#website"},"datePublished":"2019-11-22T10:37:50+00:00","dateModified":"2022-03-11T10:14:36+00:00","description":"Uso de cookies Las cookies son breves informaciones que se env\u00edan y almacenan en el disco duro del ordenador del usuario a trav\u00e9s de su navegador cuando","breadcrumb":{"@id":"https:\/\/www.campingkings.com\/es\/politica-de-cookies\/#breadcrumb"},"inLanguage":"es","potentialAction":[{"@type":"ReadAction","target":["https:\/\/www.campingkings.com\/es\/politica-de-cookies\/"]}]},{"@type":"BreadcrumbList","@id":"https:\/\/www.campingkings.com\/es\/politica-de-cookies\/#breadcrumb","itemListElement":[{"@type":"ListItem","position":1,"name":"Camping King's","item":"https:\/\/www.campingkings.com\/es\/"},{"@type":"ListItem","position":2,"name":"Pol\u00edtica de cookies"}]},{"@type":"WebSite","@id":"https:\/\/www.campingkings.com\/es\/#website","url":"https:\/\/www.campingkings.com\/es\/","name":"Camping King&#039;s","description":"Al cor de la Costa Brava, a Palam\u00f3s, a 200m. de la platja de La Fosca.","publisher":{"@id":"https:\/\/www.campingkings.com\/es\/#organization"},"potentialAction":[{"@type":"SearchAction","target":{"@type":"EntryPoint","urlTemplate":"https:\/\/www.campingkings.com\/es\/?s={search_term_string}"},"query-input":{"@type":"PropertyValueSpecification","valueRequired":true,"valueName":"search_term_string"}}],"inLanguage":"es"},{"@type":"Organization","@id":"https:\/\/www.campingkings.com\/es\/#organization","name":"Camping King's","url":"https:\/\/www.campingkings.com\/es\/","logo":{"@type":"ImageObject","inLanguage":"es","@id":"https:\/\/www.campingkings.com\/es\/#\/schema\/logo\/image\/","url":"https:\/\/www.campingkings.com\/wp-content\/uploads\/logo-kings.svg","contentUrl":"https:\/\/www.campingkings.com\/wp-content\/uploads\/logo-kings.svg","width":57,"height":28,"caption":"Camping King's"},"image":{"@id":"https:\/\/www.campingkings.com\/es\/#\/schema\/logo\/image\/"},"sameAs":["https:\/\/www.facebook.com\/kingslafosca\/"]}]}},"_links":{"self":[{"href":"https:\/\/www.campingkings.com\/es\/wp-json\/wp\/v2\/pages\/26963","targetHints":{"allow":["GET"]}}],"collection":[{"href":"https:\/\/www.campingkings.com\/es\/wp-json\/wp\/v2\/pages"}],"about":[{"href":"https:\/\/www.campingkings.com\/es\/wp-json\/wp\/v2\/types\/page"}],"author":[{"embeddable":true,"href":"https:\/\/www.campingkings.com\/es\/wp-json\/wp\/v2\/users\/1"}],"replies":[{"embeddable":true,"href":"https:\/\/www.campingkings.com\/es\/wp-json\/wp\/v2\/comments?post=26963"}],"version-history":[{"count":4,"href":"https:\/\/www.campingkings.com\/es\/wp-json\/wp\/v2\/pages\/26963\/revisions"}],"predecessor-version":[{"id":37850,"href":"https:\/\/www.campingkings.com\/es\/wp-json\/wp\/v2\/pages\/26963\/revisions\/37850"}],"wp:attachment":[{"href":"https:\/\/www.campingkings.com\/es\/wp-json\/wp\/v2\/media?parent=26963"}],"curies":[{"name":"wp","href":"https:\/\/api.w.org\/{rel}","templated":true}]}}