{"id":26802,"date":"2019-12-11T16:29:53","date_gmt":"2019-12-11T15:29:53","guid":{"rendered":"https:\/\/www.campingkings.com\/sol%c2%b7licitud-de-feina\/"},"modified":"2021-09-16T09:10:39","modified_gmt":"2021-09-16T07:10:39","slug":"solicitud-de-trabajo","status":"publish","type":"page","link":"https:\/\/www.campingkings.com\/es\/solicitud-de-trabajo\/","title":{"rendered":"Solicitud de trabajo"},"content":{"rendered":"\n<div class=\"wp-block-cover alignfull has-background-dim\"><img loading=\"lazy\" decoding=\"async\" width=\"2048\" height=\"1365\" class=\"wp-block-cover__image-background wp-image-19743\" alt=\"\" src=\"https:\/\/www.campingkings.com\/wp-content\/uploads\/mg-3261.jpg\" style=\"object-position:50% 100%\" data-object-fit=\"cover\" data-object-position=\"50% 100%\" srcset=\"https:\/\/www.campingkings.com\/wp-content\/uploads\/mg-3261.jpg 2048w, https:\/\/www.campingkings.com\/wp-content\/uploads\/mg-3261-512x341.jpg 512w, https:\/\/www.campingkings.com\/wp-content\/uploads\/mg-3261-1200x800.jpg 1200w, https:\/\/www.campingkings.com\/wp-content\/uploads\/mg-3261-1536x1024.jpg 1536w, https:\/\/www.campingkings.com\/wp-content\/uploads\/mg-3261-1620x1080.jpg 1620w, https:\/\/www.campingkings.com\/wp-content\/uploads\/mg-3261-900x600.jpg 900w, https:\/\/www.campingkings.com\/wp-content\/uploads\/mg-3261-90x60.jpg 90w, https:\/\/www.campingkings.com\/wp-content\/uploads\/mg-3261-250x167.jpg 250w, https:\/\/www.campingkings.com\/wp-content\/uploads\/mg-3261-2000x1333.jpg 2000w\" sizes=\"auto, (max-width: 2048px) 100vw, 2048px\" \/><div class=\"wp-block-cover__inner-container is-layout-flow wp-block-cover-is-layout-flow\">\n<div class=\"wp-block-columns is-layout-flex wp-container-core-columns-is-layout-9d6595d7 wp-block-columns-is-layout-flex\">\n<div class=\"wp-block-column is-layout-flow wp-block-column-is-layout-flow\">\n<h1 class=\"wp-block-heading\">\u00bfTe gustar\u00eda trabajar con nosotros?<\/h1>\n\n\n\n<p>S\u00f3lo tienes que enviar tu Curr\u00edculum mediante el siguiente formulario<\/p>\n<\/div>\n\n\n\n<div class=\"wp-block-column is-layout-flow wp-block-column-is-layout-flow\">\n\n<div class=\"wpcf7 no-js\" id=\"wpcf7-f18000-o1\" lang=\"es-ES\" dir=\"ltr\" data-wpcf7-id=\"18000\">\n<div class=\"screen-reader-response\"><p role=\"status\" aria-live=\"polite\" aria-atomic=\"true\"><\/p> <ul><\/ul><\/div>\n<form action=\"\/es\/wp-json\/wp\/v2\/pages\/26802#wpcf7-f18000-o1\" method=\"post\" class=\"wpcf7-form init\" aria-label=\"Formulario de contacto\" enctype=\"multipart\/form-data\" novalidate=\"novalidate\" data-status=\"init\">\n<fieldset class=\"hidden-fields-container\"><input type=\"hidden\" name=\"_wpcf7\" value=\"18000\" \/><input type=\"hidden\" name=\"_wpcf7_version\" value=\"6.1.4\" \/><input type=\"hidden\" name=\"_wpcf7_locale\" value=\"es_ES\" \/><input type=\"hidden\" name=\"_wpcf7_unit_tag\" value=\"wpcf7-f18000-o1\" \/><input type=\"hidden\" name=\"_wpcf7_container_post\" value=\"0\" \/><input type=\"hidden\" name=\"_wpcf7_posted_data_hash\" value=\"\" \/><input type=\"hidden\" name=\"_wpcf7_recaptcha_response\" value=\"\" \/>\n<\/fieldset>\n<p><label for=\"job-nombre\">Nombre<\/label><br \/>\n<span class=\"wpcf7-form-control-wrap\" data-name=\"job-nombre\"><input size=\"40\" maxlength=\"400\" class=\"wpcf7-form-control wpcf7-text wpcf7-validates-as-required\" aria-required=\"true\" aria-invalid=\"false\" value=\"\" type=\"text\" name=\"job-nombre\" \/><\/span>\n<\/p>\n<p><label for=\"job-email\">Email<\/label><br \/>\n<span class=\"wpcf7-form-control-wrap\" data-name=\"job-email\"><input size=\"40\" maxlength=\"400\" class=\"wpcf7-form-control wpcf7-email wpcf7-validates-as-required wpcf7-text wpcf7-validates-as-email\" aria-required=\"true\" aria-invalid=\"false\" value=\"\" type=\"email\" name=\"job-email\" \/><\/span>\n<\/p>\n<p><label for=\"job-telefono\">Tel\u00e9fono<\/label><br \/>\n<span class=\"wpcf7-form-control-wrap\" data-name=\"job-telefono\"><input size=\"40\" maxlength=\"400\" class=\"wpcf7-form-control wpcf7-text\" aria-invalid=\"false\" value=\"\" type=\"text\" name=\"job-telefono\" \/><\/span>\n<\/p>\n<p><label for=\"job-puesto\">Puesto<\/label><br \/>\n<span class=\"wpcf7-form-control-wrap\" data-name=\"job-puesto\"><input size=\"40\" maxlength=\"400\" class=\"wpcf7-form-control wpcf7-text\" aria-invalid=\"false\" value=\"\" type=\"text\" name=\"job-puesto\" \/><\/span>\n<\/p>\n<p><label for=\"job-consulta\">Observaciones<\/label><br \/>\n<span class=\"wpcf7-form-control-wrap\" data-name=\"job-consulta\"><textarea cols=\"40\" rows=\"10\" maxlength=\"2000\" class=\"wpcf7-form-control wpcf7-textarea\" aria-invalid=\"false\" name=\"job-consulta\"><\/textarea><\/span>\n<\/p>\n<p><label for=\"job-file\">Adjuntar CV (pdf, word - 2Mb max.)<\/label><br \/>\n<span class=\"wpcf7-form-control-wrap\" data-name=\"job-file\"><input size=\"40\" class=\"wpcf7-form-control wpcf7-file\" accept=\".pdf,.doc,.docx\" aria-invalid=\"false\" type=\"file\" name=\"job-file\" \/><\/span>\n<\/p>\n<div class=\"info-box\">\n\t<p>\n<p>De acuerdo con el Reglamento (UE) 2016\/679 General de Protecci\u00f3n de Datos, ponemos a su disposici\u00f3n la siguiente informaci\u00f3n:<\/p>\n\n\n\n<p>El Responsable del tratamiento de sus datos es International King&#8217;s Camping, S.A, con CIF: A17064726 y domicilio en Palam\u00f3s (Girona), Mas Agust\u00ed, s\/n &#8211; CP17230. Tratamos la informaci\u00f3n que usted nos facilita con el fin de formar parte de los procesos de selecci\u00f3n de personal, y la conservaremos mientras usted no nos solicite su supresi\u00f3n. No comunicaremos sus datos a nadie externo a nuestra empresa.<\/p>\n\n\n\n<p>Usted tiene derecho a acceder a sus datos personales, as\u00ed como a solicitar la rectificaci\u00f3n de los datos inexactos o, en su caso, solicitar su supresi\u00f3n cuando, entre otros motivos, los datos ya no sean necesarios para los fines que fueron recogidos.<\/p>\n\n\n\n<p>En determinadas circunstancias, los interesados podr\u00e1n oponerse o solicitar la limitaci\u00f3n del tratamiento de sus datos, en cuyo caso \u00fanicamente los conservaremos por motivos leg\u00edtimos imperiosos, o el ejercicio o la defensa de posibles reclamaciones.<\/p>\n\n\n\n<p>La base legal para el tratamiento de sus datos es el consentimiento otorgado al clicar la casilla de aceptaci\u00f3n al final de este formulario.<\/p>\n\n\t<\/p>\n<\/div>\n<p><span class=\"wpcf7-form-control-wrap\" data-name=\"privacy\"><span class=\"wpcf7-form-control wpcf7-acceptance\"><span class=\"wpcf7-list-item\"><label><input type=\"checkbox\" name=\"privacy\" value=\"1\" aria-invalid=\"false\" \/><span class=\"wpcf7-list-item-label\">He le\u00eddo y acepto la <a href=\"https:\/\/www.campingkings.com\/es\/politica-de-privacidad\/\">pol\u00edtica de privacidad<\/a>.<\/span><\/label><\/span><\/span><\/span><br \/>\n<span class=\"wpcf7-form-control-wrap\" data-name=\"newsletter\"><span class=\"wpcf7-form-control wpcf7-acceptance optional\"><span class=\"wpcf7-list-item\"><label><input type=\"checkbox\" name=\"newsletter\" value=\"1\" aria-invalid=\"false\" \/><span class=\"wpcf7-list-item-label\">No deseo recibir promociones y ofertas de International King's Camping, S.A.<\/span><\/label><\/span><\/span><\/span>\n<\/p>\n<p><input class=\"wpcf7-form-control wpcf7-submit has-spinner\" type=\"submit\" value=\"Enviar\" \/>\n<\/p><input type='hidden' class='wpcf7-pum' value='{\"closepopup\":false,\"closedelay\":0,\"openpopup\":false,\"openpopup_id\":0}' \/><div class=\"wpcf7-response-output\" aria-hidden=\"true\"><\/div>\n<\/form>\n<\/div>\n\n<\/div>\n<\/div>\n<\/div><\/div>\n","protected":false},"excerpt":{"rendered":"","protected":false},"author":1,"featured_media":0,"parent":0,"menu_order":3,"comment_status":"closed","ping_status":"closed","template":"","meta":{"_acf_changed":false,"_monsterinsights_skip_tracking":false,"_monsterinsights_sitenote_active":false,"_monsterinsights_sitenote_note":"","_monsterinsights_sitenote_category":0,"footnotes":""},"class_list":["post-26802","page","type-page","status-publish","hentry"],"acf":[],"yoast_head":"<!-- This site is optimized with the Yoast SEO plugin v26.6 - https:\/\/yoast.com\/wordpress\/plugins\/seo\/ -->\n<title>Solicitud de trabajo - Camping King&#039;s<\/title>\n<meta name=\"description\" content=\"Si quieres trabajar con nosotros nos puedes enviar tu Curriculum por nuestro formulario.\" \/>\n<meta name=\"robots\" content=\"index, follow, max-snippet:-1, max-image-preview:large, max-video-preview:-1\" \/>\n<link rel=\"canonical\" href=\"https:\/\/www.campingkings.com\/es\/solicitud-de-trabajo\/\" \/>\n<meta property=\"og:locale\" content=\"es_ES\" \/>\n<meta property=\"og:type\" content=\"article\" \/>\n<meta property=\"og:title\" content=\"Solicitud de trabajo - Camping King&#039;s\" \/>\n<meta property=\"og:description\" content=\"Si quieres trabajar con nosotros nos puedes enviar tu Curriculum por nuestro formulario.\" \/>\n<meta property=\"og:url\" content=\"https:\/\/www.campingkings.com\/es\/solicitud-de-trabajo\/\" \/>\n<meta property=\"og:site_name\" content=\"Camping King&#039;s\" \/>\n<meta property=\"article:publisher\" content=\"https:\/\/www.facebook.com\/kingslafosca\/\" \/>\n<meta property=\"article:modified_time\" content=\"2021-09-16T07:10:39+00:00\" \/>\n<meta property=\"og:image\" content=\"https:\/\/www.campingkings.com\/wp-content\/uploads\/mg-3261.jpg\" \/>\n<meta name=\"twitter:card\" content=\"summary_large_image\" \/>\n<meta name=\"twitter:label1\" content=\"Tiempo de lectura\" \/>\n\t<meta name=\"twitter:data1\" content=\"1 minuto\" \/>\n<script type=\"application\/ld+json\" class=\"yoast-schema-graph\">{\"@context\":\"https:\/\/schema.org\",\"@graph\":[{\"@type\":\"WebPage\",\"@id\":\"https:\/\/www.campingkings.com\/es\/solicitud-de-trabajo\/\",\"url\":\"https:\/\/www.campingkings.com\/es\/solicitud-de-trabajo\/\",\"name\":\"Solicitud de trabajo - Camping King&#039;s\",\"isPartOf\":{\"@id\":\"https:\/\/www.campingkings.com\/es\/#website\"},\"primaryImageOfPage\":{\"@id\":\"https:\/\/www.campingkings.com\/es\/solicitud-de-trabajo\/#primaryimage\"},\"image\":{\"@id\":\"https:\/\/www.campingkings.com\/es\/solicitud-de-trabajo\/#primaryimage\"},\"thumbnailUrl\":\"https:\/\/www.campingkings.com\/wp-content\/uploads\/mg-3261.jpg\",\"datePublished\":\"2019-12-11T15:29:53+00:00\",\"dateModified\":\"2021-09-16T07:10:39+00:00\",\"description\":\"Si quieres trabajar con nosotros nos puedes enviar tu Curriculum por nuestro formulario.\",\"breadcrumb\":{\"@id\":\"https:\/\/www.campingkings.com\/es\/solicitud-de-trabajo\/#breadcrumb\"},\"inLanguage\":\"es\",\"potentialAction\":[{\"@type\":\"ReadAction\",\"target\":[\"https:\/\/www.campingkings.com\/es\/solicitud-de-trabajo\/\"]}]},{\"@type\":\"ImageObject\",\"inLanguage\":\"es\",\"@id\":\"https:\/\/www.campingkings.com\/es\/solicitud-de-trabajo\/#primaryimage\",\"url\":\"https:\/\/www.campingkings.com\/wp-content\/uploads\/mg-3261.jpg\",\"contentUrl\":\"https:\/\/www.campingkings.com\/wp-content\/uploads\/mg-3261.jpg\"},{\"@type\":\"BreadcrumbList\",\"@id\":\"https:\/\/www.campingkings.com\/es\/solicitud-de-trabajo\/#breadcrumb\",\"itemListElement\":[{\"@type\":\"ListItem\",\"position\":1,\"name\":\"Camping King's\",\"item\":\"https:\/\/www.campingkings.com\/es\/\"},{\"@type\":\"ListItem\",\"position\":2,\"name\":\"Solicitud de trabajo\"}]},{\"@type\":\"WebSite\",\"@id\":\"https:\/\/www.campingkings.com\/es\/#website\",\"url\":\"https:\/\/www.campingkings.com\/es\/\",\"name\":\"Camping King&#039;s\",\"description\":\"Al cor de la Costa Brava, a Palam\u00f3s, a 200m. de la platja de La Fosca.\",\"publisher\":{\"@id\":\"https:\/\/www.campingkings.com\/es\/#organization\"},\"potentialAction\":[{\"@type\":\"SearchAction\",\"target\":{\"@type\":\"EntryPoint\",\"urlTemplate\":\"https:\/\/www.campingkings.com\/es\/?s={search_term_string}\"},\"query-input\":{\"@type\":\"PropertyValueSpecification\",\"valueRequired\":true,\"valueName\":\"search_term_string\"}}],\"inLanguage\":\"es\"},{\"@type\":\"Organization\",\"@id\":\"https:\/\/www.campingkings.com\/es\/#organization\",\"name\":\"Camping King's\",\"url\":\"https:\/\/www.campingkings.com\/es\/\",\"logo\":{\"@type\":\"ImageObject\",\"inLanguage\":\"es\",\"@id\":\"https:\/\/www.campingkings.com\/es\/#\/schema\/logo\/image\/\",\"url\":\"https:\/\/www.campingkings.com\/wp-content\/uploads\/logo-kings.svg\",\"contentUrl\":\"https:\/\/www.campingkings.com\/wp-content\/uploads\/logo-kings.svg\",\"width\":57,\"height\":28,\"caption\":\"Camping King's\"},\"image\":{\"@id\":\"https:\/\/www.campingkings.com\/es\/#\/schema\/logo\/image\/\"},\"sameAs\":[\"https:\/\/www.facebook.com\/kingslafosca\/\"]}]}<\/script>\n<!-- \/ Yoast SEO plugin. -->","yoast_head_json":{"title":"Solicitud de trabajo - Camping King&#039;s","description":"Si quieres trabajar con nosotros nos puedes enviar tu Curriculum por nuestro formulario.","robots":{"index":"index","follow":"follow","max-snippet":"max-snippet:-1","max-image-preview":"max-image-preview:large","max-video-preview":"max-video-preview:-1"},"canonical":"https:\/\/www.campingkings.com\/es\/solicitud-de-trabajo\/","og_locale":"es_ES","og_type":"article","og_title":"Solicitud de trabajo - Camping King&#039;s","og_description":"Si quieres trabajar con nosotros nos puedes enviar tu Curriculum por nuestro formulario.","og_url":"https:\/\/www.campingkings.com\/es\/solicitud-de-trabajo\/","og_site_name":"Camping King&#039;s","article_publisher":"https:\/\/www.facebook.com\/kingslafosca\/","article_modified_time":"2021-09-16T07:10:39+00:00","og_image":[{"url":"https:\/\/www.campingkings.com\/wp-content\/uploads\/mg-3261.jpg","type":"","width":"","height":""}],"twitter_card":"summary_large_image","twitter_misc":{"Tiempo de lectura":"1 minuto"},"schema":{"@context":"https:\/\/schema.org","@graph":[{"@type":"WebPage","@id":"https:\/\/www.campingkings.com\/es\/solicitud-de-trabajo\/","url":"https:\/\/www.campingkings.com\/es\/solicitud-de-trabajo\/","name":"Solicitud de trabajo - Camping King&#039;s","isPartOf":{"@id":"https:\/\/www.campingkings.com\/es\/#website"},"primaryImageOfPage":{"@id":"https:\/\/www.campingkings.com\/es\/solicitud-de-trabajo\/#primaryimage"},"image":{"@id":"https:\/\/www.campingkings.com\/es\/solicitud-de-trabajo\/#primaryimage"},"thumbnailUrl":"https:\/\/www.campingkings.com\/wp-content\/uploads\/mg-3261.jpg","datePublished":"2019-12-11T15:29:53+00:00","dateModified":"2021-09-16T07:10:39+00:00","description":"Si quieres trabajar con nosotros nos puedes enviar tu Curriculum por nuestro formulario.","breadcrumb":{"@id":"https:\/\/www.campingkings.com\/es\/solicitud-de-trabajo\/#breadcrumb"},"inLanguage":"es","potentialAction":[{"@type":"ReadAction","target":["https:\/\/www.campingkings.com\/es\/solicitud-de-trabajo\/"]}]},{"@type":"ImageObject","inLanguage":"es","@id":"https:\/\/www.campingkings.com\/es\/solicitud-de-trabajo\/#primaryimage","url":"https:\/\/www.campingkings.com\/wp-content\/uploads\/mg-3261.jpg","contentUrl":"https:\/\/www.campingkings.com\/wp-content\/uploads\/mg-3261.jpg"},{"@type":"BreadcrumbList","@id":"https:\/\/www.campingkings.com\/es\/solicitud-de-trabajo\/#breadcrumb","itemListElement":[{"@type":"ListItem","position":1,"name":"Camping King's","item":"https:\/\/www.campingkings.com\/es\/"},{"@type":"ListItem","position":2,"name":"Solicitud de trabajo"}]},{"@type":"WebSite","@id":"https:\/\/www.campingkings.com\/es\/#website","url":"https:\/\/www.campingkings.com\/es\/","name":"Camping King&#039;s","description":"Al cor de la Costa Brava, a Palam\u00f3s, a 200m. de la platja de La Fosca.","publisher":{"@id":"https:\/\/www.campingkings.com\/es\/#organization"},"potentialAction":[{"@type":"SearchAction","target":{"@type":"EntryPoint","urlTemplate":"https:\/\/www.campingkings.com\/es\/?s={search_term_string}"},"query-input":{"@type":"PropertyValueSpecification","valueRequired":true,"valueName":"search_term_string"}}],"inLanguage":"es"},{"@type":"Organization","@id":"https:\/\/www.campingkings.com\/es\/#organization","name":"Camping King's","url":"https:\/\/www.campingkings.com\/es\/","logo":{"@type":"ImageObject","inLanguage":"es","@id":"https:\/\/www.campingkings.com\/es\/#\/schema\/logo\/image\/","url":"https:\/\/www.campingkings.com\/wp-content\/uploads\/logo-kings.svg","contentUrl":"https:\/\/www.campingkings.com\/wp-content\/uploads\/logo-kings.svg","width":57,"height":28,"caption":"Camping King's"},"image":{"@id":"https:\/\/www.campingkings.com\/es\/#\/schema\/logo\/image\/"},"sameAs":["https:\/\/www.facebook.com\/kingslafosca\/"]}]}},"_links":{"self":[{"href":"https:\/\/www.campingkings.com\/es\/wp-json\/wp\/v2\/pages\/26802","targetHints":{"allow":["GET"]}}],"collection":[{"href":"https:\/\/www.campingkings.com\/es\/wp-json\/wp\/v2\/pages"}],"about":[{"href":"https:\/\/www.campingkings.com\/es\/wp-json\/wp\/v2\/types\/page"}],"author":[{"embeddable":true,"href":"https:\/\/www.campingkings.com\/es\/wp-json\/wp\/v2\/users\/1"}],"replies":[{"embeddable":true,"href":"https:\/\/www.campingkings.com\/es\/wp-json\/wp\/v2\/comments?post=26802"}],"version-history":[{"count":4,"href":"https:\/\/www.campingkings.com\/es\/wp-json\/wp\/v2\/pages\/26802\/revisions"}],"predecessor-version":[{"id":36623,"href":"https:\/\/www.campingkings.com\/es\/wp-json\/wp\/v2\/pages\/26802\/revisions\/36623"}],"wp:attachment":[{"href":"https:\/\/www.campingkings.com\/es\/wp-json\/wp\/v2\/media?parent=26802"}],"curies":[{"name":"wp","href":"https:\/\/api.w.org\/{rel}","templated":true}]}}