{"id":26416,"date":"2019-02-13T11:53:11","date_gmt":"2019-02-13T10:53:11","guid":{"rendered":"https:\/\/www.campingkings.com\/contacte\/"},"modified":"2023-10-26T10:55:30","modified_gmt":"2023-10-26T08:55:30","slug":"contacto","status":"publish","type":"page","link":"https:\/\/www.campingkings.com\/es\/contacto\/","title":{"rendered":"Contacto"},"content":{"rendered":"\n<div class=\"wp-block-cover alignfull is-light\"><span aria-hidden=\"true\" class=\"wp-block-cover__background has-blank-3-white-background-color has-background-dim\"><\/span><img loading=\"lazy\" decoding=\"async\" width=\"2048\" height=\"986\" class=\"wp-block-cover__image-background wp-image-20204\" alt=\"\" src=\"https:\/\/www.campingkings.com\/wp-content\/uploads\/platja-de-castell2.jpg\" data-object-fit=\"cover\" srcset=\"https:\/\/www.campingkings.com\/wp-content\/uploads\/platja-de-castell2.jpg 2048w, https:\/\/www.campingkings.com\/wp-content\/uploads\/platja-de-castell2-512x247.jpg 512w, https:\/\/www.campingkings.com\/wp-content\/uploads\/platja-de-castell2-1200x578.jpg 1200w, https:\/\/www.campingkings.com\/wp-content\/uploads\/platja-de-castell2-1536x740.jpg 1536w, https:\/\/www.campingkings.com\/wp-content\/uploads\/platja-de-castell2-1920x924.jpg 1920w, https:\/\/www.campingkings.com\/wp-content\/uploads\/platja-de-castell2-900x433.jpg 900w, https:\/\/www.campingkings.com\/wp-content\/uploads\/platja-de-castell2-250x120.jpg 250w, https:\/\/www.campingkings.com\/wp-content\/uploads\/platja-de-castell2-2000x963.jpg 2000w\" sizes=\"auto, (max-width: 2048px) 100vw, 2048px\" \/><div class=\"wp-block-cover__inner-container is-layout-flow wp-block-cover-is-layout-flow\">\n<div class=\"wp-block-columns is-layout-flex wp-container-core-columns-is-layout-9d6595d7 wp-block-columns-is-layout-flex\">\n<div class=\"wp-block-column is-layout-flow wp-block-column-is-layout-flow\" style=\"flex-basis:50%\">\n<h1 class=\"wp-block-heading\">\u00bfTienes alguna duda?<\/h1>\n\n\n\n<p>Te podemos atender al (+34) 972 31 75 11<\/p>\n\n\n\n<p class=\"is-style-default\">o por e-mail: <strong>info@campingkings.com<\/strong><\/p>\n\n\n\n<h4 class=\"wp-block-heading\">Si lo prefieres puedes enviarnos tus dudas o comentarios con el siguiente formulario<\/h4>\n<\/div>\n\n\n\n<div class=\"wp-block-column is-layout-flow wp-block-column-is-layout-flow\" style=\"flex-basis:50%\">\n<div class=\"wpcf7 no-js\" id=\"wpcf7-f18878-o1\" lang=\"es-ES\" dir=\"ltr\" data-wpcf7-id=\"18878\">\n<div class=\"screen-reader-response\"><p role=\"status\" aria-live=\"polite\" aria-atomic=\"true\"><\/p> <ul><\/ul><\/div>\n<form action=\"\/es\/wp-json\/wp\/v2\/pages\/26416#wpcf7-f18878-o1\" method=\"post\" class=\"wpcf7-form init\" aria-label=\"Formulario de contacto\" novalidate=\"novalidate\" data-status=\"init\">\n<fieldset class=\"hidden-fields-container\"><input type=\"hidden\" name=\"_wpcf7\" value=\"18878\" \/><input type=\"hidden\" name=\"_wpcf7_version\" value=\"6.1.4\" \/><input type=\"hidden\" name=\"_wpcf7_locale\" value=\"es_ES\" \/><input type=\"hidden\" name=\"_wpcf7_unit_tag\" value=\"wpcf7-f18878-o1\" \/><input type=\"hidden\" name=\"_wpcf7_container_post\" value=\"0\" \/><input type=\"hidden\" name=\"_wpcf7_posted_data_hash\" value=\"\" \/><input type=\"hidden\" name=\"_wpcf7_recaptcha_response\" value=\"\" \/>\n<\/fieldset>\n<p><label for=\"cont-nombre\">Nombre<\/label><span class=\"wpcf7-form-control-wrap\" data-name=\"cont-nombre\"><input size=\"40\" maxlength=\"400\" class=\"wpcf7-form-control wpcf7-text wpcf7-validates-as-required\" aria-required=\"true\" aria-invalid=\"false\" value=\"\" type=\"text\" name=\"cont-nombre\" \/><\/span>\n<\/p>\n<p><label for=\"cont-email\">Email<\/label><span class=\"wpcf7-form-control-wrap\" data-name=\"cont-email\"><input size=\"40\" maxlength=\"400\" class=\"wpcf7-form-control wpcf7-email wpcf7-validates-as-required wpcf7-text wpcf7-validates-as-email\" aria-required=\"true\" aria-invalid=\"false\" value=\"\" type=\"email\" name=\"cont-email\" \/><\/span>\n<\/p>\n<p><label for=\"cont-telefono\">Tel\u00e9fono<\/label><span class=\"wpcf7-form-control-wrap\" data-name=\"cont-telefono\"><input size=\"40\" maxlength=\"400\" class=\"wpcf7-form-control wpcf7-text\" aria-invalid=\"false\" value=\"\" type=\"text\" name=\"cont-telefono\" \/><\/span>\n<\/p>\n<p><label for=\"cont-consulta\">Comentarios<\/label><span class=\"wpcf7-form-control-wrap\" data-name=\"cont-consulta\"><textarea cols=\"40\" rows=\"10\" maxlength=\"2000\" class=\"wpcf7-form-control wpcf7-textarea\" aria-invalid=\"false\" name=\"cont-consulta\"><\/textarea><\/span>\n<\/p>\n<div class=\"info-box\">\n\t<p>\n<p>Con la finalidad de dar cumplimiento al Reglamento (UE) 2016\/679 General de Protecci\u00f3n de Datos, ponemos a su disposici\u00f3n la siguiente informaci\u00f3n:<\/p>\n\n\n\n<p>El Responsable del tratamiento de sus datos es International King&#8217;s Camping, S.A, con CIF: A17064726 y domicilio en Palam\u00f3s (Girona), Mas Agust\u00ed, s\/n &#8211; CP 17230. Le informamos que trataremos sus datos con la finalidad de poder prestarle los servicios de hosteler\u00eda contratados y de remitirle informaci\u00f3n sobre promociones y ofertas de nuestros servicios que le puedan interesar. Conservaremos sus datos mientras usted no nos solicite su supresi\u00f3n.<\/p>\n\n\n\n<p>No comunicaremos sus datos. Le informamos que usted tiene derecho a acceder a sus datos personales, as\u00ed como a solicitar la rectificaci\u00f3n de los datos inexactos o, en su caso, solicitar su supresi\u00f3n cuando, entre otros motivos, los datos ya no sean necesarios para los fines que fueron recogidos. En determinadas circunstancias, usted podr\u00e1 oponerse o solicitar la limitaci\u00f3n del tratamiento de sus datos, en cuyo caso \u00fanicamente los conservaremos por motivos leg\u00edtimos imperiosos, o el ejercicio o la defensa de posibles reclamaciones.<\/p>\n\n\n\n<p>La base legal para el tratamiento de sus datos es el consentimiento otorgado al clicar la casilla de aceptaci\u00f3n al final de este formulario.<\/p>\n\n\t<\/p>\n<\/div>\n<p><span class=\"wpcf7-form-control-wrap\" data-name=\"privacy\"><span class=\"wpcf7-form-control wpcf7-acceptance\"><span class=\"wpcf7-list-item\"><label><input type=\"checkbox\" name=\"privacy\" value=\"1\" aria-invalid=\"false\" \/><span class=\"wpcf7-list-item-label\">He le\u00eddo y acepto la <a href=\"https:\/\/www.campingkings.com\/es\/politica-de-privacidad\/\">pol\u00edtica de privacidad<\/a>.<\/span><\/label><\/span><\/span><\/span><br \/>\n<span class=\"wpcf7-form-control-wrap\" data-name=\"newsletter\"><span class=\"wpcf7-form-control wpcf7-acceptance optional\"><span class=\"wpcf7-list-item\"><label><input type=\"checkbox\" name=\"newsletter\" value=\"1\" aria-invalid=\"false\" \/><span class=\"wpcf7-list-item-label\">No deseo recibir promociones y ofertas de International King's Camping, S.A.<\/span><\/label><\/span><\/span><\/span>\n<\/p>\n<p><button id='submit' class='wpcf7-form-control wpcf7-submit'>Enviar<\/button>\n<\/p><input type='hidden' class='wpcf7-pum' value='{\"closepopup\":false,\"closedelay\":0,\"openpopup\":false,\"openpopup_id\":0}' \/><div class=\"wpcf7-response-output\" aria-hidden=\"true\"><\/div>\n<\/form>\n<\/div>\n\n<\/div>\n<\/div>\n\n\n\n<p class=\"has-text-align-center has-large-font-size\"><\/p>\n<\/div><\/div>\n","protected":false},"excerpt":{"rendered":"","protected":false},"author":1,"featured_media":0,"parent":0,"menu_order":9,"comment_status":"closed","ping_status":"closed","template":"","meta":{"_acf_changed":false,"_monsterinsights_skip_tracking":false,"_monsterinsights_sitenote_active":false,"_monsterinsights_sitenote_note":"","_monsterinsights_sitenote_category":0,"footnotes":""},"class_list":["post-26416","page","type-page","status-publish","hentry"],"acf":[],"yoast_head":"<!-- This site is optimized with the Yoast SEO plugin v26.6 - https:\/\/yoast.com\/wordpress\/plugins\/seo\/ -->\n<title>Contacto - Camping King&#039;s<\/title>\n<meta name=\"description\" content=\"\u00bfTienes alguna duda? Te podemos atender al (+34) 972 31 75 11 o por e-mail: info@campingkings.com Si lo prefieres puedes enviarnos tus dudas o comentarios\" \/>\n<meta name=\"robots\" content=\"index, follow, max-snippet:-1, max-image-preview:large, max-video-preview:-1\" \/>\n<link rel=\"canonical\" href=\"https:\/\/www.campingkings.com\/es\/contacto\/\" \/>\n<meta property=\"og:locale\" content=\"es_ES\" \/>\n<meta property=\"og:type\" content=\"article\" \/>\n<meta property=\"og:title\" content=\"Contacto - Camping King&#039;s\" \/>\n<meta property=\"og:description\" content=\"\u00bfTienes alguna duda? Te podemos atender al (+34) 972 31 75 11 o por e-mail: info@campingkings.com Si lo prefieres puedes enviarnos tus dudas o comentarios\" \/>\n<meta property=\"og:url\" content=\"https:\/\/www.campingkings.com\/es\/contacto\/\" \/>\n<meta property=\"og:site_name\" content=\"Camping King&#039;s\" \/>\n<meta property=\"article:publisher\" content=\"https:\/\/www.facebook.com\/kingslafosca\/\" \/>\n<meta property=\"article:modified_time\" content=\"2023-10-26T08:55:30+00:00\" \/>\n<meta property=\"og:image\" content=\"https:\/\/www.campingkings.com\/wp-content\/uploads\/platja-de-castell2.jpg\" \/>\n<meta name=\"twitter:card\" content=\"summary_large_image\" \/>\n<meta name=\"twitter:label1\" content=\"Tiempo de lectura\" \/>\n\t<meta name=\"twitter:data1\" content=\"1 minuto\" \/>\n<script type=\"application\/ld+json\" class=\"yoast-schema-graph\">{\"@context\":\"https:\/\/schema.org\",\"@graph\":[{\"@type\":\"WebPage\",\"@id\":\"https:\/\/www.campingkings.com\/es\/contacto\/\",\"url\":\"https:\/\/www.campingkings.com\/es\/contacto\/\",\"name\":\"Contacto - Camping King's\",\"isPartOf\":{\"@id\":\"https:\/\/www.campingkings.com\/es\/#website\"},\"primaryImageOfPage\":{\"@id\":\"https:\/\/www.campingkings.com\/es\/contacto\/#primaryimage\"},\"image\":{\"@id\":\"https:\/\/www.campingkings.com\/es\/contacto\/#primaryimage\"},\"thumbnailUrl\":\"https:\/\/www.campingkings.com\/wp-content\/uploads\/platja-de-castell2.jpg\",\"datePublished\":\"2019-02-13T10:53:11+00:00\",\"dateModified\":\"2023-10-26T08:55:30+00:00\",\"description\":\"\u00bfTienes alguna duda? Te podemos atender al (+34) 972 31 75 11 o por e-mail: info@campingkings.com Si lo prefieres puedes enviarnos tus dudas o comentarios\",\"breadcrumb\":{\"@id\":\"https:\/\/www.campingkings.com\/es\/contacto\/#breadcrumb\"},\"inLanguage\":\"es\",\"potentialAction\":[{\"@type\":\"ReadAction\",\"target\":[\"https:\/\/www.campingkings.com\/es\/contacto\/\"]}]},{\"@type\":\"ImageObject\",\"inLanguage\":\"es\",\"@id\":\"https:\/\/www.campingkings.com\/es\/contacto\/#primaryimage\",\"url\":\"https:\/\/www.campingkings.com\/wp-content\/uploads\/platja-de-castell2.jpg\",\"contentUrl\":\"https:\/\/www.campingkings.com\/wp-content\/uploads\/platja-de-castell2.jpg\"},{\"@type\":\"BreadcrumbList\",\"@id\":\"https:\/\/www.campingkings.com\/es\/contacto\/#breadcrumb\",\"itemListElement\":[{\"@type\":\"ListItem\",\"position\":1,\"name\":\"Camping King's\",\"item\":\"https:\/\/www.campingkings.com\/es\/\"},{\"@type\":\"ListItem\",\"position\":2,\"name\":\"Contacto\"}]},{\"@type\":\"WebSite\",\"@id\":\"https:\/\/www.campingkings.com\/es\/#website\",\"url\":\"https:\/\/www.campingkings.com\/es\/\",\"name\":\"Camping King&#039;s\",\"description\":\"Al cor de la Costa Brava, a Palam\u00f3s, a 200m. de la platja de La Fosca.\",\"publisher\":{\"@id\":\"https:\/\/www.campingkings.com\/es\/#organization\"},\"potentialAction\":[{\"@type\":\"SearchAction\",\"target\":{\"@type\":\"EntryPoint\",\"urlTemplate\":\"https:\/\/www.campingkings.com\/es\/?s={search_term_string}\"},\"query-input\":{\"@type\":\"PropertyValueSpecification\",\"valueRequired\":true,\"valueName\":\"search_term_string\"}}],\"inLanguage\":\"es\"},{\"@type\":\"Organization\",\"@id\":\"https:\/\/www.campingkings.com\/es\/#organization\",\"name\":\"Camping King's\",\"url\":\"https:\/\/www.campingkings.com\/es\/\",\"logo\":{\"@type\":\"ImageObject\",\"inLanguage\":\"es\",\"@id\":\"https:\/\/www.campingkings.com\/es\/#\/schema\/logo\/image\/\",\"url\":\"https:\/\/www.campingkings.com\/wp-content\/uploads\/logo-kings.svg\",\"contentUrl\":\"https:\/\/www.campingkings.com\/wp-content\/uploads\/logo-kings.svg\",\"width\":57,\"height\":28,\"caption\":\"Camping King's\"},\"image\":{\"@id\":\"https:\/\/www.campingkings.com\/es\/#\/schema\/logo\/image\/\"},\"sameAs\":[\"https:\/\/www.facebook.com\/kingslafosca\/\"]}]}<\/script>\n<!-- \/ Yoast SEO plugin. -->","yoast_head_json":{"title":"Contacto - Camping King's","description":"\u00bfTienes alguna duda? Te podemos atender al (+34) 972 31 75 11 o por e-mail: info@campingkings.com Si lo prefieres puedes enviarnos tus dudas o comentarios","robots":{"index":"index","follow":"follow","max-snippet":"max-snippet:-1","max-image-preview":"max-image-preview:large","max-video-preview":"max-video-preview:-1"},"canonical":"https:\/\/www.campingkings.com\/es\/contacto\/","og_locale":"es_ES","og_type":"article","og_title":"Contacto - Camping King's","og_description":"\u00bfTienes alguna duda? Te podemos atender al (+34) 972 31 75 11 o por e-mail: info@campingkings.com Si lo prefieres puedes enviarnos tus dudas o comentarios","og_url":"https:\/\/www.campingkings.com\/es\/contacto\/","og_site_name":"Camping King&#039;s","article_publisher":"https:\/\/www.facebook.com\/kingslafosca\/","article_modified_time":"2023-10-26T08:55:30+00:00","og_image":[{"url":"https:\/\/www.campingkings.com\/wp-content\/uploads\/platja-de-castell2.jpg","type":"","width":"","height":""}],"twitter_card":"summary_large_image","twitter_misc":{"Tiempo de lectura":"1 minuto"},"schema":{"@context":"https:\/\/schema.org","@graph":[{"@type":"WebPage","@id":"https:\/\/www.campingkings.com\/es\/contacto\/","url":"https:\/\/www.campingkings.com\/es\/contacto\/","name":"Contacto - Camping King's","isPartOf":{"@id":"https:\/\/www.campingkings.com\/es\/#website"},"primaryImageOfPage":{"@id":"https:\/\/www.campingkings.com\/es\/contacto\/#primaryimage"},"image":{"@id":"https:\/\/www.campingkings.com\/es\/contacto\/#primaryimage"},"thumbnailUrl":"https:\/\/www.campingkings.com\/wp-content\/uploads\/platja-de-castell2.jpg","datePublished":"2019-02-13T10:53:11+00:00","dateModified":"2023-10-26T08:55:30+00:00","description":"\u00bfTienes alguna duda? Te podemos atender al (+34) 972 31 75 11 o por e-mail: info@campingkings.com Si lo prefieres puedes enviarnos tus dudas o comentarios","breadcrumb":{"@id":"https:\/\/www.campingkings.com\/es\/contacto\/#breadcrumb"},"inLanguage":"es","potentialAction":[{"@type":"ReadAction","target":["https:\/\/www.campingkings.com\/es\/contacto\/"]}]},{"@type":"ImageObject","inLanguage":"es","@id":"https:\/\/www.campingkings.com\/es\/contacto\/#primaryimage","url":"https:\/\/www.campingkings.com\/wp-content\/uploads\/platja-de-castell2.jpg","contentUrl":"https:\/\/www.campingkings.com\/wp-content\/uploads\/platja-de-castell2.jpg"},{"@type":"BreadcrumbList","@id":"https:\/\/www.campingkings.com\/es\/contacto\/#breadcrumb","itemListElement":[{"@type":"ListItem","position":1,"name":"Camping King's","item":"https:\/\/www.campingkings.com\/es\/"},{"@type":"ListItem","position":2,"name":"Contacto"}]},{"@type":"WebSite","@id":"https:\/\/www.campingkings.com\/es\/#website","url":"https:\/\/www.campingkings.com\/es\/","name":"Camping King&#039;s","description":"Al cor de la Costa Brava, a Palam\u00f3s, a 200m. de la platja de La Fosca.","publisher":{"@id":"https:\/\/www.campingkings.com\/es\/#organization"},"potentialAction":[{"@type":"SearchAction","target":{"@type":"EntryPoint","urlTemplate":"https:\/\/www.campingkings.com\/es\/?s={search_term_string}"},"query-input":{"@type":"PropertyValueSpecification","valueRequired":true,"valueName":"search_term_string"}}],"inLanguage":"es"},{"@type":"Organization","@id":"https:\/\/www.campingkings.com\/es\/#organization","name":"Camping King's","url":"https:\/\/www.campingkings.com\/es\/","logo":{"@type":"ImageObject","inLanguage":"es","@id":"https:\/\/www.campingkings.com\/es\/#\/schema\/logo\/image\/","url":"https:\/\/www.campingkings.com\/wp-content\/uploads\/logo-kings.svg","contentUrl":"https:\/\/www.campingkings.com\/wp-content\/uploads\/logo-kings.svg","width":57,"height":28,"caption":"Camping King's"},"image":{"@id":"https:\/\/www.campingkings.com\/es\/#\/schema\/logo\/image\/"},"sameAs":["https:\/\/www.facebook.com\/kingslafosca\/"]}]}},"_links":{"self":[{"href":"https:\/\/www.campingkings.com\/es\/wp-json\/wp\/v2\/pages\/26416","targetHints":{"allow":["GET"]}}],"collection":[{"href":"https:\/\/www.campingkings.com\/es\/wp-json\/wp\/v2\/pages"}],"about":[{"href":"https:\/\/www.campingkings.com\/es\/wp-json\/wp\/v2\/types\/page"}],"author":[{"embeddable":true,"href":"https:\/\/www.campingkings.com\/es\/wp-json\/wp\/v2\/users\/1"}],"replies":[{"embeddable":true,"href":"https:\/\/www.campingkings.com\/es\/wp-json\/wp\/v2\/comments?post=26416"}],"version-history":[{"count":8,"href":"https:\/\/www.campingkings.com\/es\/wp-json\/wp\/v2\/pages\/26416\/revisions"}],"predecessor-version":[{"id":39476,"href":"https:\/\/www.campingkings.com\/es\/wp-json\/wp\/v2\/pages\/26416\/revisions\/39476"}],"wp:attachment":[{"href":"https:\/\/www.campingkings.com\/es\/wp-json\/wp\/v2\/media?parent=26416"}],"curies":[{"name":"wp","href":"https:\/\/api.w.org\/{rel}","templated":true}]}}