{"id":25966,"date":"2019-12-18T10:05:42","date_gmt":"2019-12-18T09:05:42","guid":{"rendered":"https:\/\/www.campingkings.com\/actividades\/activitats-al-voltant\/"},"modified":"2021-09-16T09:26:30","modified_gmt":"2021-09-16T07:26:30","slug":"actividades-en-los-alrededores","status":"publish","type":"page","link":"https:\/\/www.campingkings.com\/es\/actividades\/actividades-en-los-alrededores\/","title":{"rendered":"Actividades en los alrededores"},"content":{"rendered":"\n<h1 class=\"has-text-align-center has-blank-3-green-color has-text-color wp-block-heading\"><strong>Actividades en los alrededores<\/strong><\/h1>\n\n\n\n<div class=\"wp-block-columns is-layout-flex wp-container-core-columns-is-layout-9d6595d7 wp-block-columns-is-layout-flex\">\n<div class=\"wp-block-column is-layout-flow wp-block-column-is-layout-flow\"><!-- fold.php -->\n\n<style>\n\n<\/style>\n<script>\n    $(document).ready(function() {\n\n\n    });\n\n<\/script>\n    \n    <div id=\"fold-list-block_5dfa03e75cbe7\" class=\"\">\n                <div class=\"fold-list-wrapper\">\n\n                                                <div class=\"fold-inner\">\n                                <input type=\"checkbox\" id=\"faq-48\" name=\"faq-group\" checked>\n                <label for=\"faq-48\">Explora Park<span class=\"icon-left-arrow-chevron\"><\/span><\/label>\n                <div class=\"content-faq\"><p>Parque de aventura situado a 5 minutos del Camping King\u2019s. Con 600 metros de tirolinas y 99 juegos para todas las edades. \u00a1Os encantar\u00e1!<\/p>\n<\/div>\n                            <\/div>\n                        <div class=\"fold-inner\">\n                                <input type=\"checkbox\" id=\"faq-49\" name=\"faq-group\" >\n                <label for=\"faq-49\">Snorkeling<span class=\"icon-left-arrow-chevron\"><\/span><\/label>\n                <div class=\"content-faq\"><p>Si os gusta el mar no os perd\u00e1is la oportunidad de observar la vida acu\u00e1tica de la Costa Brava. \u00a1Con una m\u00e1scara, un tubo y unas aletas pasar\u00e9is un buen rato en el agua!<\/p>\n<\/div>\n                            <\/div>\n                        <div class=\"fold-inner\">\n                                <input type=\"checkbox\" id=\"faq-50\" name=\"faq-group\" >\n                <label for=\"faq-50\">Buceo y submarinismo<span class=\"icon-left-arrow-chevron\"><\/span><\/label>\n                <div class=\"content-faq\"><p>Disfrutad de la gran diversidad de flora y fauna de nuestro fondo marino. \u00a1Una experiencia que querr\u00e9is repetir!<\/p>\n<\/div>\n                            <\/div>\n                        <div class=\"fold-inner\">\n                                <input type=\"checkbox\" id=\"faq-51\" name=\"faq-group\" >\n                <label for=\"faq-51\">Senderismo<span class=\"icon-left-arrow-chevron\"><\/span><\/label>\n                <div class=\"content-faq\"><p>Si os gusta andar, alrededor del Camping King\u2019s hay varias rutas y caminos para disfrutar de la naturaleza. Os recomendamos especialmente el camino de ronda GR92. \u00a1El recorrido y las vistas son irrepetibles!<\/p>\n<\/div>\n                            <\/div>\n                        <div class=\"fold-inner\">\n                                <input type=\"checkbox\" id=\"faq-52\" name=\"faq-group\" >\n                <label for=\"faq-52\">Nordic Walking<span class=\"icon-left-arrow-chevron\"><\/span><\/label>\n                <div class=\"content-faq\"><p>\u00bfPrefer\u00eds los deportes de resistencia? \u00a1Aprovechad nuestras rutas para practicar la marcha n\u00f3rdica!<\/p>\n<\/div>\n                            <\/div>\n                        <div class=\"fold-inner\">\n                                <input type=\"checkbox\" id=\"faq-53\" name=\"faq-group\" >\n                <label for=\"faq-53\">Kayaking<span class=\"icon-left-arrow-chevron\"><\/span><\/label>\n                <div class=\"content-faq\"><p>En Kayak podr\u00e9is descubrir los rincones m\u00e1s bonitos de la Costa Brava. \u00bfOs anim\u00e1is?<\/p>\n<\/div>\n                            <\/div>\n                        <div class=\"fold-inner\">\n                                <input type=\"checkbox\" id=\"faq-54\" name=\"faq-group\" >\n                <label for=\"faq-54\">H\u00edpicas<span class=\"icon-left-arrow-chevron\"><\/span><\/label>\n                <div class=\"content-faq\"><p>Para los amantes de los caballos en recepci\u00f3n disponemos de informaci\u00f3n de varias h\u00edpicas de la zona.<\/p>\n<\/div>\n                            <\/div>\n                        <div class=\"fold-inner\">\n                                <input type=\"checkbox\" id=\"faq-55\" name=\"faq-group\" >\n                <label for=\"faq-55\">Vela<span class=\"icon-left-arrow-chevron\"><\/span><\/label>\n                <div class=\"content-faq\"><p>En Palam\u00f3s hay una gran tradici\u00f3n velera. \u00a1Podr\u00e9is aprovechar la estancia para disfrutar del viento y el mar practicando este deporte n\u00e1utico!<\/p>\n<\/div>\n                            <\/div>\n                    <\/div>\n        \n    <\/div>\n\n\n<\/div>\n\n\n\n<div class=\"wp-block-column is-layout-flow wp-block-column-is-layout-flow\">\n\n\n                    <style>\n\n\n        <\/style>\n        <article id=\"custom-gallery-block_5dfa04a05cbf0\" class=\"custom-gallery  \" >\n                        \n            <script>\n            $(window).load(function() {\n\n\n                var slider = tns({\n                    nav: false,\n                    controls: true,\n                    container: '.id-gal176',\n                    items: 1,\n                    autoWidth: false,\n                    autoplay: false,\n                    mouseDrag: true,\n                    responsive: {\n                      0: {\n                        edgePadding: 0,\n                        items: 1\n                      },\n                      400: {\n                        edgePadding: 0,\n                        items: 1\n                      },\n\n                      600: {\n                        edgePadding: 0,\n                        items: 1\n                      },\n                      900: {\n                        edgePadding: 0,\n                        items: 1,\n                        gutter: 0,\n                      }\n                    }\n                  });\n                });\n\n            <\/script><div class=\"galeria clearfix galeria-carousel id-gal176\"><div class=\"item-slider cover\"><div class=\"inner-image cover\" style=\"background-image:url(https:\/\/www.campingkings.com\/wp-content\/uploads\/snorkeling-900x644.jpg)\"><\/div><\/div><div class=\"item-slider cover\"><div class=\"inner-image cover\" style=\"background-image:url(https:\/\/www.campingkings.com\/wp-content\/uploads\/rutes-540x720.jpg)\"><\/div><\/div><div class=\"item-slider cover\"><div class=\"inner-image cover\" style=\"background-image:url(https:\/\/www.campingkings.com\/wp-content\/uploads\/senderisme-custom-900x603.jpg)\"><\/div><\/div><div class=\"item-slider cover\"><div class=\"inner-image cover\" style=\"background-image:url(https:\/\/www.campingkings.com\/wp-content\/uploads\/buseig.jpg)\"><\/div><\/div><div class=\"item-slider cover\"><div class=\"inner-image cover\" style=\"background-image:url(https:\/\/www.campingkings.com\/wp-content\/uploads\/imagen-098-900x675.jpg)\"><\/div><\/div><div class=\"item-slider cover\"><div class=\"inner-image cover\" style=\"background-image:url(https:\/\/www.campingkings.com\/wp-content\/uploads\/imagen-071-900x675.jpg)\"><\/div><\/div><div class=\"item-slider cover\"><div class=\"inner-image cover\" style=\"background-image:url(https:\/\/www.campingkings.com\/wp-content\/uploads\/imagen-063-900x675.jpg)\"><\/div><\/div><div class=\"item-slider cover\"><div class=\"inner-image cover\" style=\"background-image:url(https:\/\/www.campingkings.com\/wp-content\/uploads\/explora-park-900x600.jpg)\"><\/div><\/div><div class=\"item-slider cover\"><div class=\"inner-image cover\" style=\"background-image:url(https:\/\/www.campingkings.com\/wp-content\/uploads\/explora-park-daventures-900x600.jpg)\"><\/div><\/div><\/div>        <\/article>\n\n\n\n    \n\n\n<\/div>\n<\/div>\n\n\n\n<p class=\"has-text-align-center\">Adem\u00e1s hay un sinf\u00edn de actividades de deporte y ocio para hacer en la Costa Brava y en los alrededores del Camping King&#8217;s. \u00a1Seguro que lo pasar\u00e9is genial!<\/p>\n","protected":false},"excerpt":{"rendered":"<p>Actividades en los alrededores Adem\u00e1s hay un sinf\u00edn de actividades [&hellip;]<\/p>\n","protected":false},"author":1,"featured_media":0,"parent":24555,"menu_order":1,"comment_status":"closed","ping_status":"closed","template":"","meta":{"_acf_changed":false,"_monsterinsights_skip_tracking":false,"_monsterinsights_sitenote_active":false,"_monsterinsights_sitenote_note":"","_monsterinsights_sitenote_category":0,"footnotes":""},"class_list":["post-25966","page","type-page","status-publish","hentry"],"acf":[],"yoast_head":"<!-- This site is optimized with the Yoast SEO plugin v26.6 - https:\/\/yoast.com\/wordpress\/plugins\/seo\/ -->\n<title>Actividades en los alrededores - Camping King&#039;s<\/title>\n<meta name=\"description\" content=\"Actividades en los alrededores Adem\u00e1s hay un sinf\u00edn de actividades de deporte y ocio para hacer en la Costa Brava y en los alrededores del Camping King&#039;s.\" \/>\n<meta name=\"robots\" content=\"index, follow, max-snippet:-1, max-image-preview:large, max-video-preview:-1\" \/>\n<link rel=\"canonical\" href=\"https:\/\/www.campingkings.com\/es\/actividades\/actividades-en-los-alrededores\/\" \/>\n<meta property=\"og:locale\" content=\"es_ES\" \/>\n<meta property=\"og:type\" content=\"article\" \/>\n<meta property=\"og:title\" content=\"Actividades en los alrededores - Camping King&#039;s\" \/>\n<meta property=\"og:description\" content=\"Actividades en los alrededores Adem\u00e1s hay un sinf\u00edn de actividades de deporte y ocio para hacer en la Costa Brava y en los alrededores del Camping King&#039;s.\" \/>\n<meta property=\"og:url\" content=\"https:\/\/www.campingkings.com\/es\/actividades\/actividades-en-los-alrededores\/\" \/>\n<meta property=\"og:site_name\" content=\"Camping King&#039;s\" \/>\n<meta property=\"article:publisher\" content=\"https:\/\/www.facebook.com\/kingslafosca\/\" \/>\n<meta property=\"article:modified_time\" content=\"2021-09-16T07:26:30+00:00\" \/>\n<meta name=\"twitter:card\" content=\"summary_large_image\" \/>\n<meta name=\"twitter:label1\" content=\"Tiempo de lectura\" \/>\n\t<meta name=\"twitter:data1\" content=\"1 minuto\" \/>\n<script type=\"application\/ld+json\" class=\"yoast-schema-graph\">{\"@context\":\"https:\/\/schema.org\",\"@graph\":[{\"@type\":\"WebPage\",\"@id\":\"https:\/\/www.campingkings.com\/es\/actividades\/actividades-en-los-alrededores\/\",\"url\":\"https:\/\/www.campingkings.com\/es\/actividades\/actividades-en-los-alrededores\/\",\"name\":\"Actividades en los alrededores - Camping King's\",\"isPartOf\":{\"@id\":\"https:\/\/www.campingkings.com\/es\/#website\"},\"datePublished\":\"2019-12-18T09:05:42+00:00\",\"dateModified\":\"2021-09-16T07:26:30+00:00\",\"description\":\"Actividades en los alrededores Adem\u00e1s hay un sinf\u00edn de actividades de deporte y ocio para hacer en la Costa Brava y en los alrededores del Camping King's.\",\"breadcrumb\":{\"@id\":\"https:\/\/www.campingkings.com\/es\/actividades\/actividades-en-los-alrededores\/#breadcrumb\"},\"inLanguage\":\"es\",\"potentialAction\":[{\"@type\":\"ReadAction\",\"target\":[\"https:\/\/www.campingkings.com\/es\/actividades\/actividades-en-los-alrededores\/\"]}]},{\"@type\":\"BreadcrumbList\",\"@id\":\"https:\/\/www.campingkings.com\/es\/actividades\/actividades-en-los-alrededores\/#breadcrumb\",\"itemListElement\":[{\"@type\":\"ListItem\",\"position\":1,\"name\":\"Camping King's\",\"item\":\"https:\/\/www.campingkings.com\/es\/\"},{\"@type\":\"ListItem\",\"position\":2,\"name\":\"Actividades\",\"item\":\"https:\/\/www.campingkings.com\/es\/actividades\/\"},{\"@type\":\"ListItem\",\"position\":3,\"name\":\"Actividades en los alrededores\"}]},{\"@type\":\"WebSite\",\"@id\":\"https:\/\/www.campingkings.com\/es\/#website\",\"url\":\"https:\/\/www.campingkings.com\/es\/\",\"name\":\"Camping King&#039;s\",\"description\":\"Al cor de la Costa Brava, a Palam\u00f3s, a 200m. de la platja de La Fosca.\",\"publisher\":{\"@id\":\"https:\/\/www.campingkings.com\/es\/#organization\"},\"potentialAction\":[{\"@type\":\"SearchAction\",\"target\":{\"@type\":\"EntryPoint\",\"urlTemplate\":\"https:\/\/www.campingkings.com\/es\/?s={search_term_string}\"},\"query-input\":{\"@type\":\"PropertyValueSpecification\",\"valueRequired\":true,\"valueName\":\"search_term_string\"}}],\"inLanguage\":\"es\"},{\"@type\":\"Organization\",\"@id\":\"https:\/\/www.campingkings.com\/es\/#organization\",\"name\":\"Camping King's\",\"url\":\"https:\/\/www.campingkings.com\/es\/\",\"logo\":{\"@type\":\"ImageObject\",\"inLanguage\":\"es\",\"@id\":\"https:\/\/www.campingkings.com\/es\/#\/schema\/logo\/image\/\",\"url\":\"https:\/\/www.campingkings.com\/wp-content\/uploads\/logo-kings.svg\",\"contentUrl\":\"https:\/\/www.campingkings.com\/wp-content\/uploads\/logo-kings.svg\",\"width\":57,\"height\":28,\"caption\":\"Camping King's\"},\"image\":{\"@id\":\"https:\/\/www.campingkings.com\/es\/#\/schema\/logo\/image\/\"},\"sameAs\":[\"https:\/\/www.facebook.com\/kingslafosca\/\"]}]}<\/script>\n<!-- \/ Yoast SEO plugin. -->","yoast_head_json":{"title":"Actividades en los alrededores - Camping King's","description":"Actividades en los alrededores Adem\u00e1s hay un sinf\u00edn de actividades de deporte y ocio para hacer en la Costa Brava y en los alrededores del Camping King's.","robots":{"index":"index","follow":"follow","max-snippet":"max-snippet:-1","max-image-preview":"max-image-preview:large","max-video-preview":"max-video-preview:-1"},"canonical":"https:\/\/www.campingkings.com\/es\/actividades\/actividades-en-los-alrededores\/","og_locale":"es_ES","og_type":"article","og_title":"Actividades en los alrededores - Camping King's","og_description":"Actividades en los alrededores Adem\u00e1s hay un sinf\u00edn de actividades de deporte y ocio para hacer en la Costa Brava y en los alrededores del Camping King's.","og_url":"https:\/\/www.campingkings.com\/es\/actividades\/actividades-en-los-alrededores\/","og_site_name":"Camping King&#039;s","article_publisher":"https:\/\/www.facebook.com\/kingslafosca\/","article_modified_time":"2021-09-16T07:26:30+00:00","twitter_card":"summary_large_image","twitter_misc":{"Tiempo de lectura":"1 minuto"},"schema":{"@context":"https:\/\/schema.org","@graph":[{"@type":"WebPage","@id":"https:\/\/www.campingkings.com\/es\/actividades\/actividades-en-los-alrededores\/","url":"https:\/\/www.campingkings.com\/es\/actividades\/actividades-en-los-alrededores\/","name":"Actividades en los alrededores - Camping King's","isPartOf":{"@id":"https:\/\/www.campingkings.com\/es\/#website"},"datePublished":"2019-12-18T09:05:42+00:00","dateModified":"2021-09-16T07:26:30+00:00","description":"Actividades en los alrededores Adem\u00e1s hay un sinf\u00edn de actividades de deporte y ocio para hacer en la Costa Brava y en los alrededores del Camping King's.","breadcrumb":{"@id":"https:\/\/www.campingkings.com\/es\/actividades\/actividades-en-los-alrededores\/#breadcrumb"},"inLanguage":"es","potentialAction":[{"@type":"ReadAction","target":["https:\/\/www.campingkings.com\/es\/actividades\/actividades-en-los-alrededores\/"]}]},{"@type":"BreadcrumbList","@id":"https:\/\/www.campingkings.com\/es\/actividades\/actividades-en-los-alrededores\/#breadcrumb","itemListElement":[{"@type":"ListItem","position":1,"name":"Camping King's","item":"https:\/\/www.campingkings.com\/es\/"},{"@type":"ListItem","position":2,"name":"Actividades","item":"https:\/\/www.campingkings.com\/es\/actividades\/"},{"@type":"ListItem","position":3,"name":"Actividades en los alrededores"}]},{"@type":"WebSite","@id":"https:\/\/www.campingkings.com\/es\/#website","url":"https:\/\/www.campingkings.com\/es\/","name":"Camping King&#039;s","description":"Al cor de la Costa Brava, a Palam\u00f3s, a 200m. de la platja de La Fosca.","publisher":{"@id":"https:\/\/www.campingkings.com\/es\/#organization"},"potentialAction":[{"@type":"SearchAction","target":{"@type":"EntryPoint","urlTemplate":"https:\/\/www.campingkings.com\/es\/?s={search_term_string}"},"query-input":{"@type":"PropertyValueSpecification","valueRequired":true,"valueName":"search_term_string"}}],"inLanguage":"es"},{"@type":"Organization","@id":"https:\/\/www.campingkings.com\/es\/#organization","name":"Camping King's","url":"https:\/\/www.campingkings.com\/es\/","logo":{"@type":"ImageObject","inLanguage":"es","@id":"https:\/\/www.campingkings.com\/es\/#\/schema\/logo\/image\/","url":"https:\/\/www.campingkings.com\/wp-content\/uploads\/logo-kings.svg","contentUrl":"https:\/\/www.campingkings.com\/wp-content\/uploads\/logo-kings.svg","width":57,"height":28,"caption":"Camping King's"},"image":{"@id":"https:\/\/www.campingkings.com\/es\/#\/schema\/logo\/image\/"},"sameAs":["https:\/\/www.facebook.com\/kingslafosca\/"]}]}},"_links":{"self":[{"href":"https:\/\/www.campingkings.com\/es\/wp-json\/wp\/v2\/pages\/25966","targetHints":{"allow":["GET"]}}],"collection":[{"href":"https:\/\/www.campingkings.com\/es\/wp-json\/wp\/v2\/pages"}],"about":[{"href":"https:\/\/www.campingkings.com\/es\/wp-json\/wp\/v2\/types\/page"}],"author":[{"embeddable":true,"href":"https:\/\/www.campingkings.com\/es\/wp-json\/wp\/v2\/users\/1"}],"replies":[{"embeddable":true,"href":"https:\/\/www.campingkings.com\/es\/wp-json\/wp\/v2\/comments?post=25966"}],"version-history":[{"count":4,"href":"https:\/\/www.campingkings.com\/es\/wp-json\/wp\/v2\/pages\/25966\/revisions"}],"predecessor-version":[{"id":36639,"href":"https:\/\/www.campingkings.com\/es\/wp-json\/wp\/v2\/pages\/25966\/revisions\/36639"}],"up":[{"embeddable":true,"href":"https:\/\/www.campingkings.com\/es\/wp-json\/wp\/v2\/pages\/24555"}],"wp:attachment":[{"href":"https:\/\/www.campingkings.com\/es\/wp-json\/wp\/v2\/media?parent=25966"}],"curies":[{"name":"wp","href":"https:\/\/api.w.org\/{rel}","templated":true}]}}