{"id":25982,"date":"2019-12-18T10:05:42","date_gmt":"2019-12-18T09:05:42","guid":{"rendered":"https:\/\/www.campingkings.com\/aktivitaten\/activiteiten-in-de-omgeving\/"},"modified":"2021-09-16T09:29:36","modified_gmt":"2021-09-16T07:29:36","slug":"aktivitaten-in-der-umgebung","status":"publish","type":"page","link":"https:\/\/www.campingkings.com\/de\/aktivitaten\/aktivitaten-in-der-umgebung\/","title":{"rendered":"Aktivit\u00e4ten in der Umgebung"},"content":{"rendered":"\n<h1 class=\"has-text-align-center has-blank-3-green-color has-text-color wp-block-heading\"><strong><strong><strong><strong><strong>Aktivit\u00e4ten in der Umgebung<\/strong><\/strong><\/strong><\/strong><\/strong><\/h1>\n\n\n\n<div class=\"wp-block-columns is-layout-flex wp-container-core-columns-is-layout-9d6595d7 wp-block-columns-is-layout-flex\">\n<div class=\"wp-block-column is-layout-flow wp-block-column-is-layout-flow\"><!-- fold.php -->\n\n<style>\n\n<\/style>\n<script>\n    $(document).ready(function() {\n\n\n    });\n\n<\/script>\n    \n    <div id=\"fold-list-block_5dfa03e75cbe7\" class=\"\">\n                <div class=\"fold-list-wrapper\">\n\n                                                <div class=\"fold-inner\">\n                                <input type=\"checkbox\" id=\"faq-2\" name=\"faq-group\" checked>\n                <label for=\"faq-2\">Explora Park<span class=\"icon-left-arrow-chevron\"><\/span><\/label>\n                <div class=\"content-faq\"><p>Abenteuerpark 5 Minuten vom Camping King&#8217;s entfernt. Mit 600 Metern Seilrutsche und 99 Spielen f\u00fcr Jung und Alt! Sie werden es lieben!<\/p>\n<\/div>\n                            <\/div>\n                        <div class=\"fold-inner\">\n                                <input type=\"checkbox\" id=\"faq-3\" name=\"faq-group\" >\n                <label for=\"faq-3\">Schnorcheln<span class=\"icon-left-arrow-chevron\"><\/span><\/label>\n                <div class=\"content-faq\"><p>Wenn Sie das Meer m\u00f6gen, verpassen Sie nicht die Gelegenheit, das Wasserleben der Costa Brava zu beobachten. Mit einer Maske, einem Schlauch und Flossen haben Sie eine gute Zeit im Wasser!<\/p>\n<\/div>\n                            <\/div>\n                        <div class=\"fold-inner\">\n                                <input type=\"checkbox\" id=\"faq-4\" name=\"faq-group\" >\n                <label for=\"faq-4\">Tauchen <span class=\"icon-left-arrow-chevron\"><\/span><\/label>\n                <div class=\"content-faq\"><p>Genie\u00dfen Sie die vielf\u00e4ltige Flora und Fauna unseres Meeresbodens. Eine Erfahrung, die Sie wiederholen m\u00f6chten!<\/p>\n<\/div>\n                            <\/div>\n                        <div class=\"fold-inner\">\n                                <input type=\"checkbox\" id=\"faq-5\" name=\"faq-group\" >\n                <label for=\"faq-5\">Wandern<span class=\"icon-left-arrow-chevron\"><\/span><\/label>\n                <div class=\"content-faq\"><p>Wenn Sie gerne wandern, bietet Camping King&#8217;s verschiedene Routen und Pfade, um die Natur zu genie\u00dfen. Besonders empfehlen wir die Ringstra\u00dfe GR92. Die Route und die Aussicht sind einzigartig!<\/p>\n<\/div>\n                            <\/div>\n                        <div class=\"fold-inner\">\n                                <input type=\"checkbox\" id=\"faq-6\" name=\"faq-group\" >\n                <label for=\"faq-6\">Nordic Walking<span class=\"icon-left-arrow-chevron\"><\/span><\/label>\n                <div class=\"content-faq\"><p>Bevorzugen Sie Ausdauersportarten? Nutzen Sie unsere Routen zum Nordic Walking.<\/p>\n<\/div>\n                            <\/div>\n                        <div class=\"fold-inner\">\n                                <input type=\"checkbox\" id=\"faq-7\" name=\"faq-group\" >\n                <label for=\"faq-7\">Kajak fahren  <span class=\"icon-left-arrow-chevron\"><\/span><\/label>\n                <div class=\"content-faq\"><p>Mit Kayak k\u00f6nnen Sie die sch\u00f6nsten Orte an der Costa Brava entdecken. Feuern Sie dort an?<\/p>\n<\/div>\n                            <\/div>\n                        <div class=\"fold-inner\">\n                                <input type=\"checkbox\" id=\"faq-8\" name=\"faq-group\" >\n                <label for=\"faq-8\">Reiten<span class=\"icon-left-arrow-chevron\"><\/span><\/label>\n                <div class=\"content-faq\"><p>F\u00fcr Liebhaber von Pferden an der Rezeption haben wir Informationen \u00fcber verschiedene Reitm\u00f6glichkeiten in der Umgebung.<\/p>\n<\/div>\n                            <\/div>\n                        <div class=\"fold-inner\">\n                                <input type=\"checkbox\" id=\"faq-9\" name=\"faq-group\" >\n                <label for=\"faq-9\">Segeln<span class=\"icon-left-arrow-chevron\"><\/span><\/label>\n                <div class=\"content-faq\"><p>In Palam\u00f3s hat das Segeln eine lange Tradition. Nutzen Sie Ihren Aufenthalt, um den Wind und das Meer bei diesem Wassersport zu genie\u00dfen!<\/p>\n<\/div>\n                            <\/div>\n                    <\/div>\n        \n    <\/div>\n\n\n<\/div>\n\n\n\n<div class=\"wp-block-column is-layout-flow wp-block-column-is-layout-flow\">\n\n\n                    <style>\n\n\n        <\/style>\n        <article id=\"custom-gallery-block_5dfa04a05cbf0\" class=\"custom-gallery  \" >\n                        \n            <script>\n            $(window).load(function() {\n\n\n                var slider = tns({\n                    nav: false,\n                    controls: true,\n                    container: '.id-gal913',\n                    items: 1,\n                    autoWidth: false,\n                    autoplay: false,\n                    mouseDrag: true,\n                    responsive: {\n                      0: {\n                        edgePadding: 0,\n                        items: 1\n                      },\n                      400: {\n                        edgePadding: 0,\n                        items: 1\n                      },\n\n                      600: {\n                        edgePadding: 0,\n                        items: 1\n                      },\n                      900: {\n                        edgePadding: 0,\n                        items: 1,\n                        gutter: 0,\n                      }\n                    }\n                  });\n                });\n\n            <\/script><div class=\"galeria clearfix galeria-carousel id-gal913\"><div class=\"item-slider cover\"><div class=\"inner-image cover\" style=\"background-image:url(https:\/\/www.campingkings.com\/wp-content\/uploads\/snorkeling-900x644.jpg)\"><\/div><\/div><div class=\"item-slider cover\"><div class=\"inner-image cover\" style=\"background-image:url(https:\/\/www.campingkings.com\/wp-content\/uploads\/rutes-540x720.jpg)\"><\/div><\/div><div class=\"item-slider cover\"><div class=\"inner-image cover\" style=\"background-image:url(https:\/\/www.campingkings.com\/wp-content\/uploads\/senderisme-custom-900x603.jpg)\"><\/div><\/div><div class=\"item-slider cover\"><div class=\"inner-image cover\" style=\"background-image:url(https:\/\/www.campingkings.com\/wp-content\/uploads\/buseig.jpg)\"><\/div><\/div><div class=\"item-slider cover\"><div class=\"inner-image cover\" style=\"background-image:url(https:\/\/www.campingkings.com\/wp-content\/uploads\/imagen-098-900x675.jpg)\"><\/div><\/div><div class=\"item-slider cover\"><div class=\"inner-image cover\" style=\"background-image:url(https:\/\/www.campingkings.com\/wp-content\/uploads\/imagen-071-900x675.jpg)\"><\/div><\/div><div class=\"item-slider cover\"><div class=\"inner-image cover\" style=\"background-image:url(https:\/\/www.campingkings.com\/wp-content\/uploads\/imagen-063-900x675.jpg)\"><\/div><\/div><div class=\"item-slider cover\"><div class=\"inner-image cover\" style=\"background-image:url(https:\/\/www.campingkings.com\/wp-content\/uploads\/explora-park-900x600.jpg)\"><\/div><\/div><div class=\"item-slider cover\"><div class=\"inner-image cover\" style=\"background-image:url(https:\/\/www.campingkings.com\/wp-content\/uploads\/explora-park-daventures-900x600.jpg)\"><\/div><\/div><\/div>        <\/article>\n\n\n\n    \n\n\n<\/div>\n<\/div>\n\n\n\n<p class=\"has-text-align-center\">Dar\u00fcber hinaus gibt es unz\u00e4hlige Sport- und Freizeitm\u00f6glichkeiten an der Costa Brava und in der N\u00e4he von Camping King\u00b4s. Sie werden sicherlich eine tolle Zeit haben!<\/p>\n","protected":false},"excerpt":{"rendered":"<p>Aktivit\u00e4ten in der Umgebung Dar\u00fcber hinaus gibt es unz\u00e4hlige Sport- [&hellip;]<\/p>\n","protected":false},"author":1,"featured_media":0,"parent":25925,"menu_order":1,"comment_status":"closed","ping_status":"closed","template":"","meta":{"_acf_changed":false,"_monsterinsights_skip_tracking":false,"_monsterinsights_sitenote_active":false,"_monsterinsights_sitenote_note":"","_monsterinsights_sitenote_category":0,"footnotes":""},"class_list":["post-25982","page","type-page","status-publish","hentry"],"acf":[],"yoast_head":"<!-- This site is optimized with the Yoast SEO plugin v26.6 - https:\/\/yoast.com\/wordpress\/plugins\/seo\/ -->\n<title>Aktivit\u00e4ten in der Umgebung - Camping King&#039;s<\/title>\n<meta name=\"description\" content=\"Aktivit\u00e4ten in der Umgebung Dar\u00fcber hinaus gibt es unz\u00e4hlige Sport- und Freizeitm\u00f6glichkeiten an der Costa Brava und in der N\u00e4he von Camping King\u00b4s. Sie\" \/>\n<meta name=\"robots\" content=\"index, follow, max-snippet:-1, max-image-preview:large, max-video-preview:-1\" \/>\n<link rel=\"canonical\" href=\"https:\/\/www.campingkings.com\/de\/aktivitaten\/aktivitaten-in-der-umgebung\/\" \/>\n<meta property=\"og:locale\" content=\"de_DE\" \/>\n<meta property=\"og:type\" content=\"article\" \/>\n<meta property=\"og:title\" content=\"Aktivit\u00e4ten in der Umgebung - Camping King&#039;s\" \/>\n<meta property=\"og:description\" content=\"Aktivit\u00e4ten in der Umgebung Dar\u00fcber hinaus gibt es unz\u00e4hlige Sport- und Freizeitm\u00f6glichkeiten an der Costa Brava und in der N\u00e4he von Camping King\u00b4s. Sie\" \/>\n<meta property=\"og:url\" content=\"https:\/\/www.campingkings.com\/de\/aktivitaten\/aktivitaten-in-der-umgebung\/\" \/>\n<meta property=\"og:site_name\" content=\"Camping King&#039;s\" \/>\n<meta property=\"article:publisher\" content=\"https:\/\/www.facebook.com\/kingslafosca\/\" \/>\n<meta property=\"article:modified_time\" content=\"2021-09-16T07:29:36+00:00\" \/>\n<meta name=\"twitter:card\" content=\"summary_large_image\" \/>\n<meta name=\"twitter:label1\" content=\"Gesch\u00e4tzte Lesezeit\" \/>\n\t<meta name=\"twitter:data1\" content=\"1\u00a0Minute\" \/>\n<script type=\"application\/ld+json\" class=\"yoast-schema-graph\">{\"@context\":\"https:\/\/schema.org\",\"@graph\":[{\"@type\":\"WebPage\",\"@id\":\"https:\/\/www.campingkings.com\/de\/aktivitaten\/aktivitaten-in-der-umgebung\/\",\"url\":\"https:\/\/www.campingkings.com\/de\/aktivitaten\/aktivitaten-in-der-umgebung\/\",\"name\":\"Aktivit\u00e4ten in der Umgebung - Camping King&#039;s\",\"isPartOf\":{\"@id\":\"https:\/\/www.campingkings.com\/de\/#website\"},\"datePublished\":\"2019-12-18T09:05:42+00:00\",\"dateModified\":\"2021-09-16T07:29:36+00:00\",\"description\":\"Aktivit\u00e4ten in der Umgebung Dar\u00fcber hinaus gibt es unz\u00e4hlige Sport- und Freizeitm\u00f6glichkeiten an der Costa Brava und in der N\u00e4he von Camping King\u00b4s. Sie\",\"breadcrumb\":{\"@id\":\"https:\/\/www.campingkings.com\/de\/aktivitaten\/aktivitaten-in-der-umgebung\/#breadcrumb\"},\"inLanguage\":\"de\",\"potentialAction\":[{\"@type\":\"ReadAction\",\"target\":[\"https:\/\/www.campingkings.com\/de\/aktivitaten\/aktivitaten-in-der-umgebung\/\"]}]},{\"@type\":\"BreadcrumbList\",\"@id\":\"https:\/\/www.campingkings.com\/de\/aktivitaten\/aktivitaten-in-der-umgebung\/#breadcrumb\",\"itemListElement\":[{\"@type\":\"ListItem\",\"position\":1,\"name\":\"Camping King's\",\"item\":\"https:\/\/www.campingkings.com\/de\/\"},{\"@type\":\"ListItem\",\"position\":2,\"name\":\"Aktivit\u00e4ten\",\"item\":\"https:\/\/www.campingkings.com\/de\/aktivitaten\/\"},{\"@type\":\"ListItem\",\"position\":3,\"name\":\"Aktivit\u00e4ten in der Umgebung\"}]},{\"@type\":\"WebSite\",\"@id\":\"https:\/\/www.campingkings.com\/de\/#website\",\"url\":\"https:\/\/www.campingkings.com\/de\/\",\"name\":\"Camping King&#039;s\",\"description\":\"Al cor de la Costa Brava, a Palam\u00f3s, a 200m. de la platja de La Fosca.\",\"publisher\":{\"@id\":\"https:\/\/www.campingkings.com\/de\/#organization\"},\"potentialAction\":[{\"@type\":\"SearchAction\",\"target\":{\"@type\":\"EntryPoint\",\"urlTemplate\":\"https:\/\/www.campingkings.com\/de\/?s={search_term_string}\"},\"query-input\":{\"@type\":\"PropertyValueSpecification\",\"valueRequired\":true,\"valueName\":\"search_term_string\"}}],\"inLanguage\":\"de\"},{\"@type\":\"Organization\",\"@id\":\"https:\/\/www.campingkings.com\/de\/#organization\",\"name\":\"Camping King's\",\"url\":\"https:\/\/www.campingkings.com\/de\/\",\"logo\":{\"@type\":\"ImageObject\",\"inLanguage\":\"de\",\"@id\":\"https:\/\/www.campingkings.com\/de\/#\/schema\/logo\/image\/\",\"url\":\"https:\/\/www.campingkings.com\/wp-content\/uploads\/logo-kings.svg\",\"contentUrl\":\"https:\/\/www.campingkings.com\/wp-content\/uploads\/logo-kings.svg\",\"width\":57,\"height\":28,\"caption\":\"Camping King's\"},\"image\":{\"@id\":\"https:\/\/www.campingkings.com\/de\/#\/schema\/logo\/image\/\"},\"sameAs\":[\"https:\/\/www.facebook.com\/kingslafosca\/\"]}]}<\/script>\n<!-- \/ Yoast SEO plugin. -->","yoast_head_json":{"title":"Aktivit\u00e4ten in der Umgebung - Camping King&#039;s","description":"Aktivit\u00e4ten in der Umgebung Dar\u00fcber hinaus gibt es unz\u00e4hlige Sport- und Freizeitm\u00f6glichkeiten an der Costa Brava und in der N\u00e4he von Camping King\u00b4s. Sie","robots":{"index":"index","follow":"follow","max-snippet":"max-snippet:-1","max-image-preview":"max-image-preview:large","max-video-preview":"max-video-preview:-1"},"canonical":"https:\/\/www.campingkings.com\/de\/aktivitaten\/aktivitaten-in-der-umgebung\/","og_locale":"de_DE","og_type":"article","og_title":"Aktivit\u00e4ten in der Umgebung - Camping King&#039;s","og_description":"Aktivit\u00e4ten in der Umgebung Dar\u00fcber hinaus gibt es unz\u00e4hlige Sport- und Freizeitm\u00f6glichkeiten an der Costa Brava und in der N\u00e4he von Camping King\u00b4s. Sie","og_url":"https:\/\/www.campingkings.com\/de\/aktivitaten\/aktivitaten-in-der-umgebung\/","og_site_name":"Camping King&#039;s","article_publisher":"https:\/\/www.facebook.com\/kingslafosca\/","article_modified_time":"2021-09-16T07:29:36+00:00","twitter_card":"summary_large_image","twitter_misc":{"Gesch\u00e4tzte Lesezeit":"1\u00a0Minute"},"schema":{"@context":"https:\/\/schema.org","@graph":[{"@type":"WebPage","@id":"https:\/\/www.campingkings.com\/de\/aktivitaten\/aktivitaten-in-der-umgebung\/","url":"https:\/\/www.campingkings.com\/de\/aktivitaten\/aktivitaten-in-der-umgebung\/","name":"Aktivit\u00e4ten in der Umgebung - Camping King&#039;s","isPartOf":{"@id":"https:\/\/www.campingkings.com\/de\/#website"},"datePublished":"2019-12-18T09:05:42+00:00","dateModified":"2021-09-16T07:29:36+00:00","description":"Aktivit\u00e4ten in der Umgebung Dar\u00fcber hinaus gibt es unz\u00e4hlige Sport- und Freizeitm\u00f6glichkeiten an der Costa Brava und in der N\u00e4he von Camping King\u00b4s. Sie","breadcrumb":{"@id":"https:\/\/www.campingkings.com\/de\/aktivitaten\/aktivitaten-in-der-umgebung\/#breadcrumb"},"inLanguage":"de","potentialAction":[{"@type":"ReadAction","target":["https:\/\/www.campingkings.com\/de\/aktivitaten\/aktivitaten-in-der-umgebung\/"]}]},{"@type":"BreadcrumbList","@id":"https:\/\/www.campingkings.com\/de\/aktivitaten\/aktivitaten-in-der-umgebung\/#breadcrumb","itemListElement":[{"@type":"ListItem","position":1,"name":"Camping King's","item":"https:\/\/www.campingkings.com\/de\/"},{"@type":"ListItem","position":2,"name":"Aktivit\u00e4ten","item":"https:\/\/www.campingkings.com\/de\/aktivitaten\/"},{"@type":"ListItem","position":3,"name":"Aktivit\u00e4ten in der Umgebung"}]},{"@type":"WebSite","@id":"https:\/\/www.campingkings.com\/de\/#website","url":"https:\/\/www.campingkings.com\/de\/","name":"Camping King&#039;s","description":"Al cor de la Costa Brava, a Palam\u00f3s, a 200m. de la platja de La Fosca.","publisher":{"@id":"https:\/\/www.campingkings.com\/de\/#organization"},"potentialAction":[{"@type":"SearchAction","target":{"@type":"EntryPoint","urlTemplate":"https:\/\/www.campingkings.com\/de\/?s={search_term_string}"},"query-input":{"@type":"PropertyValueSpecification","valueRequired":true,"valueName":"search_term_string"}}],"inLanguage":"de"},{"@type":"Organization","@id":"https:\/\/www.campingkings.com\/de\/#organization","name":"Camping King's","url":"https:\/\/www.campingkings.com\/de\/","logo":{"@type":"ImageObject","inLanguage":"de","@id":"https:\/\/www.campingkings.com\/de\/#\/schema\/logo\/image\/","url":"https:\/\/www.campingkings.com\/wp-content\/uploads\/logo-kings.svg","contentUrl":"https:\/\/www.campingkings.com\/wp-content\/uploads\/logo-kings.svg","width":57,"height":28,"caption":"Camping King's"},"image":{"@id":"https:\/\/www.campingkings.com\/de\/#\/schema\/logo\/image\/"},"sameAs":["https:\/\/www.facebook.com\/kingslafosca\/"]}]}},"_links":{"self":[{"href":"https:\/\/www.campingkings.com\/de\/wp-json\/wp\/v2\/pages\/25982","targetHints":{"allow":["GET"]}}],"collection":[{"href":"https:\/\/www.campingkings.com\/de\/wp-json\/wp\/v2\/pages"}],"about":[{"href":"https:\/\/www.campingkings.com\/de\/wp-json\/wp\/v2\/types\/page"}],"author":[{"embeddable":true,"href":"https:\/\/www.campingkings.com\/de\/wp-json\/wp\/v2\/users\/1"}],"replies":[{"embeddable":true,"href":"https:\/\/www.campingkings.com\/de\/wp-json\/wp\/v2\/comments?post=25982"}],"version-history":[{"count":3,"href":"https:\/\/www.campingkings.com\/de\/wp-json\/wp\/v2\/pages\/25982\/revisions"}],"predecessor-version":[{"id":36643,"href":"https:\/\/www.campingkings.com\/de\/wp-json\/wp\/v2\/pages\/25982\/revisions\/36643"}],"up":[{"embeddable":true,"href":"https:\/\/www.campingkings.com\/de\/wp-json\/wp\/v2\/pages\/25925"}],"wp:attachment":[{"href":"https:\/\/www.campingkings.com\/de\/wp-json\/wp\/v2\/media?parent=25982"}],"curies":[{"name":"wp","href":"https:\/\/api.w.org\/{rel}","templated":true}]}}