{"id":24949,"date":"2019-11-22T15:57:24","date_gmt":"2019-11-22T14:57:24","guid":{"rendered":"https:\/\/www.campingkings.com\/unterkunft\/stellplatzen\/tent-pitch\/"},"modified":"2020-10-14T15:11:45","modified_gmt":"2020-10-14T13:11:45","slug":"stellplatz-zelt","status":"publish","type":"page","link":"https:\/\/www.campingkings.com\/de\/unterkunft\/stellplatzen\/stellplatz-zelt\/","title":{"rendered":"Stellpl\u00e4tz Zelt"},"content":{"rendered":"\n<h3 class=\"has-blank-3-green-color has-text-color wp-block-heading\">Stellpl\u00e4tz Zelt<\/h3>\n\n\n\n<p>Ein Wochenende? Outdoor-Abenteuer? Richten Sie den Laden ein und genie\u00dfen Sie die Zeit mit der Familie.<\/p>\n\n\n\n<div class=\"wp-block-columns is-layout-flex wp-container-core-columns-is-layout-9d6595d7 wp-block-columns-is-layout-flex\">\n<div class=\"wp-block-column is-layout-flow wp-block-column-is-layout-flow\" style=\"flex-basis:66.66%\"><!-- fold.php -->\n\n<style>\n\n<\/style>\n<script>\n    $(document).ready(function() {\n\n\n    });\n\n<\/script>\n    \n    <div id=\"fold-list-block_5de66c04db84b\" class=\"\">\n                <div class=\"fold-list-wrapper\">\n\n                                                <div class=\"fold-inner\">\n                                <input type=\"checkbox\" id=\"faq-76\" name=\"faq-group\" checked>\n                <label for=\"faq-76\">Ausstattung<span class=\"icon-left-arrow-chevron\"><\/span><\/label>\n                <div class=\"content-faq\"><ul>\n<li>Schattige Grundst\u00fccke, durch B\u00e4ume abgegrenzt und inklusive Strom (6 A)<\/li>\n<li>Sie k\u00f6nnen den von Ihnen bevorzugten Campingplatz je nach Verf\u00fcgbarkeit ausw\u00e4hlen.<\/li>\n<li>Ein Stellplatz pro Familie (maximal 6 Personen).<\/li>\n<li>Es sind nur kleine und mittlere Hunderassen erlaubt (maximal 25 kg) (maximal 2 pro Parzelle).<\/li>\n<li>Alle gef\u00e4hrliche Rasse Hunde sind am Campingplatz verboten (auch f\u00fcr Mischlinge mit diesen Rassen).<\/li>\n<\/ul>\n<\/div>\n                            <\/div>\n                        <div class=\"fold-inner\">\n                                <input type=\"checkbox\" id=\"faq-77\" name=\"faq-group\" >\n                <label for=\"faq-77\">Extras (optional)<span class=\"icon-left-arrow-chevron\"><\/span><\/label>\n                <div class=\"content-faq\">\n<ul class=\"wp-block-list\"><li>Elektrische Verbindung \u00a010A<\/li><li>K\u00fchlschrank Vermietung<\/li><li>Elektrischer Adapter mieten<\/li><li>WIFI<\/li><\/ul>\n\n<\/div>\n                            <\/div>\n                        <div class=\"fold-inner\">\n                                <input type=\"checkbox\" id=\"faq-78\" name=\"faq-group\" >\n                <label for=\"faq-78\">STELLPL\u00c4TZEN RESERVIERUNGSBEDINGUNGEN<span class=\"icon-left-arrow-chevron\"><\/span><\/label>\n                <div class=\"content-faq\">\n<ul class=\"wp-block-list\"><li>Die Reservierung wird erst wirksam, wenn die <strong>Anzahlung von<\/strong> <strong>30% <\/strong>des Gesamtbetrags der Reservierung eingegangen ist.<\/li><li>In der <strong>Woche vor der Ankunft<\/strong> erh\u00e4lt der Kunde per E-Mail einen Link, \u00fcber den er sich <strong>ONLINE<\/strong> einchecken und den Restbetrag des Aufenthalts bezahlen kann<\/li><li>Bei Reservierungen weniger als 6 Tage im Voraus erfolgt die vollst\u00e4ndige Bezahlung des Aufenthalts \u00fcber den Online-Check-in<\/li><li>Die Vorauszahlung des Aufenthalts wird in den F\u00e4llen verlangt, in denen dies noch nicht geschehen ist.<\/li><li>Das Stellpl\u00e4tze wird f\u00fcr eine Familieneinheit vermietet.<\/li><li>Ist das Stellpl\u00e4tze am geplanten Tag nicht belegt, wird die Reservierung am Folgetag nach 12:00 Uhr automatisch storniert.<\/li><li>Der Kunde kann per E-Mail (maximal 24 Stunden vor dem Einreisedatum) verlangen, dass er sp\u00e4ter als geplant ankommt, muss jedoch den Gesamtbetrag der urspr\u00fcnglichen Reservierung bezahlen. In gleicher Weise muss bei vorgezogenem Abreisedatum auch die Zahlung der gesamten urspr\u00fcnglichen Reservierung wirksam gemacht werden.<\/li><li>Abreisetag: vor 12 Uhr. Bei Verlassen die Stellpl\u00e4tze nach der festgelegten Abfahrtszeit ist der Campingplatz berechtigt, dem Kunden einen zus\u00e4tzlichen Tag in Rechnung zu stellen.<\/li><li>In der Reserve k\u00f6nnen wir keine bestimmtes Stellpl\u00e4tze bezeichnen.<\/li><li>Der Campingplatz kann keinen Schatten auf dem Stellpl\u00e4tze garantieren, obwohl der Kunde dies bei der Reservierung verlangt h\u00e4tte.<\/li><li>Es ist nur ein Auto pro Stellpl\u00e4tze erlaubt.<\/li><li>Einmal installiert, k\u00f6nnen sie die Stellpl\u00e4tze ohne Genehmigung der Rezeption nicht mehr \u00e4ndern.<\/li><li>Der Preis die Stellpl\u00e4tze ist nicht \u00e4nderbar.<\/li><li>Es ist nicht gestattet, ohne Wohnwagen, Zelte oder andere Campingelemente abzureisen. Wenn Sie vom Campingplatz abwesend sind, die Stellpl\u00e4tze aber weiterhin belegen, wird der Gesamtbetrag des Grundst\u00fccks einschlie\u00dflich zweier Personen weiterhin in Rechnung gestellt.<\/li><li>Der Campingplatz akzeptiert keine Reservierungen von Minderj\u00e4hrigen.<\/li><li>Hunde sind erlaubt, sofern sie keine Gefahr f\u00fcr andere Campingbenutzer darstellen.<\/li><li>Es sind nur kleine oder mittelgro\u00dfe Hunde (maximal 25 kg) (maximal 2 pro Stellpl\u00e4tze). Kunden mit Hunden m\u00fcssen die aktuellen Campingbestimmungen einhalten. Es ist obligatorisch, die Impfkarte und die aktuelle Versicherung vorzulegen.<\/li><li>Hunde von Rassen, die als gef\u00e4hrlich gelten oder deren Kreuze nicht erlaubt sind: Amerikanischer Staffordshire-Terrier, Staffordshire-Bullterrier, Rottweiler, Pitbull-Terrier, Dogo Argentino, Dobermann, Presa Canario, Bullterrier, Fila Brasileiro, Bullmastiff, Dogo de Bordeaux, Mast\u00edn Neapolitanische, japanische Tosa (Tosa Inu), Akita Inu.<\/li><\/ul>\n\n\n\n<p><strong><strong><strong>Stornierungsbedingungen<\/strong><\/strong><\/strong>*:<\/p>\n\n\n\n<ul class=\"wp-block-list\"><li>Sie m\u00fcssen immer per E-Mail kommunizieren<\/li><li>Mehr als 42 tage: 80% r\u00fcckerstattung der anzahlung<\/li><li>Mehr als 14 tage: 50% r\u00fcckerstattung der anzahlung<\/li><li>Weniger als 14 tage: Anzahlung wird nicht zur\u00fcckerstattet<\/li><\/ul>\n\n\n\n<p class=\"is-style-default\">*Der zus\u00e4tzliche Betrag von 15 \u20ac wird f\u00fcr die Verwaltung der Stornierung der Reservierung verwendet (nicht erstattbar).<\/p>\n\n\n\n<p class=\"is-style-default\"><\/p>\n\n<\/div>\n                            <\/div>\n                        <div class=\"fold-inner\">\n                                <input type=\"checkbox\" id=\"faq-79\" name=\"faq-group\" >\n                <label for=\"faq-79\">REISER\u00dcCKTRITTSVERSICHERUNG<span class=\"icon-left-arrow-chevron\"><\/span><\/label>\n                <div class=\"content-faq\">\n<p>F\u00fcr Ihre Sicherheit bei der Reservierung k\u00f6nnen Sie eine Reiser\u00fccktrittsversicherung abschlie\u00dfen.<\/p>\n\n\n\n<div class=\"wp-block-button is-style-outline is-style-outline--1\"><a class=\"wp-block-button__link has-blank-3-green-color has-text-color\" href=\"https:\/\/www.campingkings.com\/wp-content\/uploads\/folleto-resumen-cancelacion-reservas-aleman.pdf\" title=\"https:\/\/www.campingkings.com\/wp-content\/uploads\/folleto-resumen-cancelacion-reservas-aleman.pdf\" target=\"_blank\" rel=\"noreferrer noopener\">DOKUMENTATION HERUNTERLADEN<\/a><\/div>\n\n\n\n<div style=\"height:20px\" aria-hidden=\"true\" class=\"wp-block-spacer\"><\/div>\n\n<\/div>\n                            <\/div>\n                    <\/div>\n        \n    <\/div>\n\n\n<\/div>\n\n\n\n<div class=\"wp-block-column is-layout-flow wp-block-column-is-layout-flow\" style=\"flex-basis:33.33%\">\n<h3 class=\"has-blank-3-brown-color has-text-color wp-block-heading\">Verf\u00fcgbarkeit<\/h3>\n\n\n<!-- booking.php -->\n\n\n\n<style>\n    article[id*=\"booking-block\"].no-category .widgetBookingContainer .categorySelector {\n        display: none;\n    }\n    article[id*=\"booking-block\"] .widgetBookingContainer .categorySelector,\n    article[id*=\"booking-block\"] .widgetBookingContainer .checkinCheckoutContainer .checkinContainer, article[id*=\"booking-block\"] .widgetBookingContainer .checkinCheckoutContainer .checkoutContainer {\n        width: 100%;\n        box-shadow: 0 0 10px #00000038;\n        border-radius: 5px;\n        overflow: hidden;\n        text-align: left;\n        padding: 10px;\n    }\n\n    article[id*=\"booking-block\"] .widgetBookingContainer .peopleContainer .adultsContainer, article[id*=\"booking-block\"] .widgetBookingContainer .peopleContainer .childsGroupContainer {\n        width: 50%;\n        box-shadow: 0 0 10px #00000038;\n        border-radius: 5px;\n        text-align: left;\n        padding: 6px;\n        height: 48px;\n        position: relative;\n    }\n    article[id*=\"booking-block\"] .widgetBookingContainer .checkinCheckoutContainer, article[id*=\"booking-block\"] .widgetBookingContainer .peopleContainer {\n        width: 100%;\n        display: flex;\n        flex-wrap: wrap;\n    }\n    article[id*=\"booking-block\"] .widgetBookingContainer {\n        padding: 0;\n        background: transparent;\n        display: flex;\n        flex-wrap: wrap;\n    }\n    article[id*=\"booking-block\"] .widgetBookingContainer .childAgeGroupContainer .childAgeContainer span.inputBox{\n        background-color: #05b2b8;\n        border-radius: 32px;\n        color: white;\n    }\narticle[id*=\"booking-block\"] .widgetBookingContainer .checkinCheckoutContainer label, article[id*=\"booking-block\"] .widgetBookingContainer .peopleContainer label:not(.childAgeLabel) {\n        display: none;\n    }\n    article[id*=\"booking-block\"] .widgetBookingContainer span.inputBox:hover{\n        border-color: transparent;\n    }\n    article[id*=\"booking-block\"] .widgetBookingContainer .categorySelector > span:after,\n    article[id*=\"booking-block\"] .datePicker span.inputBox:after{\n        display: none;\n    }\n    article[id*=\"booking-block\"] .datePicker span.inputBox:before{\n        content: \"\\e910\";\n        font-family: 'generic' !important;\n        color: #d6d6d6;\n        float: left;\n        font-size: 30px;\n        margin-right: 15px;\n    }\n    article[id*=\"booking-block\"] .peopleContainer .comboBox:after{\n        display: none;\n    }\n    article[id*=\"booking-block\"] .widgetBookingContainer .peopleContainer .adultsContainer {\n        margin-right: 3%;\n        width: 47%;\n    }\n    article[id*=\"booking-block\"] .widgetBookingContainer .childAgeGroupContainer .childAgeContainer div[class*=\"comboBox\"] {\n        margin: 0;\n    }\n    article[id*=\"booking-block\"] .widgetBookingContainer .childAgeGroupContainer .childAgeContainer {\n        background-color: #ffffff;\n        \/* box-shadow: 0 0 20px #00000040; *\/\n        margin-bottom: 0;\n    }\n    article[id*=\"booking-block\"] .widgetBookingContainer .childAgeGroupContainer {\n        box-shadow: 0 0 20px #00000040;\n        position: absolute;\n        bottom: 100%;\n        font-size: 12px;\n        right: 0px;\n        left: 0;\n        width: 100%;\n    }\n    .widgetBookingContainer button.searchButton:before {\n        content: \"Jetzt buchen\";\n        font-size: 14px;\n        margin-top: 3px;\n        width: 100%;\n        display: inline-block;\n    }\n    .widgetBookingContainer button.searchButton {\n        background-color: #05b2b8;\n        border-radius: 50px;\n        text-transform: uppercase;\n        letter-spacing: 2px;\n        margin: 0;\n        padding: 14px 20px;\n        line-height: 1;\n        font-size: 0;\n        text-align: center;\n    }\n    article[id*=\"booking-block\"] .widgetBookingContainer .searchButton {\n        order: 3;\n    }\n\n    article[id*=\"booking-block\"] .widgetBookingContainer .checkinCheckoutContainer {\n        order: 1;\n    }\n    article[id*=\"booking-block\"] .widgetBookingContainer .peopleContainer {\n        order: 0;\n    }\n    article[id*=\"booking-block\"] {\n        margin: 10px 0;\n    }\n    article[id*=\"booking-block\"] .widgetBookingContainer .childAgeContainer {\n        display: flex;\n    }\n\n    article[id*=\"booking-block\"] .widgetBookingContainer .peopleContainer label {\n        padding: 10px 5px;\n    }\n    a.boton-reservar{\n        border-radius: 50px;\n        text-transform: uppercase;\n        position: relative;\n        text-align: center;\n        display: inline-block;\n        padding: 10px 18px;\n        border: 2px solid #05b2b8;\n        color: #05b2b8;\n        background-color: white;\n    }\n<\/style>\n<script>\n\n\n<\/script>\n<!-- -->\n<article id=\"booking-block_5de66c2fdb84f\" class=\"no-category\">\n        <script>\n        $(document).ready(function() {\n\n                var widget = new MasterWidget('widgetBookingContainer577', {\n                    lang: 'de',\n                    idProperty: '314',categoryIds: [23],dropdown: true,\n                    url: 'https:\/\/booking.campingkings.com'\n                });\n\n\n            });\n\n            <\/script><div id=\"widgetBookingContainer577\"> <\/div>\n<\/article>\n\n<\/div>\n<\/div>\n\n\n\n<h3 class=\"has-blank-3-green-color has-text-color wp-block-heading\">Fotogalerie<\/h3>\n\n\n\n\n\n                    <style>\n\n\n        <\/style>\n        <article id=\"custom-gallery-block_5e2a98157acf5\" class=\"custom-gallery alignfull format-contain\" >\n                        \n            <script>\n            $(window).load(function() {\n\n\n                var slider = tns({\n                    nav: false,\n                    controls: true,\n                    container: '.id-gal943',\n                    items: 1,\n                    autoWidth: false,\n                    autoplay: false,\n                    mouseDrag: true,\n                    responsive: {\n                      0: {\n                        edgePadding: 0,\n                        items: 1\n                      },\n                      400: {\n                        edgePadding: 0,\n                        items: 1\n                      },\n\n                      600: {\n                        edgePadding: 150,\n                        items: 1\n                      },\n                      900: {\n                        edgePadding: 325,\n                        items: 1,\n                        gutter: 60,\n                      }\n                    }\n                  });\n                });\n\n            <\/script><div class=\"galeria clearfix galeria-carousel id-gal943\"><div class=\"item-slider cover\"><div class=\"inner-image cover\" style=\"background-image:url(https:\/\/www.campingkings.com\/wp-content\/uploads\/tent-900x600.jpg)\"><\/div><\/div><div class=\"item-slider cover\"><div class=\"inner-image cover\" style=\"background-image:url(https:\/\/www.campingkings.com\/wp-content\/uploads\/acampada-kings-900x603.jpg)\"><\/div><\/div><div class=\"item-slider cover\"><div class=\"inner-image cover\" style=\"background-image:url(https:\/\/www.campingkings.com\/wp-content\/uploads\/parcelas-home-circle-900x502.jpg)\"><\/div><\/div><\/div>        <\/article>\n\n\n\n    \n\n\n","protected":false},"excerpt":{"rendered":"<p>Ein Wochenende? Outdoor-Abenteuer? Richten Sie den Laden ein und genie\u00dfen Sie die Zeit mit der Familie.<\/p>\n","protected":false},"author":1,"featured_media":22245,"parent":23716,"menu_order":0,"comment_status":"closed","ping_status":"closed","template":"templates\/tmpl-alojamiento.php","meta":{"_acf_changed":false,"_monsterinsights_skip_tracking":false,"_monsterinsights_sitenote_active":false,"_monsterinsights_sitenote_note":"","_monsterinsights_sitenote_category":0,"footnotes":""},"class_list":["post-24949","page","type-page","status-publish","has-post-thumbnail","hentry"],"acf":[],"yoast_head":"<!-- This site is optimized with the Yoast SEO plugin v26.6 - https:\/\/yoast.com\/wordpress\/plugins\/seo\/ -->\n<title>Stellpl\u00e4tz Zelt - Camping King&#039;s<\/title>\n<meta name=\"description\" content=\"Ein Wochenende? Outdoor-Abenteuer? Richten Sie den Laden ein und genie\u00dfen Sie die Zeit mit der Familie.\" \/>\n<meta name=\"robots\" content=\"index, follow, max-snippet:-1, max-image-preview:large, max-video-preview:-1\" \/>\n<link rel=\"canonical\" href=\"https:\/\/www.campingkings.com\/de\/unterkunft\/stellplatzen\/stellplatz-zelt\/\" \/>\n<meta property=\"og:locale\" content=\"de_DE\" \/>\n<meta property=\"og:type\" content=\"article\" \/>\n<meta property=\"og:title\" content=\"Stellpl\u00e4tz Zelt - Camping King&#039;s\" \/>\n<meta property=\"og:description\" content=\"Ein Wochenende? Outdoor-Abenteuer? Richten Sie den Laden ein und genie\u00dfen Sie die Zeit mit der Familie.\" \/>\n<meta property=\"og:url\" content=\"https:\/\/www.campingkings.com\/de\/unterkunft\/stellplatzen\/stellplatz-zelt\/\" \/>\n<meta property=\"og:site_name\" content=\"Camping King&#039;s\" \/>\n<meta property=\"article:publisher\" content=\"https:\/\/www.facebook.com\/kingslafosca\/\" \/>\n<meta property=\"article:modified_time\" content=\"2020-10-14T13:11:45+00:00\" \/>\n<meta property=\"og:image\" content=\"https:\/\/www.campingkings.com\/wp-content\/uploads\/bicis-1.jpg\" \/>\n\t<meta property=\"og:image:width\" content=\"2048\" \/>\n\t<meta property=\"og:image:height\" content=\"1365\" \/>\n\t<meta property=\"og:image:type\" content=\"image\/jpeg\" \/>\n<meta name=\"twitter:card\" content=\"summary_large_image\" \/>\n<script type=\"application\/ld+json\" class=\"yoast-schema-graph\">{\"@context\":\"https:\/\/schema.org\",\"@graph\":[{\"@type\":\"WebPage\",\"@id\":\"https:\/\/www.campingkings.com\/de\/unterkunft\/stellplatzen\/stellplatz-zelt\/\",\"url\":\"https:\/\/www.campingkings.com\/de\/unterkunft\/stellplatzen\/stellplatz-zelt\/\",\"name\":\"Stellpl\u00e4tz Zelt - Camping King&#039;s\",\"isPartOf\":{\"@id\":\"https:\/\/www.campingkings.com\/de\/#website\"},\"primaryImageOfPage\":{\"@id\":\"https:\/\/www.campingkings.com\/de\/unterkunft\/stellplatzen\/stellplatz-zelt\/#primaryimage\"},\"image\":{\"@id\":\"https:\/\/www.campingkings.com\/de\/unterkunft\/stellplatzen\/stellplatz-zelt\/#primaryimage\"},\"thumbnailUrl\":\"https:\/\/www.campingkings.com\/wp-content\/uploads\/bicis-1.jpg\",\"datePublished\":\"2019-11-22T14:57:24+00:00\",\"dateModified\":\"2020-10-14T13:11:45+00:00\",\"description\":\"Ein Wochenende? Outdoor-Abenteuer? Richten Sie den Laden ein und genie\u00dfen Sie die Zeit mit der Familie.\",\"breadcrumb\":{\"@id\":\"https:\/\/www.campingkings.com\/de\/unterkunft\/stellplatzen\/stellplatz-zelt\/#breadcrumb\"},\"inLanguage\":\"de\",\"potentialAction\":[{\"@type\":\"ReadAction\",\"target\":[\"https:\/\/www.campingkings.com\/de\/unterkunft\/stellplatzen\/stellplatz-zelt\/\"]}]},{\"@type\":\"ImageObject\",\"inLanguage\":\"de\",\"@id\":\"https:\/\/www.campingkings.com\/de\/unterkunft\/stellplatzen\/stellplatz-zelt\/#primaryimage\",\"url\":\"https:\/\/www.campingkings.com\/wp-content\/uploads\/bicis-1.jpg\",\"contentUrl\":\"https:\/\/www.campingkings.com\/wp-content\/uploads\/bicis-1.jpg\",\"width\":2048,\"height\":1365,\"caption\":\"Parcela para tienda\"},{\"@type\":\"BreadcrumbList\",\"@id\":\"https:\/\/www.campingkings.com\/de\/unterkunft\/stellplatzen\/stellplatz-zelt\/#breadcrumb\",\"itemListElement\":[{\"@type\":\"ListItem\",\"position\":1,\"name\":\"Camping King's\",\"item\":\"https:\/\/www.campingkings.com\/de\/\"},{\"@type\":\"ListItem\",\"position\":2,\"name\":\"Unterkunft\",\"item\":\"https:\/\/www.campingkings.com\/de\/unterkunft\/\"},{\"@type\":\"ListItem\",\"position\":3,\"name\":\"Stellpl\u00e4tzen\",\"item\":\"https:\/\/www.campingkings.com\/de\/unterkunft\/stellplatzen\/\"},{\"@type\":\"ListItem\",\"position\":4,\"name\":\"Stellpl\u00e4tz Zelt\"}]},{\"@type\":\"WebSite\",\"@id\":\"https:\/\/www.campingkings.com\/de\/#website\",\"url\":\"https:\/\/www.campingkings.com\/de\/\",\"name\":\"Camping King&#039;s\",\"description\":\"Al cor de la Costa Brava, a Palam\u00f3s, a 200m. de la platja de La Fosca.\",\"publisher\":{\"@id\":\"https:\/\/www.campingkings.com\/de\/#organization\"},\"potentialAction\":[{\"@type\":\"SearchAction\",\"target\":{\"@type\":\"EntryPoint\",\"urlTemplate\":\"https:\/\/www.campingkings.com\/de\/?s={search_term_string}\"},\"query-input\":{\"@type\":\"PropertyValueSpecification\",\"valueRequired\":true,\"valueName\":\"search_term_string\"}}],\"inLanguage\":\"de\"},{\"@type\":\"Organization\",\"@id\":\"https:\/\/www.campingkings.com\/de\/#organization\",\"name\":\"Camping King's\",\"url\":\"https:\/\/www.campingkings.com\/de\/\",\"logo\":{\"@type\":\"ImageObject\",\"inLanguage\":\"de\",\"@id\":\"https:\/\/www.campingkings.com\/de\/#\/schema\/logo\/image\/\",\"url\":\"https:\/\/www.campingkings.com\/wp-content\/uploads\/logo-kings.svg\",\"contentUrl\":\"https:\/\/www.campingkings.com\/wp-content\/uploads\/logo-kings.svg\",\"width\":57,\"height\":28,\"caption\":\"Camping King's\"},\"image\":{\"@id\":\"https:\/\/www.campingkings.com\/de\/#\/schema\/logo\/image\/\"},\"sameAs\":[\"https:\/\/www.facebook.com\/kingslafosca\/\"]}]}<\/script>\n<!-- \/ Yoast SEO plugin. -->","yoast_head_json":{"title":"Stellpl\u00e4tz Zelt - Camping King&#039;s","description":"Ein Wochenende? Outdoor-Abenteuer? Richten Sie den Laden ein und genie\u00dfen Sie die Zeit mit der Familie.","robots":{"index":"index","follow":"follow","max-snippet":"max-snippet:-1","max-image-preview":"max-image-preview:large","max-video-preview":"max-video-preview:-1"},"canonical":"https:\/\/www.campingkings.com\/de\/unterkunft\/stellplatzen\/stellplatz-zelt\/","og_locale":"de_DE","og_type":"article","og_title":"Stellpl\u00e4tz Zelt - Camping King&#039;s","og_description":"Ein Wochenende? Outdoor-Abenteuer? Richten Sie den Laden ein und genie\u00dfen Sie die Zeit mit der Familie.","og_url":"https:\/\/www.campingkings.com\/de\/unterkunft\/stellplatzen\/stellplatz-zelt\/","og_site_name":"Camping King&#039;s","article_publisher":"https:\/\/www.facebook.com\/kingslafosca\/","article_modified_time":"2020-10-14T13:11:45+00:00","og_image":[{"width":2048,"height":1365,"url":"https:\/\/www.campingkings.com\/wp-content\/uploads\/bicis-1.jpg","type":"image\/jpeg"}],"twitter_card":"summary_large_image","schema":{"@context":"https:\/\/schema.org","@graph":[{"@type":"WebPage","@id":"https:\/\/www.campingkings.com\/de\/unterkunft\/stellplatzen\/stellplatz-zelt\/","url":"https:\/\/www.campingkings.com\/de\/unterkunft\/stellplatzen\/stellplatz-zelt\/","name":"Stellpl\u00e4tz Zelt - Camping King&#039;s","isPartOf":{"@id":"https:\/\/www.campingkings.com\/de\/#website"},"primaryImageOfPage":{"@id":"https:\/\/www.campingkings.com\/de\/unterkunft\/stellplatzen\/stellplatz-zelt\/#primaryimage"},"image":{"@id":"https:\/\/www.campingkings.com\/de\/unterkunft\/stellplatzen\/stellplatz-zelt\/#primaryimage"},"thumbnailUrl":"https:\/\/www.campingkings.com\/wp-content\/uploads\/bicis-1.jpg","datePublished":"2019-11-22T14:57:24+00:00","dateModified":"2020-10-14T13:11:45+00:00","description":"Ein Wochenende? Outdoor-Abenteuer? Richten Sie den Laden ein und genie\u00dfen Sie die Zeit mit der Familie.","breadcrumb":{"@id":"https:\/\/www.campingkings.com\/de\/unterkunft\/stellplatzen\/stellplatz-zelt\/#breadcrumb"},"inLanguage":"de","potentialAction":[{"@type":"ReadAction","target":["https:\/\/www.campingkings.com\/de\/unterkunft\/stellplatzen\/stellplatz-zelt\/"]}]},{"@type":"ImageObject","inLanguage":"de","@id":"https:\/\/www.campingkings.com\/de\/unterkunft\/stellplatzen\/stellplatz-zelt\/#primaryimage","url":"https:\/\/www.campingkings.com\/wp-content\/uploads\/bicis-1.jpg","contentUrl":"https:\/\/www.campingkings.com\/wp-content\/uploads\/bicis-1.jpg","width":2048,"height":1365,"caption":"Parcela para tienda"},{"@type":"BreadcrumbList","@id":"https:\/\/www.campingkings.com\/de\/unterkunft\/stellplatzen\/stellplatz-zelt\/#breadcrumb","itemListElement":[{"@type":"ListItem","position":1,"name":"Camping King's","item":"https:\/\/www.campingkings.com\/de\/"},{"@type":"ListItem","position":2,"name":"Unterkunft","item":"https:\/\/www.campingkings.com\/de\/unterkunft\/"},{"@type":"ListItem","position":3,"name":"Stellpl\u00e4tzen","item":"https:\/\/www.campingkings.com\/de\/unterkunft\/stellplatzen\/"},{"@type":"ListItem","position":4,"name":"Stellpl\u00e4tz Zelt"}]},{"@type":"WebSite","@id":"https:\/\/www.campingkings.com\/de\/#website","url":"https:\/\/www.campingkings.com\/de\/","name":"Camping King&#039;s","description":"Al cor de la Costa Brava, a Palam\u00f3s, a 200m. de la platja de La Fosca.","publisher":{"@id":"https:\/\/www.campingkings.com\/de\/#organization"},"potentialAction":[{"@type":"SearchAction","target":{"@type":"EntryPoint","urlTemplate":"https:\/\/www.campingkings.com\/de\/?s={search_term_string}"},"query-input":{"@type":"PropertyValueSpecification","valueRequired":true,"valueName":"search_term_string"}}],"inLanguage":"de"},{"@type":"Organization","@id":"https:\/\/www.campingkings.com\/de\/#organization","name":"Camping King's","url":"https:\/\/www.campingkings.com\/de\/","logo":{"@type":"ImageObject","inLanguage":"de","@id":"https:\/\/www.campingkings.com\/de\/#\/schema\/logo\/image\/","url":"https:\/\/www.campingkings.com\/wp-content\/uploads\/logo-kings.svg","contentUrl":"https:\/\/www.campingkings.com\/wp-content\/uploads\/logo-kings.svg","width":57,"height":28,"caption":"Camping King's"},"image":{"@id":"https:\/\/www.campingkings.com\/de\/#\/schema\/logo\/image\/"},"sameAs":["https:\/\/www.facebook.com\/kingslafosca\/"]}]}},"_links":{"self":[{"href":"https:\/\/www.campingkings.com\/de\/wp-json\/wp\/v2\/pages\/24949","targetHints":{"allow":["GET"]}}],"collection":[{"href":"https:\/\/www.campingkings.com\/de\/wp-json\/wp\/v2\/pages"}],"about":[{"href":"https:\/\/www.campingkings.com\/de\/wp-json\/wp\/v2\/types\/page"}],"author":[{"embeddable":true,"href":"https:\/\/www.campingkings.com\/de\/wp-json\/wp\/v2\/users\/1"}],"replies":[{"embeddable":true,"href":"https:\/\/www.campingkings.com\/de\/wp-json\/wp\/v2\/comments?post=24949"}],"version-history":[{"count":13,"href":"https:\/\/www.campingkings.com\/de\/wp-json\/wp\/v2\/pages\/24949\/revisions"}],"predecessor-version":[{"id":30835,"href":"https:\/\/www.campingkings.com\/de\/wp-json\/wp\/v2\/pages\/24949\/revisions\/30835"}],"up":[{"embeddable":true,"href":"https:\/\/www.campingkings.com\/de\/wp-json\/wp\/v2\/pages\/23716"}],"wp:featuredmedia":[{"embeddable":true,"href":"https:\/\/www.campingkings.com\/de\/wp-json\/wp\/v2\/media\/22245"}],"wp:attachment":[{"href":"https:\/\/www.campingkings.com\/de\/wp-json\/wp\/v2\/media?parent=24949"}],"curies":[{"name":"wp","href":"https:\/\/api.w.org\/{rel}","templated":true}]}}