{"id":24775,"date":"2020-01-13T10:20:31","date_gmt":"2020-01-13T09:20:31","guid":{"rendered":"https:\/\/www.campingkings.com\/promocions\/"},"modified":"2024-03-04T14:06:55","modified_gmt":"2024-03-04T13:06:55","slug":"promotions","status":"publish","type":"page","link":"https:\/\/www.campingkings.com\/de\/promotions\/","title":{"rendered":"Aktionen und Sonderangebote"},"content":{"rendered":"\n<h1 class=\"has-text-align-left has-blank-3-brown-color has-text-color wp-block-heading\" id=\"aktionen-und-sonderangebote\">Aktionen und Sonderangebote<\/h1>\n\n\n\n\n<style>\nnav.page-list-menu a {\n    border: 2px solid #05b2b8;\n    border-radius: 5px;\n    text-transform: uppercase;\n    color: #05b2b8;\n    padding: 10px;\n    background: white;\n    display: inline-block;\n    margin: 10px 5px;\n    font-size: 14px;\n}\nnav.page-list-menu a:not(.active) {\n    color: #000000b5;\n    border-color: #05b2b840;\n}\n.group-page-list:not(.active){\n    display: none;\n}\n.page-list-element:nth-child(odd) {\n    background-color: #f9f9f9;\n}\n\n.inner-card-more-info a:hover{\n    opacity: 0.5;\n}\n.inner-card-more-info a.button-more {\n    background-color: #dfcdb5;\n    color: white;\n}\n.inner-card-more-info a.boton-reservar {\n    border: 2px solid #05b2b8;\n    color: #05b2b8;\n    background-color: white;\n}\n.inner-card-more-info a.button-more,\n.inner-card-more-info a.boton-reservar {\n    border-radius: 50px;\n    text-transform: uppercase;\n    position: relative;\n    text-align: center;\n    display: inline-block;\n    padding: 10px 18px;\n\n}\n\n<\/style>\n<script>\n    $(document).ready(function() {\n        var tagEl = $(\"#list-pages-block_5c042995f286a968ca6eab897ea163bc .page-list-menu a\" );\n        tagEl.on('click', function(e){\n            e.preventDefault();\n            tagEl.removeClass('active');\n            $(\"#list-pages-block_5c042995f286a968ca6eab897ea163bc .group-page-list\").removeClass('active');\n            $(this).addClass('active');\n            var tagHref = $(this).attr('href');\n            $(tagHref).addClass('active');\n            $('html,body').animate({\n                scrollTop: $(this).offset().top - 100\n            }, 300);\n        });\n    });\n\n<\/script>\n<article id=\"list-pages-block_5c042995f286a968ca6eab897ea163bc\">\n            \n        <!-- navigation -->\n                                        <nav class=\"page-list-menu\">\n                                                   <a class=\"tag active\" href=\"#tag-0-block_5c042995f286a968ca6eab897ea163bc\">Alles<\/a>\n                                                        <a class=\"tag \" href=\"#tag-1-block_5c042995f286a968ca6eab897ea163bc\">Unterkunft<\/a>\n                                                        <a class=\"tag \" href=\"#tag-2-block_5c042995f286a968ca6eab897ea163bc\">Camping<\/a>\n                                                <\/nav>\n            \n        \n        <!-- list loop -->\n                                        <div id=\"tag-0-block_5c042995f286a968ca6eab897ea163bc\" class=\"group-page-list active\">\n\n\n                                                                                                                                                                                                                                                            <div id=\"page-\" class=\"page-list-element alignfull\">\n                                    <div class=\"flex max-content\">\n                                        <div class=\"inner-page-list-element col1-2\">\n                                                                                                                                                                                    \n\n                                            <a href=\"https:\/\/www.campingkings.com\/de\/ofertas\/oferta-senior-experience\/\" class=\"page-list-thumb cover\" style=\"background-image:url(https:\/\/www.campingkings.com\/wp-content\/uploads\/senior-experience-camping-kings-800x480.jpg)\"><\/a>\n                                        <\/div>\n                                        <div class=\"inner-page-list-element col1-2 flex\">\n                                            <h2 class=\"has-blank-3-green-color has-text-color\">Angebot Sixty\u00b4s<\/h2>\n                                                                                        Senior Experience \ud83c\udf3f G\u00f6nnen Sie sich die Ruhe und Entspannung [&hellip;]                                            <div class=\"inner-card-more-info\">\n\n                                                <a class=\"button-more has-blank-3-brown-color has-text-color\" href=\"https:\/\/www.campingkings.com\/de\/ofertas\/oferta-senior-experience\/\">Weitere Details<\/a>\n                                            <\/div>\n                                        <\/div>\n                                    <\/div>\n                                <\/div>\n                                                                                            <div id=\"page-\" class=\"page-list-element alignfull\">\n                                    <div class=\"flex max-content\">\n                                        <div class=\"inner-page-list-element col1-2\">\n                                                                                                                                                                                    \n\n                                            <a href=\"https:\/\/www.campingkings.com\/de\/ofertas\/reiserucktrittsversicherung\/\" class=\"page-list-thumb cover\" style=\"background-image:url(https:\/\/www.campingkings.com\/wp-content\/uploads\/oferta-seguro-de-cancelacion-800x480.jpg)\"><\/a>\n                                        <\/div>\n                                        <div class=\"inner-page-list-element col1-2 flex\">\n                                            <h2 class=\"has-blank-3-green-color has-text-color\">Reiser\u00fccktrittsversicherung<\/h2>\n                                                                                        Reiser\u00fccktrittsversicherung Buchen Sie bequem mit der Stornoversicherung von CATALANA OCCIDENTE. [&hellip;]                                            <div class=\"inner-card-more-info\">\n\n                                                <a class=\"button-more has-blank-3-brown-color has-text-color\" href=\"https:\/\/www.campingkings.com\/de\/ofertas\/reiserucktrittsversicherung\/\">Weitere Details<\/a>\n                                            <\/div>\n                                        <\/div>\n                                    <\/div>\n                                <\/div>\n                                                                                            <div id=\"page-\" class=\"page-list-element alignfull\">\n                                    <div class=\"flex max-content\">\n                                        <div class=\"inner-page-list-element col1-2\">\n                                                                                                                                                                                    \n\n                                            <a href=\"https:\/\/www.campingkings.com\/de\/ofertas\/vorausbuchung\/\" class=\"page-list-thumb cover\" style=\"background-image:url(https:\/\/www.campingkings.com\/wp-content\/uploads\/oferta-early-booking-camping-kings-800x480.jpg)\"><\/a>\n                                        <\/div>\n                                        <div class=\"inner-page-list-element col1-2 flex\">\n                                            <h2 class=\"has-blank-3-green-color has-text-color\">Vorausbuchung<\/h2>\n                                                                                        Vorausbuchung Automatischer Rabatt von 5 bis 10% bei Reservierungen vor [&hellip;]                                            <div class=\"inner-card-more-info\">\n\n                                                <a class=\"button-more has-blank-3-brown-color has-text-color\" href=\"https:\/\/www.campingkings.com\/de\/ofertas\/vorausbuchung\/\">Weitere Details<\/a>\n                                            <\/div>\n                                        <\/div>\n                                    <\/div>\n                                <\/div>\n                                                                                                                                                            <\/div>\n                                                        <div id=\"tag-1-block_5c042995f286a968ca6eab897ea163bc\" class=\"group-page-list \">\n\n\n                                                                        <div id=\"page-25251\" class=\"page-list-element alignfull\">\n                        <div class=\"flex max-content\">\n                            <div class=\"inner-page-list-element col1-2\">\n                                                                                                                                    \n\n                                <a href=\"https:\/\/www.campingkings.com\/de\/ofertas\/vorausbuchung\/\" class=\"page-list-thumb cover\" style=\"background-image:url(https:\/\/www.campingkings.com\/wp-content\/uploads\/oferta-early-booking-camping-kings-800x480.jpg)\"><\/a>\n                            <\/div>\n                            <div class=\"inner-page-list-element col1-2 flex\">\n                                                                                                                                                                                                                                \n                                <div class=\"info-lodgement\">\n                                                                                                                                                                                                                                                            \n                                <\/div>\n\n                                <h2 class=\"has-blank-3-green-color has-text-color\">Vorausbuchung<\/h2>\n                                                                    Vorausbuchung Automatischer Rabatt von 5 bis 10% bei Reservierungen vor [&hellip;]                                                                                                <div class=\"inner-card-more-info\">\n                                                                <a class=\"button-more has-blank-3-brown-color has-text-color\" href=\"https:\/\/www.campingkings.com\/de\/ofertas\/vorausbuchung\/\">Weitere Details<\/a>\n                                <\/div>\n                            <\/div>\n                        <\/div>\n                    <\/div>\n\n                                                <\/div>\n                                                        <div id=\"tag-2-block_5c042995f286a968ca6eab897ea163bc\" class=\"group-page-list \">\n\n\n                                                                        <div id=\"page-25251\" class=\"page-list-element alignfull\">\n                        <div class=\"flex max-content\">\n                            <div class=\"inner-page-list-element col1-2\">\n                                                                                                                                    \n\n                                <a href=\"https:\/\/www.campingkings.com\/de\/ofertas\/vorausbuchung\/\" class=\"page-list-thumb cover\" style=\"background-image:url(https:\/\/www.campingkings.com\/wp-content\/uploads\/oferta-early-booking-camping-kings-800x480.jpg)\"><\/a>\n                            <\/div>\n                            <div class=\"inner-page-list-element col1-2 flex\">\n                                                                                                                                                                                                                                \n                                <div class=\"info-lodgement\">\n                                                                                                                                                                                                                                                            \n                                <\/div>\n\n                                <h2 class=\"has-blank-3-green-color has-text-color\">Vorausbuchung<\/h2>\n                                                                    Vorausbuchung Automatischer Rabatt von 5 bis 10% bei Reservierungen vor [&hellip;]                                                                                                <div class=\"inner-card-more-info\">\n                                                                <a class=\"button-more has-blank-3-brown-color has-text-color\" href=\"https:\/\/www.campingkings.com\/de\/ofertas\/vorausbuchung\/\">Weitere Details<\/a>\n                                <\/div>\n                            <\/div>\n                        <\/div>\n                    <\/div>\n\n                                                <\/div>\n                                \n<\/article>\n\n","protected":false},"excerpt":{"rendered":"<p>Aktionen und Sonderangebote<\/p>\n","protected":false},"author":1,"featured_media":0,"parent":0,"menu_order":1,"comment_status":"closed","ping_status":"closed","template":"","meta":{"_acf_changed":false,"_monsterinsights_skip_tracking":false,"_monsterinsights_sitenote_active":false,"_monsterinsights_sitenote_note":"","_monsterinsights_sitenote_category":0,"footnotes":""},"class_list":["post-24775","page","type-page","status-publish","hentry"],"acf":[],"yoast_head":"<!-- This site is optimized with the Yoast SEO plugin v26.6 - https:\/\/yoast.com\/wordpress\/plugins\/seo\/ -->\n<title>Aktionen und Sonderangebote - Camping King&#039;s<\/title>\n<meta name=\"description\" content=\"Genie\u00dfen Sie Ihren Urlaub mit den besten Rabatten direkt von unserer Website. W\u00e4hlen Sie Ihre bevorzugte Unterkunft und pr\u00fcfen Sie den Rabatt!\" \/>\n<meta name=\"robots\" content=\"index, follow, max-snippet:-1, max-image-preview:large, max-video-preview:-1\" \/>\n<link rel=\"canonical\" href=\"https:\/\/www.campingkings.com\/de\/promotions\/\" \/>\n<meta property=\"og:locale\" content=\"de_DE\" \/>\n<meta property=\"og:type\" content=\"article\" \/>\n<meta property=\"og:title\" content=\"Aktionen und Sonderangebote - Camping King&#039;s\" \/>\n<meta property=\"og:description\" content=\"Genie\u00dfen Sie Ihren Urlaub mit den besten Rabatten direkt von unserer Website. W\u00e4hlen Sie Ihre bevorzugte Unterkunft und pr\u00fcfen Sie den Rabatt!\" \/>\n<meta property=\"og:url\" content=\"https:\/\/www.campingkings.com\/de\/promotions\/\" \/>\n<meta property=\"og:site_name\" content=\"Camping King&#039;s\" \/>\n<meta property=\"article:publisher\" content=\"https:\/\/www.facebook.com\/kingslafosca\/\" \/>\n<meta property=\"article:modified_time\" content=\"2024-03-04T13:06:55+00:00\" \/>\n<meta name=\"twitter:card\" content=\"summary_large_image\" \/>\n<meta name=\"twitter:label1\" content=\"Gesch\u00e4tzte Lesezeit\" \/>\n\t<meta name=\"twitter:data1\" content=\"1\u00a0Minute\" \/>\n<script type=\"application\/ld+json\" class=\"yoast-schema-graph\">{\"@context\":\"https:\/\/schema.org\",\"@graph\":[{\"@type\":\"WebPage\",\"@id\":\"https:\/\/www.campingkings.com\/de\/promotions\/\",\"url\":\"https:\/\/www.campingkings.com\/de\/promotions\/\",\"name\":\"Aktionen und Sonderangebote - Camping King&#039;s\",\"isPartOf\":{\"@id\":\"https:\/\/www.campingkings.com\/de\/#website\"},\"datePublished\":\"2020-01-13T09:20:31+00:00\",\"dateModified\":\"2024-03-04T13:06:55+00:00\",\"description\":\"Genie\u00dfen Sie Ihren Urlaub mit den besten Rabatten direkt von unserer Website. W\u00e4hlen Sie Ihre bevorzugte Unterkunft und pr\u00fcfen Sie den Rabatt!\",\"breadcrumb\":{\"@id\":\"https:\/\/www.campingkings.com\/de\/promotions\/#breadcrumb\"},\"inLanguage\":\"de\",\"potentialAction\":[{\"@type\":\"ReadAction\",\"target\":[\"https:\/\/www.campingkings.com\/de\/promotions\/\"]}]},{\"@type\":\"BreadcrumbList\",\"@id\":\"https:\/\/www.campingkings.com\/de\/promotions\/#breadcrumb\",\"itemListElement\":[{\"@type\":\"ListItem\",\"position\":1,\"name\":\"Camping King's\",\"item\":\"https:\/\/www.campingkings.com\/de\/\"},{\"@type\":\"ListItem\",\"position\":2,\"name\":\"Aktionen und Sonderangebote\"}]},{\"@type\":\"WebSite\",\"@id\":\"https:\/\/www.campingkings.com\/de\/#website\",\"url\":\"https:\/\/www.campingkings.com\/de\/\",\"name\":\"Camping King&#039;s\",\"description\":\"Al cor de la Costa Brava, a Palam\u00f3s, a 200m. de la platja de La Fosca.\",\"publisher\":{\"@id\":\"https:\/\/www.campingkings.com\/de\/#organization\"},\"potentialAction\":[{\"@type\":\"SearchAction\",\"target\":{\"@type\":\"EntryPoint\",\"urlTemplate\":\"https:\/\/www.campingkings.com\/de\/?s={search_term_string}\"},\"query-input\":{\"@type\":\"PropertyValueSpecification\",\"valueRequired\":true,\"valueName\":\"search_term_string\"}}],\"inLanguage\":\"de\"},{\"@type\":\"Organization\",\"@id\":\"https:\/\/www.campingkings.com\/de\/#organization\",\"name\":\"Camping King's\",\"url\":\"https:\/\/www.campingkings.com\/de\/\",\"logo\":{\"@type\":\"ImageObject\",\"inLanguage\":\"de\",\"@id\":\"https:\/\/www.campingkings.com\/de\/#\/schema\/logo\/image\/\",\"url\":\"https:\/\/www.campingkings.com\/wp-content\/uploads\/logo-kings.svg\",\"contentUrl\":\"https:\/\/www.campingkings.com\/wp-content\/uploads\/logo-kings.svg\",\"width\":57,\"height\":28,\"caption\":\"Camping King's\"},\"image\":{\"@id\":\"https:\/\/www.campingkings.com\/de\/#\/schema\/logo\/image\/\"},\"sameAs\":[\"https:\/\/www.facebook.com\/kingslafosca\/\"]}]}<\/script>\n<!-- \/ Yoast SEO plugin. -->","yoast_head_json":{"title":"Aktionen und Sonderangebote - Camping King&#039;s","description":"Genie\u00dfen Sie Ihren Urlaub mit den besten Rabatten direkt von unserer Website. W\u00e4hlen Sie Ihre bevorzugte Unterkunft und pr\u00fcfen Sie den Rabatt!","robots":{"index":"index","follow":"follow","max-snippet":"max-snippet:-1","max-image-preview":"max-image-preview:large","max-video-preview":"max-video-preview:-1"},"canonical":"https:\/\/www.campingkings.com\/de\/promotions\/","og_locale":"de_DE","og_type":"article","og_title":"Aktionen und Sonderangebote - Camping King&#039;s","og_description":"Genie\u00dfen Sie Ihren Urlaub mit den besten Rabatten direkt von unserer Website. W\u00e4hlen Sie Ihre bevorzugte Unterkunft und pr\u00fcfen Sie den Rabatt!","og_url":"https:\/\/www.campingkings.com\/de\/promotions\/","og_site_name":"Camping King&#039;s","article_publisher":"https:\/\/www.facebook.com\/kingslafosca\/","article_modified_time":"2024-03-04T13:06:55+00:00","twitter_card":"summary_large_image","twitter_misc":{"Gesch\u00e4tzte Lesezeit":"1\u00a0Minute"},"schema":{"@context":"https:\/\/schema.org","@graph":[{"@type":"WebPage","@id":"https:\/\/www.campingkings.com\/de\/promotions\/","url":"https:\/\/www.campingkings.com\/de\/promotions\/","name":"Aktionen und Sonderangebote - Camping King&#039;s","isPartOf":{"@id":"https:\/\/www.campingkings.com\/de\/#website"},"datePublished":"2020-01-13T09:20:31+00:00","dateModified":"2024-03-04T13:06:55+00:00","description":"Genie\u00dfen Sie Ihren Urlaub mit den besten Rabatten direkt von unserer Website. W\u00e4hlen Sie Ihre bevorzugte Unterkunft und pr\u00fcfen Sie den Rabatt!","breadcrumb":{"@id":"https:\/\/www.campingkings.com\/de\/promotions\/#breadcrumb"},"inLanguage":"de","potentialAction":[{"@type":"ReadAction","target":["https:\/\/www.campingkings.com\/de\/promotions\/"]}]},{"@type":"BreadcrumbList","@id":"https:\/\/www.campingkings.com\/de\/promotions\/#breadcrumb","itemListElement":[{"@type":"ListItem","position":1,"name":"Camping King's","item":"https:\/\/www.campingkings.com\/de\/"},{"@type":"ListItem","position":2,"name":"Aktionen und Sonderangebote"}]},{"@type":"WebSite","@id":"https:\/\/www.campingkings.com\/de\/#website","url":"https:\/\/www.campingkings.com\/de\/","name":"Camping King&#039;s","description":"Al cor de la Costa Brava, a Palam\u00f3s, a 200m. de la platja de La Fosca.","publisher":{"@id":"https:\/\/www.campingkings.com\/de\/#organization"},"potentialAction":[{"@type":"SearchAction","target":{"@type":"EntryPoint","urlTemplate":"https:\/\/www.campingkings.com\/de\/?s={search_term_string}"},"query-input":{"@type":"PropertyValueSpecification","valueRequired":true,"valueName":"search_term_string"}}],"inLanguage":"de"},{"@type":"Organization","@id":"https:\/\/www.campingkings.com\/de\/#organization","name":"Camping King's","url":"https:\/\/www.campingkings.com\/de\/","logo":{"@type":"ImageObject","inLanguage":"de","@id":"https:\/\/www.campingkings.com\/de\/#\/schema\/logo\/image\/","url":"https:\/\/www.campingkings.com\/wp-content\/uploads\/logo-kings.svg","contentUrl":"https:\/\/www.campingkings.com\/wp-content\/uploads\/logo-kings.svg","width":57,"height":28,"caption":"Camping King's"},"image":{"@id":"https:\/\/www.campingkings.com\/de\/#\/schema\/logo\/image\/"},"sameAs":["https:\/\/www.facebook.com\/kingslafosca\/"]}]}},"_links":{"self":[{"href":"https:\/\/www.campingkings.com\/de\/wp-json\/wp\/v2\/pages\/24775","targetHints":{"allow":["GET"]}}],"collection":[{"href":"https:\/\/www.campingkings.com\/de\/wp-json\/wp\/v2\/pages"}],"about":[{"href":"https:\/\/www.campingkings.com\/de\/wp-json\/wp\/v2\/types\/page"}],"author":[{"embeddable":true,"href":"https:\/\/www.campingkings.com\/de\/wp-json\/wp\/v2\/users\/1"}],"replies":[{"embeddable":true,"href":"https:\/\/www.campingkings.com\/de\/wp-json\/wp\/v2\/comments?post=24775"}],"version-history":[{"count":12,"href":"https:\/\/www.campingkings.com\/de\/wp-json\/wp\/v2\/pages\/24775\/revisions"}],"predecessor-version":[{"id":39747,"href":"https:\/\/www.campingkings.com\/de\/wp-json\/wp\/v2\/pages\/24775\/revisions\/39747"}],"wp:attachment":[{"href":"https:\/\/www.campingkings.com\/de\/wp-json\/wp\/v2\/media?parent=24775"}],"curies":[{"name":"wp","href":"https:\/\/api.w.org\/{rel}","templated":true}]}}